{"id":1970,"date":"2024-08-13T09:11:44","date_gmt":"2024-08-13T07:11:44","guid":{"rendered":"https:\/\/dika.hr\/shop\/?page_id=1970"},"modified":"2024-09-18T12:05:50","modified_gmt":"2024-09-18T10:05:50","slug":"tisak-na-tekstilu","status":"publish","type":"page","link":"https:\/\/dika.hr\/shop\/tisak-na-tekstilu\/","title":{"rendered":"Tisak na tekstilu"},"content":{"rendered":"\t\t<div data-elementor-type=\"wp-page\" data-elementor-id=\"1970\" class=\"elementor elementor-1970\" data-elementor-post-type=\"page\">\n\t\t\t\t\t\t<section class=\"elementor-section elementor-top-section elementor-element elementor-element-5bb315a elementor-section-boxed elementor-section-height-default elementor-section-height-default\" data-id=\"5bb315a\" data-element_type=\"section\">\n\t\t\t\t\t\t<div class=\"elementor-container elementor-column-gap-default\">\n\t\t\t\t\t<div class=\"elementor-column elementor-col-100 elementor-top-column elementor-element elementor-element-b59ec29\" data-id=\"b59ec29\" data-element_type=\"column\">\n\t\t\t<div class=\"elementor-widget-wrap elementor-element-populated\">\n\t\t\t\t\t\t<div class=\"elementor-element elementor-element-c9d9844 elementor-widget elementor-widget-heading\" data-id=\"c9d9844\" data-element_type=\"widget\" data-widget_type=\"heading.default\">\n\t\t\t\t<div class=\"elementor-widget-container\">\n\t\t\t\t\t<span class=\"elementor-heading-title elementor-size-default\">USLUGE TISKA I VEZA<\/span>\t\t\t\t<\/div>\n\t\t\t\t<\/div>\n\t\t\t\t<div class=\"elementor-element elementor-element-3406989 elementor-widget-divider--view-line elementor-widget elementor-widget-divider\" data-id=\"3406989\" data-element_type=\"widget\" data-widget_type=\"divider.default\">\n\t\t\t\t<div class=\"elementor-widget-container\">\n\t\t\t\t\t\t\t<div class=\"elementor-divider\">\n\t\t\t<span class=\"elementor-divider-separator\">\n\t\t\t\t\t\t<\/span>\n\t\t<\/div>\n\t\t\t\t\t\t<\/div>\n\t\t\t\t<\/div>\n\t\t\t\t<div class=\"elementor-element elementor-element-de49ba4 elementor-widget elementor-widget-text-editor\" data-id=\"de49ba4\" data-element_type=\"widget\" data-widget_type=\"text-editor.default\">\n\t\t\t\t<div class=\"elementor-widget-container\">\n\t\t\t\t\t\t\t\t\t<p>Mo\u017eemo otisnuti ili izvesti dizajn na bilo koji tekstil koji kupite od nas. Koristimo razli\u010dite metode, od kojih svaka ima svoje prednosti i ograni\u010denja. Najbolji na\u010din ovisi o mnogim \u010dimbenicima kao \u0161to su koli\u010dina proizvoda, broj boja u motivu, va\u0161 prora\u010dun i materijal proizvoda.<\/p><p>Koristimo moderne strojeve i imamo iskusne tiskare koji mogu ispisati visokokvalitetne dizajne s mnogo boja.<\/p><p>Ako trebate pomo\u0107 u odabiru najbolje metode, po\u0161aljite nam svoj dizajn na\u00a0<strong><a href=\"mailto:prodaja@malfini.com\">prodaja@malfini.com<\/a>\u00a0ili nas nazovite na 0800 806239<\/strong>\u00a0i mi \u0107emo vam odgovoriti u najkra\u0107em mogu\u0107em roku.<\/p>\t\t\t\t\t\t\t\t<\/div>\n\t\t\t\t<\/div>\n\t\t\t\t<div class=\"elementor-element elementor-element-d992fe3 elementor-widget elementor-widget-heading\" data-id=\"d992fe3\" data-element_type=\"widget\" data-widget_type=\"heading.default\">\n\t\t\t\t<div class=\"elementor-widget-container\">\n\t\t\t\t\t<span class=\"elementor-heading-title elementor-size-default\">ZANIMA VAS TISAK ILI VEZ?<\/span>\t\t\t\t<\/div>\n\t\t\t\t<\/div>\n\t\t\t\t<div class=\"elementor-element elementor-element-673857e elementor-widget elementor-widget-text-editor\" data-id=\"673857e\" data-element_type=\"widget\" data-widget_type=\"text-editor.default\">\n\t\t\t\t<div class=\"elementor-widget-container\">\n\t\t\t\t\t\t\t\t\t<p>&#8211;\u00a0\u00a0 \u00a0Po\u0161aljite nam svoj dizajn s visokokvalitetnom grafikom i poslat \u0107emo vam mockup u roku\u00a0<strong>od 48 sati od va\u0161e narud\u017ebe.\u00a0<\/strong>Za odre\u0111ena vremena isporuke obratite se odjelu prodaje.<br \/>&#8211;\u00a0\u00a0 \u00a0<strong>Tiskamo od samo 1 komada ovisno o najprikladnijoj metodi.<\/strong><br \/>&#8211;\u00a0\u00a0 \u00a0Mo\u017eemo osigurati tisak u vi\u0161e boja.<br \/>&#8211;\u00a0 \u00a0\u00a0<strong>Nudimo tisak sa specijalnim efektima kao \u0161to su 3D, puff, svjetle\u0107e i neonske boje, lak, glitter i dr.<\/strong><\/p>\t\t\t\t\t\t\t\t<\/div>\n\t\t\t\t<\/div>\n\t\t\t\t\t<\/div>\n\t\t<\/div>\n\t\t\t\t\t<\/div>\n\t\t<\/section>\n\t\t\t\t<\/div>\n\t\t","protected":false},"excerpt":{"rendered":"<p>USLUGE TISKA I VEZA Mo\u017eemo otisnuti ili izvesti dizajn na bilo koji tekstil koji kupite od nas. Koristimo razli\u010dite metode, od kojih svaka ima svoje prednosti i ograni\u010denja. Najbolji na\u010din ovisi o mnogim \u010dimbenicima kao \u0161to su koli\u010dina proizvoda, broj boja u motivu, va\u0161 prora\u010dun i materijal proizvoda. Koristimo moderne strojeve i imamo iskusne tiskare [&hellip;]<\/p>\n","protected":false},"author":1,"featured_media":0,"parent":0,"menu_order":0,"comment_status":"closed","ping_status":"closed","template":"","meta":{"_acf_changed":false,"inline_featured_image":false,"footnotes":""},"class_list":["post-1970","page","type-page","status-publish","hentry"],"acf":[],"yoast_head":"<!-- This site is optimized with the Yoast SEO plugin v27.3 - https:\/\/yoast.com\/product\/yoast-seo-wordpress\/ -->\n<title>Tisak na tekstilu - Dika \u0160tik<\/title>\n<meta name=\"robots\" content=\"index, follow, max-snippet:-1, max-image-preview:large, max-video-preview:-1\" \/>\n<link rel=\"canonical\" href=\"https:\/\/dika.hr\/shop\/tisak-na-tekstilu\/\" \/>\n<meta property=\"og:locale\" content=\"hr_HR\" \/>\n<meta property=\"og:type\" content=\"article\" \/>\n<meta property=\"og:title\" content=\"Tisak na tekstilu - Dika \u0160tik\" \/>\n<meta property=\"og:description\" content=\"USLUGE TISKA I VEZA Mo\u017eemo otisnuti ili izvesti dizajn na bilo koji tekstil koji kupite od nas. Koristimo razli\u010dite metode, od kojih svaka ima svoje prednosti i ograni\u010denja. Najbolji na\u010din ovisi o mnogim \u010dimbenicima kao \u0161to su koli\u010dina proizvoda, broj boja u motivu, va\u0161 prora\u010dun i materijal proizvoda. Koristimo moderne strojeve i imamo iskusne tiskare [&hellip;]\" \/>\n<meta property=\"og:url\" content=\"https:\/\/dika.hr\/shop\/tisak-na-tekstilu\/\" \/>\n<meta property=\"og:site_name\" content=\"Dika \u0160tik\" \/>\n<meta property=\"article:publisher\" content=\"https:\/\/www.facebook.com\/dikastik.hr\/\" \/>\n<meta property=\"article:modified_time\" content=\"2024-09-18T10:05:50+00:00\" \/>\n<meta name=\"twitter:card\" content=\"summary_large_image\" \/>\n<meta name=\"twitter:label1\" content=\"Procijenjeno vrijeme \u010ditanja\" \/>\n\t<meta name=\"twitter:data1\" content=\"1 minuta\" \/>\n<script type=\"application\/ld+json\" class=\"yoast-schema-graph\">{\"@context\":\"https:\\\/\\\/schema.org\",\"@graph\":[{\"@type\":\"WebPage\",\"@id\":\"https:\\\/\\\/dika.hr\\\/shop\\\/tisak-na-tekstilu\\\/\",\"url\":\"https:\\\/\\\/dika.hr\\\/shop\\\/tisak-na-tekstilu\\\/\",\"name\":\"Tisak na tekstilu - Dika \u0160tik\",\"isPartOf\":{\"@id\":\"https:\\\/\\\/dika.hr\\\/shop\\\/#website\"},\"datePublished\":\"2024-08-13T07:11:44+00:00\",\"dateModified\":\"2024-09-18T10:05:50+00:00\",\"breadcrumb\":{\"@id\":\"https:\\\/\\\/dika.hr\\\/shop\\\/tisak-na-tekstilu\\\/#breadcrumb\"},\"inLanguage\":\"hr\",\"potentialAction\":[{\"@type\":\"ReadAction\",\"target\":[\"https:\\\/\\\/dika.hr\\\/shop\\\/tisak-na-tekstilu\\\/\"]}]},{\"@type\":\"BreadcrumbList\",\"@id\":\"https:\\\/\\\/dika.hr\\\/shop\\\/tisak-na-tekstilu\\\/#breadcrumb\",\"itemListElement\":[{\"@type\":\"ListItem\",\"position\":1,\"name\":\"Po\u010detna stranica\",\"item\":\"https:\\\/\\\/dika.hr\\\/shop\\\/\"},{\"@type\":\"ListItem\",\"position\":2,\"name\":\"Tisak na tekstilu\"}]},{\"@type\":\"WebSite\",\"@id\":\"https:\\\/\\\/dika.hr\\\/shop\\\/#website\",\"url\":\"https:\\\/\\\/dika.hr\\\/shop\\\/\",\"name\":\"Dika \u0160tik\",\"description\":\"\",\"publisher\":{\"@id\":\"https:\\\/\\\/dika.hr\\\/shop\\\/#organization\"},\"potentialAction\":[{\"@type\":\"SearchAction\",\"target\":{\"@type\":\"EntryPoint\",\"urlTemplate\":\"https:\\\/\\\/dika.hr\\\/shop\\\/?s={search_term_string}\"},\"query-input\":{\"@type\":\"PropertyValueSpecification\",\"valueRequired\":true,\"valueName\":\"search_term_string\"}}],\"inLanguage\":\"hr\"},{\"@type\":\"Organization\",\"@id\":\"https:\\\/\\\/dika.hr\\\/shop\\\/#organization\",\"name\":\"Dika \u0160tik\",\"url\":\"https:\\\/\\\/dika.hr\\\/shop\\\/\",\"logo\":{\"@type\":\"ImageObject\",\"inLanguage\":\"hr\",\"@id\":\"https:\\\/\\\/dika.hr\\\/shop\\\/#\\\/schema\\\/logo\\\/image\\\/\",\"url\":\"https:\\\/\\\/dika.hr\\\/shop\\\/wp-content\\\/uploads\\\/2024\\\/09\\\/dika_shop_logo-2.png\",\"contentUrl\":\"https:\\\/\\\/dika.hr\\\/shop\\\/wp-content\\\/uploads\\\/2024\\\/09\\\/dika_shop_logo-2.png\",\"width\":400,\"height\":109,\"caption\":\"Dika \u0160tik\"},\"image\":{\"@id\":\"https:\\\/\\\/dika.hr\\\/shop\\\/#\\\/schema\\\/logo\\\/image\\\/\"},\"sameAs\":[\"https:\\\/\\\/www.facebook.com\\\/dikastik.hr\\\/\"]}]}<\/script>\n<!-- \/ Yoast SEO plugin. -->","yoast_head_json":{"title":"Tisak na tekstilu - Dika \u0160tik","robots":{"index":"index","follow":"follow","max-snippet":"max-snippet:-1","max-image-preview":"max-image-preview:large","max-video-preview":"max-video-preview:-1"},"canonical":"https:\/\/dika.hr\/shop\/tisak-na-tekstilu\/","og_locale":"hr_HR","og_type":"article","og_title":"Tisak na tekstilu - Dika \u0160tik","og_description":"USLUGE TISKA I VEZA Mo\u017eemo otisnuti ili izvesti dizajn na bilo koji tekstil koji kupite od nas. Koristimo razli\u010dite metode, od kojih svaka ima svoje prednosti i ograni\u010denja. Najbolji na\u010din ovisi o mnogim \u010dimbenicima kao \u0161to su koli\u010dina proizvoda, broj boja u motivu, va\u0161 prora\u010dun i materijal proizvoda. Koristimo moderne strojeve i imamo iskusne tiskare [&hellip;]","og_url":"https:\/\/dika.hr\/shop\/tisak-na-tekstilu\/","og_site_name":"Dika \u0160tik","article_publisher":"https:\/\/www.facebook.com\/dikastik.hr\/","article_modified_time":"2024-09-18T10:05:50+00:00","twitter_card":"summary_large_image","twitter_misc":{"Procijenjeno vrijeme \u010ditanja":"1 minuta"},"schema":{"@context":"https:\/\/schema.org","@graph":[{"@type":"WebPage","@id":"https:\/\/dika.hr\/shop\/tisak-na-tekstilu\/","url":"https:\/\/dika.hr\/shop\/tisak-na-tekstilu\/","name":"Tisak na tekstilu - Dika \u0160tik","isPartOf":{"@id":"https:\/\/dika.hr\/shop\/#website"},"datePublished":"2024-08-13T07:11:44+00:00","dateModified":"2024-09-18T10:05:50+00:00","breadcrumb":{"@id":"https:\/\/dika.hr\/shop\/tisak-na-tekstilu\/#breadcrumb"},"inLanguage":"hr","potentialAction":[{"@type":"ReadAction","target":["https:\/\/dika.hr\/shop\/tisak-na-tekstilu\/"]}]},{"@type":"BreadcrumbList","@id":"https:\/\/dika.hr\/shop\/tisak-na-tekstilu\/#breadcrumb","itemListElement":[{"@type":"ListItem","position":1,"name":"Po\u010detna stranica","item":"https:\/\/dika.hr\/shop\/"},{"@type":"ListItem","position":2,"name":"Tisak na tekstilu"}]},{"@type":"WebSite","@id":"https:\/\/dika.hr\/shop\/#website","url":"https:\/\/dika.hr\/shop\/","name":"Dika \u0160tik","description":"","publisher":{"@id":"https:\/\/dika.hr\/shop\/#organization"},"potentialAction":[{"@type":"SearchAction","target":{"@type":"EntryPoint","urlTemplate":"https:\/\/dika.hr\/shop\/?s={search_term_string}"},"query-input":{"@type":"PropertyValueSpecification","valueRequired":true,"valueName":"search_term_string"}}],"inLanguage":"hr"},{"@type":"Organization","@id":"https:\/\/dika.hr\/shop\/#organization","name":"Dika \u0160tik","url":"https:\/\/dika.hr\/shop\/","logo":{"@type":"ImageObject","inLanguage":"hr","@id":"https:\/\/dika.hr\/shop\/#\/schema\/logo\/image\/","url":"https:\/\/dika.hr\/shop\/wp-content\/uploads\/2024\/09\/dika_shop_logo-2.png","contentUrl":"https:\/\/dika.hr\/shop\/wp-content\/uploads\/2024\/09\/dika_shop_logo-2.png","width":400,"height":109,"caption":"Dika \u0160tik"},"image":{"@id":"https:\/\/dika.hr\/shop\/#\/schema\/logo\/image\/"},"sameAs":["https:\/\/www.facebook.com\/dikastik.hr\/"]}]}},"_links":{"self":[{"href":"https:\/\/dika.hr\/shop\/wp-json\/wp\/v2\/pages\/1970","targetHints":{"allow":["GET"]}}],"collection":[{"href":"https:\/\/dika.hr\/shop\/wp-json\/wp\/v2\/pages"}],"about":[{"href":"https:\/\/dika.hr\/shop\/wp-json\/wp\/v2\/types\/page"}],"author":[{"embeddable":true,"href":"https:\/\/dika.hr\/shop\/wp-json\/wp\/v2\/users\/1"}],"replies":[{"embeddable":true,"href":"https:\/\/dika.hr\/shop\/wp-json\/wp\/v2\/comments?post=1970"}],"version-history":[{"count":10,"href":"https:\/\/dika.hr\/shop\/wp-json\/wp\/v2\/pages\/1970\/revisions"}],"predecessor-version":[{"id":2223,"href":"https:\/\/dika.hr\/shop\/wp-json\/wp\/v2\/pages\/1970\/revisions\/2223"}],"wp:attachment":[{"href":"https:\/\/dika.hr\/shop\/wp-json\/wp\/v2\/media?parent=1970"}],"curies":[{"name":"wp","href":"https:\/\/api.w.org\/{rel}","templated":true}]}}