{"id":2177,"date":"2024-09-18T10:08:46","date_gmt":"2024-09-18T08:08:46","guid":{"rendered":"https:\/\/dika.hr\/shop\/?page_id=2177"},"modified":"2026-04-24T13:58:16","modified_gmt":"2026-04-24T11:58:16","slug":"uvjeti-kupnje","status":"publish","type":"page","link":"https:\/\/dika.hr\/shop\/uvjeti-kupnje\/","title":{"rendered":"Uvjeti kupnje"},"content":{"rendered":"\t\t<div data-elementor-type=\"wp-page\" data-elementor-id=\"2177\" class=\"elementor elementor-2177\" data-elementor-post-type=\"page\">\n\t\t\t\t\t\t<section class=\"elementor-section elementor-top-section elementor-element elementor-element-540ed1f elementor-section-boxed elementor-section-height-default elementor-section-height-default\" data-id=\"540ed1f\" data-element_type=\"section\">\n\t\t\t\t\t\t<div class=\"elementor-container elementor-column-gap-default\">\n\t\t\t\t\t<div class=\"elementor-column elementor-col-100 elementor-top-column elementor-element elementor-element-908b6d6\" data-id=\"908b6d6\" data-element_type=\"column\">\n\t\t\t<div class=\"elementor-widget-wrap elementor-element-populated\">\n\t\t\t\t\t\t<div class=\"elementor-element elementor-element-efdfb8d elementor-widget elementor-widget-heading\" data-id=\"efdfb8d\" data-element_type=\"widget\" data-widget_type=\"heading.default\">\n\t\t\t\t<div class=\"elementor-widget-container\">\n\t\t\t\t\t<span class=\"elementor-heading-title elementor-size-default\">UVJETI KUPNJE<\/span>\t\t\t\t<\/div>\n\t\t\t\t<\/div>\n\t\t\t\t<div class=\"elementor-element elementor-element-3ffa51a elementor-widget-divider--view-line elementor-widget elementor-widget-divider\" data-id=\"3ffa51a\" data-element_type=\"widget\" data-widget_type=\"divider.default\">\n\t\t\t\t<div class=\"elementor-widget-container\">\n\t\t\t\t\t\t\t<div class=\"elementor-divider\">\n\t\t\t<span class=\"elementor-divider-separator\">\n\t\t\t\t\t\t<\/span>\n\t\t<\/div>\n\t\t\t\t\t\t<\/div>\n\t\t\t\t<\/div>\n\t\t\t\t<div class=\"elementor-element elementor-element-7b09729 elementor-widget elementor-widget-text-editor\" data-id=\"7b09729\" data-element_type=\"widget\" data-widget_type=\"text-editor.default\">\n\t\t\t\t<div class=\"elementor-widget-container\">\n\t\t\t\t\t\t\t\t\t<p><strong>Osnovni pojmovi<\/strong><\/p>\n<p>Sukladno uvjetima kupnje, kupac mo\u017ee biti svaka fizi\u010dka ili pravna osoba koja naru\u010di najmanje jedan proizvod, unese tra\u017eene podatke i plati naru\u010deni proizvod putem internet stranice&nbsp; www.dika.hr, vlasni\u0161tvo tvrtke&nbsp; Dika \u0160tik d.o.o.&nbsp; (u daljnjem tekstu&nbsp; Dika \u0160tik d.o.o. ). Primateljem se smatra osoba kojoj se proizvod isporu\u010duje, neovisno o kupcu.<\/p>\n<p>Ako su u podacima o kupcu uneseni podaci o pravnoj osobi, kupcem se smatra pravna osoba, a fizi\u010dka osoba \u010diji su podaci uneseni smatra se ovla\u0161tenom osobom kupca \u2013 pravne osobe.<\/p>\n<p>Kupac je odgovoran za to\u010dnost svih upisanih podataka.<\/p>\n<p>Isporu\u010ditelj naru\u010denih proizvoda je&nbsp;Dika \u0160tik d.o.o., Brodec 6, Vrati\u0161inec, 40315 Mursko Sredi\u0161\u0107e, OIB:75029319052 POSLOVNA SPOSOBNOST<br>Prihva\u0107anjem Uvjeta prodaje kupac mora biti punoljetna i poslovno sposobna osoba. Kupac je odgovoran za to\u010dnost i potpunost podataka upisanih prilikom registracije.<\/p>\n<p><strong>Cijene proizvoda<\/strong><\/p>\n<p>Sukladno Zakonu o za\u0161titi potro\u0161a\u010da&nbsp;Dika \u0160tik d.o.o. se obvezuje jasno, vidljivo i \u010ditljivo istaknuti iznos maloprodajne cijene.<br>Sve cijene navedene u web-trgovini izra\u017eene su u eurima s PDV- om&nbsp; ( Dika \u0160tik d.o.o. je u sustavu PDV-a).<br>Izra\u017eene cijene ne uklju\u010duju tro\u0161ak dostave, koji se posebno zara\u010dunava (pojedinosti su iskazane u web-trgovini).<\/p>\n<p><strong>Narud\u017eba i sklapanje ugovora<\/strong><\/p>\n<p>U web-trgovini&nbsp;Dika\u0160tik mo\u017eete kupovati kao gost. Proizvodi se naru\u010duju popunjavanjem elektroni\u010dkog obrasca. Proizvodi se smatraju naru\u010denim kada kupac zavr\u0161i postupak narud\u017ebe. Pla\u0107anje proizvoda mogu\u0107e je pouze\u0107em. Narud\u017eba \u0107e se smatrati zaprimljenom:<br>Prilikom pla\u0107anja pouze\u0107em \u2013 nakon \u0161to&nbsp; www.dika.hr&nbsp; elektroni\u010dkim putem zaprimi narud\u017ebu.<br>U trenutku zaprimanja narud\u017ebe&nbsp; Dika \u0160tik d.o.o. \u0107e e-mailom obavijestiti kupca o primitku narud\u017ebe.<br>Po isteku 3 radna dana od primitka narud\u017ebe, Dika \u0160tik d.o.o. ne garantira dostupnost proizvoda.<\/p>\n<p><strong>Dostava proizvoda<\/strong><\/p>\n<p>Proizvodi se \u0161alju putem dostavne slu\u017ebe HP Expres. Paketi se dostavljaju isklju\u010divo radnim danom, od ponedjeljka do petka, na navedenu adresu dostave.<\/p>\n<p><strong>Dostava u Hrvatskoj<\/strong><\/p>\n<p>Sve narud\u017ebe zaprimljene radnim danom do 12 sati bit \u0107e poslane na isporuku u roku dva radna dana, a dostavljene u roku do 15 radnih dana. Narud\u017ebe se isporu\u010duju radnim danom u vremenu izme\u0111u 8 i 20 sati. Dostava na otoke odvija se prema rasporedu dostavne slu\u017ebe.<br>Tro\u0161ak dostave pla\u0107a kupac, a u cijenu je uklju\u010deno pakiranje proizvoda.<\/p>\n<p>Dostava za Hrvatsku iznosi&nbsp;<bdi>5.00\u20ac<\/bdi>.<br>Za narud\u017ebe vrijednosti iznad 75\u20ac dostava je besplatna.<\/p>\n<p>Roba se \u0161alje iz na\u0161e poslovnice na adresi Brodec 6, Vrati\u0161inec 40316.<\/p>\n<p>Dika \u0160tik d.o.o. je obvezan isporu\u010diti naru\u010deni proizvod u roku od 15 dana od dana sklapanja ugovora.<br>Osobno preuzimanje proizvoda nije mogu\u0107e.&nbsp;Dika \u0160tik d.o.o. proizvode isporu\u010duje isklju\u010divo putem dostavne slu\u017ebe.<\/p>\n<p><strong>Neispravne po\u0161iljke, materijalni nedostaci proizvoda<\/strong><\/p>\n<p>Dika \u0160tik d.o.o. odgovoran je za materijalne nedostatke proizvoda koje prodaje putem web-trgovine, u skladu s pozitivnim zakonima Republike Hrvatske, posebno sa Zakonom o obveznim odnosima.<\/p>\n<p>Naru\u010deni proizvodi pakiraju se i sla\u017eu na na\u010din da se redovitim rukovanjem u dostavi ne o\u0161tete. U slu\u010daju po\u0161iljke vidljivo o\u0161te\u0107ene u transportu, kupcima se savjetuje da istu ne preuzimaju. Mole se kupci da kontaktiraju&nbsp; Dika \u0160tik d.o.o. radi prevladavanja mogu\u0107ih te\u0161ko\u0107a.<\/p>\n<p>Kupac je slobodan odbiti primitak proizvoda o\u0161te\u0107enog u transportu i ne\u0107e biti tere\u0107en za tro\u0161kove dostave.<\/p>\n<p>Kupac je du\u017ean provjeriti ispravnost narud\u017ebe, uspore\u0111uju\u0107i primljene proizvode s ra\u010dunom. Ukoliko ne\u0161to nedostaje obvezan je u roku osam dana uputiti pisani prigovor Dika \u0160tik d.o.o.-u. Naknadne reklamacije ne\u0107e se uva\u017eiti.<\/p>\n<p>Potpisom potvrde o primitku po\u0161iljke kupac potvr\u0111uje da nema prigovora na dostavljene proizvode.<br>Odbijanjem primitka neispravne po\u0161iljke, dostavna slu\u017eba \u0107e po\u0161iljku vratiti&nbsp; Dika \u0160tik d.o.o.- u . U slu\u010daju skrivenog nedostatka proizvoda, a \u0161to kupac mo\u017ee utvrditi tek uvidom u proizvod, omogu\u0107uje mu se&nbsp;<a href=\"\/wp-content\/uploads\/2024\/11\/OBRAZAC-ZA-JEDNOSTRANI-RASKID-UGOVORA-DIKA.odt\" target=\"_blank\" rel=\"noopener\">raskid<\/a>&nbsp;ugovora i povrat novca, zamjena proizvoda ili umanjenje cijene.<\/p>\n<p><strong>Reklamacije i povrat proizvoda<\/strong><\/p>\n<p>Kupac ima pravo prigovora i povrata po\u0161iljke:<\/p>\n<ul>\n<li>ukoliko je zaprimio po\u0161iljku koja ne odgovara narud\u017ebi<\/li>\n<li>ukoliko postoji materijalni nedostatak<\/li>\n<\/ul>\n<p>Prigovori se \u0161alju: e-mailom na&nbsp;&nbsp;<a href=\"mailto:shop@dika.hr\">shop@dika.hr<\/a>, ili pismeno na adresu&nbsp;Dika \u0160tik&nbsp; d.o.o.,&nbsp; Brodec 6, Vrati\u0161inec, 40315 Mursko Sredi\u0161\u0107e.&nbsp; Dika \u0160tik d.o.o.&nbsp;\u0107e pismeno potvrditi primitak prigovora i odgovoriti u najkra\u0107em roku, a najkasnije u roku 15 dana od zaprimanja prigovora (sukladno Zakonu o za\u0161titi potro\u0161a\u010da).<\/p>\n<p>U slu\u010daju opravdanog prigovora, kupac ima pravo na raskid ugovora, povrat pla\u0107enog iznosa ili na zamjenu proizvoda. U slu\u010daju opravdane zamjene proizvoda, Dika \u0160tik d.o.o. snosi tro\u0161kove povrata po\u0161iljke kao i tro\u0161ak nove po\u0161iljke.<\/p>\n<p>Dika \u0160tik d.o.o. \u0107e prihvatiti povrat svih gore navedenih proizvoda o svom tro\u0161ku, ukoliko se utvrdi da je prigovor opravdan i da u kupca ne postoji nikakva odgovornost.<\/p>\n<p>Obrazac za reklamacije mo\u017eete preuzeti na ovom <a href=\"\/wp-content\/uploads\/2024\/11\/OBRAZAC-ZA-REKLAMACIJU-DIKA.odt\" target=\"_blank\" rel=\"noopener\">linku<\/a>.<\/p>\n<p><strong>Pravo na jednostrani raskid ugovora<\/strong><\/p>\n<p>Obrazac za jednostrani raskid ugovora mo\u017eete preuzeti na ovom&nbsp;<a href=\"\/wp-content\/uploads\/2024\/11\/OBRAZAC-ZA-JEDNOSTRANI-RASKID-UGOVORA-DIKA.odt\" target=\"_blank\" rel=\"noopener\">linku<\/a>.<\/p>\n<p>Sukladno Zakonu o za\u0161titi potro\u0161a\u010da, kupac ima pravo na jednostrani raskid ugovora bez navo\u0111enja razloga, u roku 14 dana od dana primitka narud\u017ebe.<\/p>\n<p>Kako bi ostvario pravo na jednostrani raskid ugovora, kupac je o tome du\u017ean obavijestiti&nbsp; Dika \u0160tik d.o.o. i to nedvosmislenom izjavom poslanom po\u0161tom ili e-mailom, u kojoj \u0107e navesti svoje ime i prezime, adresu stanovanja, broj telefona i e-mail adresu.<br>Dika \u0160tik d.o.o. \u0107e potvrditi primitak obavijesti o jednostranom raskidu.<\/p>\n<p>Rok za jednostrani raskid ugovora od 14 dana po\u010dinje te\u0107i od dana kada je kupcu predana u posjed roba koja \u010dini predmet ugovora ili osobi odre\u0111enoj od strane kupca, a koja nije prijevoznik.<br>Ukoliko kupac jednostrano raskine ovaj ugovor,&nbsp;Dika \u0160tik d.o.o. se obvezuje izvr\u0161iti povrat primljenog novca, zajedno s tro\u0161kovima isporuke, bez odga\u0111anja, a najkasnije u roku 14 dana od dana povrata robe ili nakon dostavljenog dokaza da je roba poslana.<\/p>\n<p>Povrat novca vr\u0161i&nbsp;uplatom na teku\u0107i ra\u010dun kupca. Kupac je du\u017ean robu poslati bez odga\u0111anja, najkasnije u roku od 14 dana od dana kada je uputio svoju odluku o jednostranom raskidu.<br>Tro\u0161kove povrata robe snosi kupac.<\/p>\n<p>Kupac je odgovoran za svako umanjenje vrijednosti robe koje je nastalo kao rezultat rukovanja robom, osim onog koje je bilo potrebno za utvr\u0111ivanje prirode, obilje\u017eja i funkcionalnosti robe.<\/p>\n<h3 style=\"margin: 0px; padding: 25px 0px 15px; border: 0px; outline: none; -webkit-tap-highlight-color: transparent; -webkit-font-smoothing: antialiased; font-size: 36px; line-height: 42px; color: #000000; font-family: apercu, Arial, Helvetica, sans-serif; letter-spacing: -0.2px;\"><span style=\"margin: 0px; padding: 0px; border: 0px; outline: none; -webkit-tap-highlight-color: transparent; -webkit-font-smoothing: antialiased; font-weight: 800;\">Online rje\u0161avanje sporova<\/span><\/h3>\n<p style=\"margin: 0px; padding: 0px 0px 10px; border: 0px; outline: none; -webkit-tap-highlight-color: transparent; -webkit-font-smoothing: antialiased; color: #3c3c3c; font-family: apercu, Arial, Helvetica, sans-serif; font-size: 17px; letter-spacing: -0.2px;\">Komisija Europske unije uvela je pravila o digitalnim ugovorima radi pojednostavnjenja i promicanja pristupa digitalnom sadr\u017eaju i internetskoj prodaji diljem EU-a, a novom internetskom platformom sada se ja\u010da povjerenje u kupnju putem interneta te tako daje va\u017ean doprinos strategiji jedinstvenog digitalnog tr\u017ei\u0161ta EU-a.<br style=\"margin: 0px; padding: 0px; border: 0px; outline: none; -webkit-tap-highlight-color: transparent; -webkit-font-smoothing: antialiased;\">Platformi za rje\u0161avanje sporova putem Interneta Kupac mo\u017ee pristupiti klikom na&nbsp;<a style=\"margin: 0px; padding: 0px; border: 0px; outline: none; -webkit-tap-highlight-color: transparent; -webkit-font-smoothing: antialiased; color: #d0021b; text-decoration: underline; transition: color 0.3s; backface-visibility: hidden; position: relative;\" href=\"https:\/\/webgate.ec.europa.eu\/odr\/main\/index.cfm?event=main.home.chooseLanguage\" target=\"_blank\" rel=\"noopener\">ovaj link<\/a>.&nbsp;<\/p>\n<p><strong>Zavr\u0161ne odredbe<\/strong><\/p>\n<p>Ovi Uvjeti kupnje zajedno s Uvjetima kori\u0161tenja \u010dine sastavni dio ugovora o kupoprodaji izme\u0111u poduze\u0107a&nbsp; Dika \u0160tik d.o.o. i kupca.<\/p>\t\t\t\t\t\t\t\t<\/div>\n\t\t\t\t<\/div>\n\t\t\t\t\t<\/div>\n\t\t<\/div>\n\t\t\t\t\t<\/div>\n\t\t<\/section>\n\t\t\t\t<\/div>\n\t\t","protected":false},"excerpt":{"rendered":"<p>UVJETI KUPNJE Osnovni pojmovi Sukladno uvjetima kupnje, kupac mo\u017ee biti svaka fizi\u010dka ili pravna osoba koja naru\u010di najmanje jedan proizvod, unese tra\u017eene podatke i plati naru\u010deni proizvod putem internet stranice&nbsp; www.dika.hr, vlasni\u0161tvo tvrtke&nbsp; Dika \u0160tik d.o.o.&nbsp; (u daljnjem tekstu&nbsp; Dika \u0160tik d.o.o. ). Primateljem se smatra osoba kojoj se proizvod isporu\u010duje, neovisno o kupcu. Ako [&hellip;]<\/p>\n","protected":false},"author":1,"featured_media":0,"parent":0,"menu_order":0,"comment_status":"closed","ping_status":"closed","template":"elementor_header_footer","meta":{"_acf_changed":false,"inline_featured_image":false,"footnotes":""},"class_list":["post-2177","page","type-page","status-publish","hentry"],"acf":[],"yoast_head":"<!-- This site is optimized with the Yoast SEO plugin v27.3 - https:\/\/yoast.com\/product\/yoast-seo-wordpress\/ -->\n<title>Uvjeti kupnje - Dika \u0160tik<\/title>\n<meta name=\"robots\" content=\"index, follow, max-snippet:-1, max-image-preview:large, max-video-preview:-1\" \/>\n<link rel=\"canonical\" href=\"https:\/\/dika.hr\/shop\/uvjeti-kupnje\/\" \/>\n<meta property=\"og:locale\" content=\"hr_HR\" \/>\n<meta property=\"og:type\" content=\"article\" \/>\n<meta property=\"og:title\" content=\"Uvjeti kupnje - Dika \u0160tik\" \/>\n<meta property=\"og:description\" content=\"UVJETI KUPNJE Osnovni pojmovi Sukladno uvjetima kupnje, kupac mo\u017ee biti svaka fizi\u010dka ili pravna osoba koja naru\u010di najmanje jedan proizvod, unese tra\u017eene podatke i plati naru\u010deni proizvod putem internet stranice&nbsp; www.dika.hr, vlasni\u0161tvo tvrtke&nbsp; Dika \u0160tik d.o.o.&nbsp; (u daljnjem tekstu&nbsp; Dika \u0160tik d.o.o. ). Primateljem se smatra osoba kojoj se proizvod isporu\u010duje, neovisno o kupcu. Ako [&hellip;]\" \/>\n<meta property=\"og:url\" content=\"https:\/\/dika.hr\/shop\/uvjeti-kupnje\/\" \/>\n<meta property=\"og:site_name\" content=\"Dika \u0160tik\" \/>\n<meta property=\"article:publisher\" content=\"https:\/\/www.facebook.com\/dikastik.hr\/\" \/>\n<meta property=\"article:modified_time\" content=\"2026-04-24T11:58:16+00:00\" \/>\n<meta name=\"twitter:card\" content=\"summary_large_image\" \/>\n<meta name=\"twitter:label1\" content=\"Procijenjeno vrijeme \u010ditanja\" \/>\n\t<meta name=\"twitter:data1\" content=\"6 minuta\" \/>\n<script type=\"application\/ld+json\" class=\"yoast-schema-graph\">{\"@context\":\"https:\\\/\\\/schema.org\",\"@graph\":[{\"@type\":\"WebPage\",\"@id\":\"https:\\\/\\\/dika.hr\\\/shop\\\/uvjeti-kupnje\\\/\",\"url\":\"https:\\\/\\\/dika.hr\\\/shop\\\/uvjeti-kupnje\\\/\",\"name\":\"Uvjeti kupnje - Dika \u0160tik\",\"isPartOf\":{\"@id\":\"https:\\\/\\\/dika.hr\\\/shop\\\/#website\"},\"datePublished\":\"2024-09-18T08:08:46+00:00\",\"dateModified\":\"2026-04-24T11:58:16+00:00\",\"breadcrumb\":{\"@id\":\"https:\\\/\\\/dika.hr\\\/shop\\\/uvjeti-kupnje\\\/#breadcrumb\"},\"inLanguage\":\"hr\",\"potentialAction\":[{\"@type\":\"ReadAction\",\"target\":[\"https:\\\/\\\/dika.hr\\\/shop\\\/uvjeti-kupnje\\\/\"]}]},{\"@type\":\"BreadcrumbList\",\"@id\":\"https:\\\/\\\/dika.hr\\\/shop\\\/uvjeti-kupnje\\\/#breadcrumb\",\"itemListElement\":[{\"@type\":\"ListItem\",\"position\":1,\"name\":\"Po\u010detna stranica\",\"item\":\"https:\\\/\\\/dika.hr\\\/shop\\\/\"},{\"@type\":\"ListItem\",\"position\":2,\"name\":\"Uvjeti kupnje\"}]},{\"@type\":\"WebSite\",\"@id\":\"https:\\\/\\\/dika.hr\\\/shop\\\/#website\",\"url\":\"https:\\\/\\\/dika.hr\\\/shop\\\/\",\"name\":\"Dika \u0160tik\",\"description\":\"\",\"publisher\":{\"@id\":\"https:\\\/\\\/dika.hr\\\/shop\\\/#organization\"},\"potentialAction\":[{\"@type\":\"SearchAction\",\"target\":{\"@type\":\"EntryPoint\",\"urlTemplate\":\"https:\\\/\\\/dika.hr\\\/shop\\\/?s={search_term_string}\"},\"query-input\":{\"@type\":\"PropertyValueSpecification\",\"valueRequired\":true,\"valueName\":\"search_term_string\"}}],\"inLanguage\":\"hr\"},{\"@type\":\"Organization\",\"@id\":\"https:\\\/\\\/dika.hr\\\/shop\\\/#organization\",\"name\":\"Dika \u0160tik\",\"url\":\"https:\\\/\\\/dika.hr\\\/shop\\\/\",\"logo\":{\"@type\":\"ImageObject\",\"inLanguage\":\"hr\",\"@id\":\"https:\\\/\\\/dika.hr\\\/shop\\\/#\\\/schema\\\/logo\\\/image\\\/\",\"url\":\"https:\\\/\\\/dika.hr\\\/shop\\\/wp-content\\\/uploads\\\/2024\\\/09\\\/dika_shop_logo-2.png\",\"contentUrl\":\"https:\\\/\\\/dika.hr\\\/shop\\\/wp-content\\\/uploads\\\/2024\\\/09\\\/dika_shop_logo-2.png\",\"width\":400,\"height\":109,\"caption\":\"Dika \u0160tik\"},\"image\":{\"@id\":\"https:\\\/\\\/dika.hr\\\/shop\\\/#\\\/schema\\\/logo\\\/image\\\/\"},\"sameAs\":[\"https:\\\/\\\/www.facebook.com\\\/dikastik.hr\\\/\"]}]}<\/script>\n<!-- \/ Yoast SEO plugin. -->","yoast_head_json":{"title":"Uvjeti kupnje - Dika \u0160tik","robots":{"index":"index","follow":"follow","max-snippet":"max-snippet:-1","max-image-preview":"max-image-preview:large","max-video-preview":"max-video-preview:-1"},"canonical":"https:\/\/dika.hr\/shop\/uvjeti-kupnje\/","og_locale":"hr_HR","og_type":"article","og_title":"Uvjeti kupnje - Dika \u0160tik","og_description":"UVJETI KUPNJE Osnovni pojmovi Sukladno uvjetima kupnje, kupac mo\u017ee biti svaka fizi\u010dka ili pravna osoba koja naru\u010di najmanje jedan proizvod, unese tra\u017eene podatke i plati naru\u010deni proizvod putem internet stranice&nbsp; www.dika.hr, vlasni\u0161tvo tvrtke&nbsp; Dika \u0160tik d.o.o.&nbsp; (u daljnjem tekstu&nbsp; Dika \u0160tik d.o.o. ). Primateljem se smatra osoba kojoj se proizvod isporu\u010duje, neovisno o kupcu. Ako [&hellip;]","og_url":"https:\/\/dika.hr\/shop\/uvjeti-kupnje\/","og_site_name":"Dika \u0160tik","article_publisher":"https:\/\/www.facebook.com\/dikastik.hr\/","article_modified_time":"2026-04-24T11:58:16+00:00","twitter_card":"summary_large_image","twitter_misc":{"Procijenjeno vrijeme \u010ditanja":"6 minuta"},"schema":{"@context":"https:\/\/schema.org","@graph":[{"@type":"WebPage","@id":"https:\/\/dika.hr\/shop\/uvjeti-kupnje\/","url":"https:\/\/dika.hr\/shop\/uvjeti-kupnje\/","name":"Uvjeti kupnje - Dika \u0160tik","isPartOf":{"@id":"https:\/\/dika.hr\/shop\/#website"},"datePublished":"2024-09-18T08:08:46+00:00","dateModified":"2026-04-24T11:58:16+00:00","breadcrumb":{"@id":"https:\/\/dika.hr\/shop\/uvjeti-kupnje\/#breadcrumb"},"inLanguage":"hr","potentialAction":[{"@type":"ReadAction","target":["https:\/\/dika.hr\/shop\/uvjeti-kupnje\/"]}]},{"@type":"BreadcrumbList","@id":"https:\/\/dika.hr\/shop\/uvjeti-kupnje\/#breadcrumb","itemListElement":[{"@type":"ListItem","position":1,"name":"Po\u010detna stranica","item":"https:\/\/dika.hr\/shop\/"},{"@type":"ListItem","position":2,"name":"Uvjeti kupnje"}]},{"@type":"WebSite","@id":"https:\/\/dika.hr\/shop\/#website","url":"https:\/\/dika.hr\/shop\/","name":"Dika \u0160tik","description":"","publisher":{"@id":"https:\/\/dika.hr\/shop\/#organization"},"potentialAction":[{"@type":"SearchAction","target":{"@type":"EntryPoint","urlTemplate":"https:\/\/dika.hr\/shop\/?s={search_term_string}"},"query-input":{"@type":"PropertyValueSpecification","valueRequired":true,"valueName":"search_term_string"}}],"inLanguage":"hr"},{"@type":"Organization","@id":"https:\/\/dika.hr\/shop\/#organization","name":"Dika \u0160tik","url":"https:\/\/dika.hr\/shop\/","logo":{"@type":"ImageObject","inLanguage":"hr","@id":"https:\/\/dika.hr\/shop\/#\/schema\/logo\/image\/","url":"https:\/\/dika.hr\/shop\/wp-content\/uploads\/2024\/09\/dika_shop_logo-2.png","contentUrl":"https:\/\/dika.hr\/shop\/wp-content\/uploads\/2024\/09\/dika_shop_logo-2.png","width":400,"height":109,"caption":"Dika \u0160tik"},"image":{"@id":"https:\/\/dika.hr\/shop\/#\/schema\/logo\/image\/"},"sameAs":["https:\/\/www.facebook.com\/dikastik.hr\/"]}]}},"_links":{"self":[{"href":"https:\/\/dika.hr\/shop\/wp-json\/wp\/v2\/pages\/2177","targetHints":{"allow":["GET"]}}],"collection":[{"href":"https:\/\/dika.hr\/shop\/wp-json\/wp\/v2\/pages"}],"about":[{"href":"https:\/\/dika.hr\/shop\/wp-json\/wp\/v2\/types\/page"}],"author":[{"embeddable":true,"href":"https:\/\/dika.hr\/shop\/wp-json\/wp\/v2\/users\/1"}],"replies":[{"embeddable":true,"href":"https:\/\/dika.hr\/shop\/wp-json\/wp\/v2\/comments?post=2177"}],"version-history":[{"count":13,"href":"https:\/\/dika.hr\/shop\/wp-json\/wp\/v2\/pages\/2177\/revisions"}],"predecessor-version":[{"id":13961,"href":"https:\/\/dika.hr\/shop\/wp-json\/wp\/v2\/pages\/2177\/revisions\/13961"}],"wp:attachment":[{"href":"https:\/\/dika.hr\/shop\/wp-json\/wp\/v2\/media?parent=2177"}],"curies":[{"name":"wp","href":"https:\/\/api.w.org\/{rel}","templated":true}]}}