{"id":1012,"date":"2026-03-31T07:06:59","date_gmt":"2026-03-31T05:06:59","guid":{"rendered":"https:\/\/dika.hr\/shop\/?post_type=product&#038;p=1012"},"modified":"2026-03-31T07:39:30","modified_gmt":"2026-03-31T05:39:30","slug":"lovacka-soft-shell-maslinasta-jakna","status":"publish","type":"product","link":"https:\/\/dika.hr\/shop\/proizvod\/lovacka-soft-shell-maslinasta-jakna\/","title":{"rendered":"Lova\u010dka soft shell maslinasta jakna"},"content":{"rendered":"<p>Soft shell jakna u tri sloja:<br \/>\n1. Patentni zatvara\u010d s poteza\u010dem i za\u0161titom za bradu.<br \/>\n2. Vanjski d\u017eep na prsima sa zatvara\u010dem, poteza\u010dem i metalnom rupicom za provla\u010denje kabla mobilnog ure\u0111aja.<br \/>\n3. Vanjski d\u017eepovi sa zatvara\u010dem i poteza\u010dem.<br \/>\n4. Gumeni pri\u010dvr\u0161\u0107iva\u010di na rukavima, s \u010di\u010dak zatvaranjem.<br \/>\n5. U\u0161itci na prsima.<br \/>\n6. U\u0161itci na na le\u0111ima.<br \/>\n7. Porub s elasti\u010dnom vezicom i podesivim unutra\u0161njim stoperima.<br \/>\n8. Dostupno u svim veli\u010dinama od S- XXXL<u><\/u><u><\/u><\/p>\n<p>Troslojni artikl. Izvana 95% poliester \/ 5% elastin. U sredini: nisko porozna membrana. Unutra 100% mikroflis poliester , 300 g\/m\u00b2<\/p>\n<p>*Vjetrootporna i vodoodbojna tkanina.<\/p>\n","protected":false},"excerpt":{"rendered":"<p>Va\u0161 personalizirani logo ili natpis po \u017eelji napla\u0107uje se dodatno. Va\u0161e upite \u0161aljite na e-mail:\u00a0 shop@dika.hr<\/p>\n<p>&nbsp;<\/p>\n<div id=\"gtx-trans\">\n<div class=\"gtx-trans-icon\"><\/div>\n<\/div>\n","protected":false},"featured_media":1033,"template":"","meta":{"_acf_changed":false,"inline_featured_image":false},"product_brand":[],"product_cat":[16],"product_tag":[],"class_list":{"0":"post-1012","1":"product","2":"type-product","3":"status-publish","4":"has-post-thumbnail","6":"product_cat-lovacki-program","8":"first","9":"instock","10":"sale","11":"taxable","12":"shipping-taxable","13":"purchasable","14":"product-type-variable"},"acf":[],"yoast_head":"<!-- This site is optimized with the Yoast SEO plugin v27.3 - https:\/\/yoast.com\/product\/yoast-seo-wordpress\/ -->\n<title>Lova\u010dka soft shell maslinasta jakna - Dika \u0160tik<\/title>\n<meta name=\"robots\" content=\"index, follow, max-snippet:-1, max-image-preview:large, max-video-preview:-1\" \/>\n<link rel=\"canonical\" href=\"https:\/\/dika.hr\/shop\/proizvod\/lovacka-soft-shell-maslinasta-jakna\/\" \/>\n<meta property=\"og:locale\" content=\"hr_HR\" \/>\n<meta property=\"og:type\" content=\"article\" \/>\n<meta property=\"og:title\" content=\"Lova\u010dka soft shell maslinasta jakna - Dika \u0160tik\" \/>\n<meta property=\"og:description\" content=\"Va\u0161 personalizirani logo ili natpis po \u017eelji napla\u0107uje se dodatno. Va\u0161e upite \u0161aljite na e-mail:\u00a0 shop@dika.hr  &nbsp;\" \/>\n<meta property=\"og:url\" content=\"https:\/\/dika.hr\/shop\/proizvod\/lovacka-soft-shell-maslinasta-jakna\/\" \/>\n<meta property=\"og:site_name\" content=\"Dika \u0160tik\" \/>\n<meta property=\"article:publisher\" content=\"https:\/\/www.facebook.com\/dikastik.hr\/\" \/>\n<meta property=\"article:modified_time\" content=\"2026-03-31T05:39:30+00:00\" \/>\n<meta property=\"og:image\" content=\"https:\/\/dika.hr\/shop\/wp-content\/uploads\/2024\/08\/JAKNA-FRONT.jpg\" \/>\n\t<meta property=\"og:image:width\" content=\"460\" \/>\n\t<meta property=\"og:image:height\" content=\"460\" \/>\n\t<meta property=\"og:image:type\" content=\"image\/jpeg\" \/>\n<meta name=\"twitter:card\" content=\"summary_large_image\" \/>\n<meta name=\"twitter:label1\" content=\"Procijenjeno vrijeme \u010ditanja\" \/>\n\t<meta name=\"twitter:data1\" content=\"1 minuta\" \/>\n<script type=\"application\/ld+json\" class=\"yoast-schema-graph\">{\"@context\":\"https:\\\/\\\/schema.org\",\"@graph\":[{\"@type\":\"WebPage\",\"@id\":\"https:\\\/\\\/dika.hr\\\/shop\\\/proizvod\\\/lovacka-soft-shell-maslinasta-jakna\\\/\",\"url\":\"https:\\\/\\\/dika.hr\\\/shop\\\/proizvod\\\/lovacka-soft-shell-maslinasta-jakna\\\/\",\"name\":\"Lova\u010dka soft shell maslinasta jakna - Dika \u0160tik\",\"isPartOf\":{\"@id\":\"https:\\\/\\\/dika.hr\\\/shop\\\/#website\"},\"primaryImageOfPage\":{\"@id\":\"https:\\\/\\\/dika.hr\\\/shop\\\/proizvod\\\/lovacka-soft-shell-maslinasta-jakna\\\/#primaryimage\"},\"image\":{\"@id\":\"https:\\\/\\\/dika.hr\\\/shop\\\/proizvod\\\/lovacka-soft-shell-maslinasta-jakna\\\/#primaryimage\"},\"thumbnailUrl\":\"https:\\\/\\\/dika.hr\\\/shop\\\/wp-content\\\/uploads\\\/2024\\\/08\\\/JAKNA-FRONT.jpg\",\"datePublished\":\"2026-03-31T05:06:59+00:00\",\"dateModified\":\"2026-03-31T05:39:30+00:00\",\"breadcrumb\":{\"@id\":\"https:\\\/\\\/dika.hr\\\/shop\\\/proizvod\\\/lovacka-soft-shell-maslinasta-jakna\\\/#breadcrumb\"},\"inLanguage\":\"hr\",\"potentialAction\":[{\"@type\":\"ReadAction\",\"target\":[\"https:\\\/\\\/dika.hr\\\/shop\\\/proizvod\\\/lovacka-soft-shell-maslinasta-jakna\\\/\"]}]},{\"@type\":\"ImageObject\",\"inLanguage\":\"hr\",\"@id\":\"https:\\\/\\\/dika.hr\\\/shop\\\/proizvod\\\/lovacka-soft-shell-maslinasta-jakna\\\/#primaryimage\",\"url\":\"https:\\\/\\\/dika.hr\\\/shop\\\/wp-content\\\/uploads\\\/2024\\\/08\\\/JAKNA-FRONT.jpg\",\"contentUrl\":\"https:\\\/\\\/dika.hr\\\/shop\\\/wp-content\\\/uploads\\\/2024\\\/08\\\/JAKNA-FRONT.jpg\",\"width\":460,\"height\":460},{\"@type\":\"BreadcrumbList\",\"@id\":\"https:\\\/\\\/dika.hr\\\/shop\\\/proizvod\\\/lovacka-soft-shell-maslinasta-jakna\\\/#breadcrumb\",\"itemListElement\":[{\"@type\":\"ListItem\",\"position\":1,\"name\":\"Po\u010detna stranica\",\"item\":\"https:\\\/\\\/dika.hr\\\/shop\\\/\"},{\"@type\":\"ListItem\",\"position\":2,\"name\":\"Trgovina\",\"item\":\"https:\\\/\\\/dika.hr\\\/shop\\\/trgovina\\\/\"},{\"@type\":\"ListItem\",\"position\":3,\"name\":\"Lova\u010dka soft shell maslinasta jakna\"}]},{\"@type\":\"WebSite\",\"@id\":\"https:\\\/\\\/dika.hr\\\/shop\\\/#website\",\"url\":\"https:\\\/\\\/dika.hr\\\/shop\\\/\",\"name\":\"Dika \u0160tik\",\"description\":\"\",\"publisher\":{\"@id\":\"https:\\\/\\\/dika.hr\\\/shop\\\/#organization\"},\"potentialAction\":[{\"@type\":\"SearchAction\",\"target\":{\"@type\":\"EntryPoint\",\"urlTemplate\":\"https:\\\/\\\/dika.hr\\\/shop\\\/?s={search_term_string}\"},\"query-input\":{\"@type\":\"PropertyValueSpecification\",\"valueRequired\":true,\"valueName\":\"search_term_string\"}}],\"inLanguage\":\"hr\"},{\"@type\":\"Organization\",\"@id\":\"https:\\\/\\\/dika.hr\\\/shop\\\/#organization\",\"name\":\"Dika \u0160tik\",\"url\":\"https:\\\/\\\/dika.hr\\\/shop\\\/\",\"logo\":{\"@type\":\"ImageObject\",\"inLanguage\":\"hr\",\"@id\":\"https:\\\/\\\/dika.hr\\\/shop\\\/#\\\/schema\\\/logo\\\/image\\\/\",\"url\":\"https:\\\/\\\/dika.hr\\\/shop\\\/wp-content\\\/uploads\\\/2024\\\/09\\\/dika_shop_logo-2.png\",\"contentUrl\":\"https:\\\/\\\/dika.hr\\\/shop\\\/wp-content\\\/uploads\\\/2024\\\/09\\\/dika_shop_logo-2.png\",\"width\":400,\"height\":109,\"caption\":\"Dika \u0160tik\"},\"image\":{\"@id\":\"https:\\\/\\\/dika.hr\\\/shop\\\/#\\\/schema\\\/logo\\\/image\\\/\"},\"sameAs\":[\"https:\\\/\\\/www.facebook.com\\\/dikastik.hr\\\/\"]}]}<\/script>\n<!-- \/ Yoast SEO plugin. -->","yoast_head_json":{"title":"Lova\u010dka soft shell maslinasta jakna - Dika \u0160tik","robots":{"index":"index","follow":"follow","max-snippet":"max-snippet:-1","max-image-preview":"max-image-preview:large","max-video-preview":"max-video-preview:-1"},"canonical":"https:\/\/dika.hr\/shop\/proizvod\/lovacka-soft-shell-maslinasta-jakna\/","og_locale":"hr_HR","og_type":"article","og_title":"Lova\u010dka soft shell maslinasta jakna - Dika \u0160tik","og_description":"Va\u0161 personalizirani logo ili natpis po \u017eelji napla\u0107uje se dodatno. Va\u0161e upite \u0161aljite na e-mail:\u00a0 shop@dika.hr  &nbsp;","og_url":"https:\/\/dika.hr\/shop\/proizvod\/lovacka-soft-shell-maslinasta-jakna\/","og_site_name":"Dika \u0160tik","article_publisher":"https:\/\/www.facebook.com\/dikastik.hr\/","article_modified_time":"2026-03-31T05:39:30+00:00","og_image":[{"width":460,"height":460,"url":"https:\/\/dika.hr\/shop\/wp-content\/uploads\/2024\/08\/JAKNA-FRONT.jpg","type":"image\/jpeg"}],"twitter_card":"summary_large_image","twitter_misc":{"Procijenjeno vrijeme \u010ditanja":"1 minuta"},"schema":{"@context":"https:\/\/schema.org","@graph":[{"@type":"WebPage","@id":"https:\/\/dika.hr\/shop\/proizvod\/lovacka-soft-shell-maslinasta-jakna\/","url":"https:\/\/dika.hr\/shop\/proizvod\/lovacka-soft-shell-maslinasta-jakna\/","name":"Lova\u010dka soft shell maslinasta jakna - Dika \u0160tik","isPartOf":{"@id":"https:\/\/dika.hr\/shop\/#website"},"primaryImageOfPage":{"@id":"https:\/\/dika.hr\/shop\/proizvod\/lovacka-soft-shell-maslinasta-jakna\/#primaryimage"},"image":{"@id":"https:\/\/dika.hr\/shop\/proizvod\/lovacka-soft-shell-maslinasta-jakna\/#primaryimage"},"thumbnailUrl":"https:\/\/dika.hr\/shop\/wp-content\/uploads\/2024\/08\/JAKNA-FRONT.jpg","datePublished":"2026-03-31T05:06:59+00:00","dateModified":"2026-03-31T05:39:30+00:00","breadcrumb":{"@id":"https:\/\/dika.hr\/shop\/proizvod\/lovacka-soft-shell-maslinasta-jakna\/#breadcrumb"},"inLanguage":"hr","potentialAction":[{"@type":"ReadAction","target":["https:\/\/dika.hr\/shop\/proizvod\/lovacka-soft-shell-maslinasta-jakna\/"]}]},{"@type":"ImageObject","inLanguage":"hr","@id":"https:\/\/dika.hr\/shop\/proizvod\/lovacka-soft-shell-maslinasta-jakna\/#primaryimage","url":"https:\/\/dika.hr\/shop\/wp-content\/uploads\/2024\/08\/JAKNA-FRONT.jpg","contentUrl":"https:\/\/dika.hr\/shop\/wp-content\/uploads\/2024\/08\/JAKNA-FRONT.jpg","width":460,"height":460},{"@type":"BreadcrumbList","@id":"https:\/\/dika.hr\/shop\/proizvod\/lovacka-soft-shell-maslinasta-jakna\/#breadcrumb","itemListElement":[{"@type":"ListItem","position":1,"name":"Po\u010detna stranica","item":"https:\/\/dika.hr\/shop\/"},{"@type":"ListItem","position":2,"name":"Trgovina","item":"https:\/\/dika.hr\/shop\/trgovina\/"},{"@type":"ListItem","position":3,"name":"Lova\u010dka soft shell maslinasta jakna"}]},{"@type":"WebSite","@id":"https:\/\/dika.hr\/shop\/#website","url":"https:\/\/dika.hr\/shop\/","name":"Dika \u0160tik","description":"","publisher":{"@id":"https:\/\/dika.hr\/shop\/#organization"},"potentialAction":[{"@type":"SearchAction","target":{"@type":"EntryPoint","urlTemplate":"https:\/\/dika.hr\/shop\/?s={search_term_string}"},"query-input":{"@type":"PropertyValueSpecification","valueRequired":true,"valueName":"search_term_string"}}],"inLanguage":"hr"},{"@type":"Organization","@id":"https:\/\/dika.hr\/shop\/#organization","name":"Dika \u0160tik","url":"https:\/\/dika.hr\/shop\/","logo":{"@type":"ImageObject","inLanguage":"hr","@id":"https:\/\/dika.hr\/shop\/#\/schema\/logo\/image\/","url":"https:\/\/dika.hr\/shop\/wp-content\/uploads\/2024\/09\/dika_shop_logo-2.png","contentUrl":"https:\/\/dika.hr\/shop\/wp-content\/uploads\/2024\/09\/dika_shop_logo-2.png","width":400,"height":109,"caption":"Dika \u0160tik"},"image":{"@id":"https:\/\/dika.hr\/shop\/#\/schema\/logo\/image\/"},"sameAs":["https:\/\/www.facebook.com\/dikastik.hr\/"]}]}},"_links":{"self":[{"href":"https:\/\/dika.hr\/shop\/wp-json\/wp\/v2\/product\/1012","targetHints":{"allow":["GET"]}}],"collection":[{"href":"https:\/\/dika.hr\/shop\/wp-json\/wp\/v2\/product"}],"about":[{"href":"https:\/\/dika.hr\/shop\/wp-json\/wp\/v2\/types\/product"}],"version-history":[{"count":1,"href":"https:\/\/dika.hr\/shop\/wp-json\/wp\/v2\/product\/1012\/revisions"}],"predecessor-version":[{"id":12405,"href":"https:\/\/dika.hr\/shop\/wp-json\/wp\/v2\/product\/1012\/revisions\/12405"}],"wp:featuredmedia":[{"embeddable":true,"href":"https:\/\/dika.hr\/shop\/wp-json\/wp\/v2\/media\/1033"}],"wp:attachment":[{"href":"https:\/\/dika.hr\/shop\/wp-json\/wp\/v2\/media?parent=1012"}],"wp:term":[{"taxonomy":"product_brand","embeddable":true,"href":"https:\/\/dika.hr\/shop\/wp-json\/wp\/v2\/product_brand?post=1012"},{"taxonomy":"product_cat","embeddable":true,"href":"https:\/\/dika.hr\/shop\/wp-json\/wp\/v2\/product_cat?post=1012"},{"taxonomy":"product_tag","embeddable":true,"href":"https:\/\/dika.hr\/shop\/wp-json\/wp\/v2\/product_tag?post=1012"}],"curies":[{"name":"wp","href":"https:\/\/api.w.org\/{rel}","templated":true}]}}