{"id":10326,"date":"2025-10-27T08:23:32","date_gmt":"2025-10-27T07:23:32","guid":{"rendered":"https:\/\/dika.hr\/shop\/?post_type=product&#038;p=10326"},"modified":"2025-11-19T08:53:19","modified_gmt":"2025-11-19T07:53:19","slug":"hlspredsjednik","status":"publish","type":"product","link":"https:\/\/dika.hr\/shop\/proizvod\/hlspredsjednik\/","title":{"rendered":"LOVA\u010cKA MAJICA POLO -HLS i PREDSJEDNIK"},"content":{"rendered":"<p>LOVA\u010cKA MAJICA POLO &#8211; HLS-a i PREDSJEDNIK<\/p>\n<p>Polo majica mu\u0161ka vrhunske kvalitete<br \/>\n220g\/m2 \u2013 Pique, 65 % pamuk, 35 % poliester (sastav mo\u017ee varirati: boja 03 \u2013 97 % pamuk, 3 % viskoza, boja 12 \u2013 85 % pamuk, 15 % viskoza)<\/p>\n<p>Kvalitetna polo majica ve\u0107e te\u017eine<\/p>\n<p>Ovratnik i rubovi rukava s rebrastim tkanjem i dvostrukim namre\u0161kanim rubom<\/p>\n<p>Izrez s 3 gumba iste boje kao i materijal<\/p>\n<p>Slobodna linija s bo\u010dnim \u0161avovima<\/p>\n<p>Vizualno finiji izgled<\/p>\n<p>Mogu\u010dnost odabira raznih boja na upit \u0160tikanja va\u0161eg loga na prsa,le\u0111a ili rukav \u2013 cijena na upit<\/p>\n<p>Vrhunska kvalitete najsuvremenije tehnologije vezenja<\/p>\n<p>Mogu\u010dnost vezenja tog loga i na ostali asortiman .<\/p>\n","protected":false},"excerpt":{"rendered":"<p>LOVA\u010cKA MAJICA POLO &#8211; HLS-a i PREDSJEDNIK Polo majica mu\u0161ka vrhunske kvalitete 220g\/m2 \u2013 Pique, 65 % pamuk, 35 % poliester (sastav mo\u017ee varirati: boja 03 \u2013 97 % pamuk, 3 % viskoza, boja 12 \u2013 85 % pamuk, 15 % viskoza) Kvalitetna polo majica ve\u0107e te\u017eine Ovratnik i rubovi rukava s rebrastim tkanjem i [&hellip;]<\/p>\n","protected":false},"featured_media":10337,"template":"","meta":{"_acf_changed":false,"inline_featured_image":false},"product_brand":[],"product_cat":[16],"product_tag":[],"class_list":{"0":"post-10326","1":"product","2":"type-product","3":"status-publish","4":"has-post-thumbnail","6":"product_cat-lovacki-program","8":"first","9":"instock","10":"featured","11":"taxable","12":"shipping-taxable","13":"purchasable","14":"product-type-variable"},"acf":[],"yoast_head":"<!-- This site is optimized with the Yoast SEO plugin v27.3 - https:\/\/yoast.com\/product\/yoast-seo-wordpress\/ -->\n<title>LOVA\u010cKA MAJICA POLO -HLS i PREDSJEDNIK - Dika \u0160tik<\/title>\n<meta name=\"robots\" content=\"index, follow, max-snippet:-1, max-image-preview:large, max-video-preview:-1\" \/>\n<link rel=\"canonical\" href=\"https:\/\/dika.hr\/shop\/proizvod\/hlspredsjednik\/\" \/>\n<meta property=\"og:locale\" content=\"hr_HR\" \/>\n<meta property=\"og:type\" content=\"article\" \/>\n<meta property=\"og:title\" content=\"LOVA\u010cKA MAJICA POLO -HLS i PREDSJEDNIK - Dika \u0160tik\" \/>\n<meta property=\"og:description\" content=\"LOVA\u010cKA MAJICA POLO &#8211; HLS-a i PREDSJEDNIK Polo majica mu\u0161ka vrhunske kvalitete 220g\/m2 \u2013 Pique, 65 % pamuk, 35 % poliester (sastav mo\u017ee varirati: boja 03 \u2013 97 % pamuk, 3 % viskoza, boja 12 \u2013 85 % pamuk, 15 % viskoza) Kvalitetna polo majica ve\u0107e te\u017eine Ovratnik i rubovi rukava s rebrastim tkanjem i [&hellip;]\" \/>\n<meta property=\"og:url\" content=\"https:\/\/dika.hr\/shop\/proizvod\/hlspredsjednik\/\" \/>\n<meta property=\"og:site_name\" content=\"Dika \u0160tik\" \/>\n<meta property=\"article:publisher\" content=\"https:\/\/www.facebook.com\/dikastik.hr\/\" \/>\n<meta property=\"article:modified_time\" content=\"2025-11-19T07:53:19+00:00\" \/>\n<meta property=\"og:image\" content=\"https:\/\/dika.hr\/shop\/wp-content\/uploads\/2025\/10\/203_69_a_PREDSJEDNIK-scaled.jpg\" \/>\n\t<meta property=\"og:image:width\" content=\"2257\" \/>\n\t<meta property=\"og:image:height\" content=\"2560\" \/>\n\t<meta property=\"og:image:type\" content=\"image\/jpeg\" \/>\n<meta name=\"twitter:card\" content=\"summary_large_image\" \/>\n<script type=\"application\/ld+json\" class=\"yoast-schema-graph\">{\"@context\":\"https:\\\/\\\/schema.org\",\"@graph\":[{\"@type\":\"WebPage\",\"@id\":\"https:\\\/\\\/dika.hr\\\/shop\\\/proizvod\\\/hlspredsjednik\\\/\",\"url\":\"https:\\\/\\\/dika.hr\\\/shop\\\/proizvod\\\/hlspredsjednik\\\/\",\"name\":\"LOVA\u010cKA MAJICA POLO -HLS i PREDSJEDNIK - Dika \u0160tik\",\"isPartOf\":{\"@id\":\"https:\\\/\\\/dika.hr\\\/shop\\\/#website\"},\"primaryImageOfPage\":{\"@id\":\"https:\\\/\\\/dika.hr\\\/shop\\\/proizvod\\\/hlspredsjednik\\\/#primaryimage\"},\"image\":{\"@id\":\"https:\\\/\\\/dika.hr\\\/shop\\\/proizvod\\\/hlspredsjednik\\\/#primaryimage\"},\"thumbnailUrl\":\"https:\\\/\\\/dika.hr\\\/shop\\\/wp-content\\\/uploads\\\/2025\\\/10\\\/203_69_a_PREDSJEDNIK-scaled.jpg\",\"datePublished\":\"2025-10-27T07:23:32+00:00\",\"dateModified\":\"2025-11-19T07:53:19+00:00\",\"breadcrumb\":{\"@id\":\"https:\\\/\\\/dika.hr\\\/shop\\\/proizvod\\\/hlspredsjednik\\\/#breadcrumb\"},\"inLanguage\":\"hr\",\"potentialAction\":[{\"@type\":\"ReadAction\",\"target\":[\"https:\\\/\\\/dika.hr\\\/shop\\\/proizvod\\\/hlspredsjednik\\\/\"]}]},{\"@type\":\"ImageObject\",\"inLanguage\":\"hr\",\"@id\":\"https:\\\/\\\/dika.hr\\\/shop\\\/proizvod\\\/hlspredsjednik\\\/#primaryimage\",\"url\":\"https:\\\/\\\/dika.hr\\\/shop\\\/wp-content\\\/uploads\\\/2025\\\/10\\\/203_69_a_PREDSJEDNIK-scaled.jpg\",\"contentUrl\":\"https:\\\/\\\/dika.hr\\\/shop\\\/wp-content\\\/uploads\\\/2025\\\/10\\\/203_69_a_PREDSJEDNIK-scaled.jpg\",\"width\":2257,\"height\":2560},{\"@type\":\"BreadcrumbList\",\"@id\":\"https:\\\/\\\/dika.hr\\\/shop\\\/proizvod\\\/hlspredsjednik\\\/#breadcrumb\",\"itemListElement\":[{\"@type\":\"ListItem\",\"position\":1,\"name\":\"Po\u010detna stranica\",\"item\":\"https:\\\/\\\/dika.hr\\\/shop\\\/\"},{\"@type\":\"ListItem\",\"position\":2,\"name\":\"Trgovina\",\"item\":\"https:\\\/\\\/dika.hr\\\/shop\\\/trgovina\\\/\"},{\"@type\":\"ListItem\",\"position\":3,\"name\":\"LOVA\u010cKA MAJICA POLO -HLS i PREDSJEDNIK\"}]},{\"@type\":\"WebSite\",\"@id\":\"https:\\\/\\\/dika.hr\\\/shop\\\/#website\",\"url\":\"https:\\\/\\\/dika.hr\\\/shop\\\/\",\"name\":\"Dika \u0160tik\",\"description\":\"\",\"publisher\":{\"@id\":\"https:\\\/\\\/dika.hr\\\/shop\\\/#organization\"},\"potentialAction\":[{\"@type\":\"SearchAction\",\"target\":{\"@type\":\"EntryPoint\",\"urlTemplate\":\"https:\\\/\\\/dika.hr\\\/shop\\\/?s={search_term_string}\"},\"query-input\":{\"@type\":\"PropertyValueSpecification\",\"valueRequired\":true,\"valueName\":\"search_term_string\"}}],\"inLanguage\":\"hr\"},{\"@type\":\"Organization\",\"@id\":\"https:\\\/\\\/dika.hr\\\/shop\\\/#organization\",\"name\":\"Dika \u0160tik\",\"url\":\"https:\\\/\\\/dika.hr\\\/shop\\\/\",\"logo\":{\"@type\":\"ImageObject\",\"inLanguage\":\"hr\",\"@id\":\"https:\\\/\\\/dika.hr\\\/shop\\\/#\\\/schema\\\/logo\\\/image\\\/\",\"url\":\"https:\\\/\\\/dika.hr\\\/shop\\\/wp-content\\\/uploads\\\/2024\\\/09\\\/dika_shop_logo-2.png\",\"contentUrl\":\"https:\\\/\\\/dika.hr\\\/shop\\\/wp-content\\\/uploads\\\/2024\\\/09\\\/dika_shop_logo-2.png\",\"width\":400,\"height\":109,\"caption\":\"Dika \u0160tik\"},\"image\":{\"@id\":\"https:\\\/\\\/dika.hr\\\/shop\\\/#\\\/schema\\\/logo\\\/image\\\/\"},\"sameAs\":[\"https:\\\/\\\/www.facebook.com\\\/dikastik.hr\\\/\"]}]}<\/script>\n<!-- \/ Yoast SEO plugin. -->","yoast_head_json":{"title":"LOVA\u010cKA MAJICA POLO -HLS i PREDSJEDNIK - Dika \u0160tik","robots":{"index":"index","follow":"follow","max-snippet":"max-snippet:-1","max-image-preview":"max-image-preview:large","max-video-preview":"max-video-preview:-1"},"canonical":"https:\/\/dika.hr\/shop\/proizvod\/hlspredsjednik\/","og_locale":"hr_HR","og_type":"article","og_title":"LOVA\u010cKA MAJICA POLO -HLS i PREDSJEDNIK - Dika \u0160tik","og_description":"LOVA\u010cKA MAJICA POLO &#8211; HLS-a i PREDSJEDNIK Polo majica mu\u0161ka vrhunske kvalitete 220g\/m2 \u2013 Pique, 65 % pamuk, 35 % poliester (sastav mo\u017ee varirati: boja 03 \u2013 97 % pamuk, 3 % viskoza, boja 12 \u2013 85 % pamuk, 15 % viskoza) Kvalitetna polo majica ve\u0107e te\u017eine Ovratnik i rubovi rukava s rebrastim tkanjem i [&hellip;]","og_url":"https:\/\/dika.hr\/shop\/proizvod\/hlspredsjednik\/","og_site_name":"Dika \u0160tik","article_publisher":"https:\/\/www.facebook.com\/dikastik.hr\/","article_modified_time":"2025-11-19T07:53:19+00:00","og_image":[{"width":2257,"height":2560,"url":"https:\/\/dika.hr\/shop\/wp-content\/uploads\/2025\/10\/203_69_a_PREDSJEDNIK-scaled.jpg","type":"image\/jpeg"}],"twitter_card":"summary_large_image","schema":{"@context":"https:\/\/schema.org","@graph":[{"@type":"WebPage","@id":"https:\/\/dika.hr\/shop\/proizvod\/hlspredsjednik\/","url":"https:\/\/dika.hr\/shop\/proizvod\/hlspredsjednik\/","name":"LOVA\u010cKA MAJICA POLO -HLS i PREDSJEDNIK - Dika \u0160tik","isPartOf":{"@id":"https:\/\/dika.hr\/shop\/#website"},"primaryImageOfPage":{"@id":"https:\/\/dika.hr\/shop\/proizvod\/hlspredsjednik\/#primaryimage"},"image":{"@id":"https:\/\/dika.hr\/shop\/proizvod\/hlspredsjednik\/#primaryimage"},"thumbnailUrl":"https:\/\/dika.hr\/shop\/wp-content\/uploads\/2025\/10\/203_69_a_PREDSJEDNIK-scaled.jpg","datePublished":"2025-10-27T07:23:32+00:00","dateModified":"2025-11-19T07:53:19+00:00","breadcrumb":{"@id":"https:\/\/dika.hr\/shop\/proizvod\/hlspredsjednik\/#breadcrumb"},"inLanguage":"hr","potentialAction":[{"@type":"ReadAction","target":["https:\/\/dika.hr\/shop\/proizvod\/hlspredsjednik\/"]}]},{"@type":"ImageObject","inLanguage":"hr","@id":"https:\/\/dika.hr\/shop\/proizvod\/hlspredsjednik\/#primaryimage","url":"https:\/\/dika.hr\/shop\/wp-content\/uploads\/2025\/10\/203_69_a_PREDSJEDNIK-scaled.jpg","contentUrl":"https:\/\/dika.hr\/shop\/wp-content\/uploads\/2025\/10\/203_69_a_PREDSJEDNIK-scaled.jpg","width":2257,"height":2560},{"@type":"BreadcrumbList","@id":"https:\/\/dika.hr\/shop\/proizvod\/hlspredsjednik\/#breadcrumb","itemListElement":[{"@type":"ListItem","position":1,"name":"Po\u010detna stranica","item":"https:\/\/dika.hr\/shop\/"},{"@type":"ListItem","position":2,"name":"Trgovina","item":"https:\/\/dika.hr\/shop\/trgovina\/"},{"@type":"ListItem","position":3,"name":"LOVA\u010cKA MAJICA POLO -HLS i PREDSJEDNIK"}]},{"@type":"WebSite","@id":"https:\/\/dika.hr\/shop\/#website","url":"https:\/\/dika.hr\/shop\/","name":"Dika \u0160tik","description":"","publisher":{"@id":"https:\/\/dika.hr\/shop\/#organization"},"potentialAction":[{"@type":"SearchAction","target":{"@type":"EntryPoint","urlTemplate":"https:\/\/dika.hr\/shop\/?s={search_term_string}"},"query-input":{"@type":"PropertyValueSpecification","valueRequired":true,"valueName":"search_term_string"}}],"inLanguage":"hr"},{"@type":"Organization","@id":"https:\/\/dika.hr\/shop\/#organization","name":"Dika \u0160tik","url":"https:\/\/dika.hr\/shop\/","logo":{"@type":"ImageObject","inLanguage":"hr","@id":"https:\/\/dika.hr\/shop\/#\/schema\/logo\/image\/","url":"https:\/\/dika.hr\/shop\/wp-content\/uploads\/2024\/09\/dika_shop_logo-2.png","contentUrl":"https:\/\/dika.hr\/shop\/wp-content\/uploads\/2024\/09\/dika_shop_logo-2.png","width":400,"height":109,"caption":"Dika \u0160tik"},"image":{"@id":"https:\/\/dika.hr\/shop\/#\/schema\/logo\/image\/"},"sameAs":["https:\/\/www.facebook.com\/dikastik.hr\/"]}]}},"_links":{"self":[{"href":"https:\/\/dika.hr\/shop\/wp-json\/wp\/v2\/product\/10326","targetHints":{"allow":["GET"]}}],"collection":[{"href":"https:\/\/dika.hr\/shop\/wp-json\/wp\/v2\/product"}],"about":[{"href":"https:\/\/dika.hr\/shop\/wp-json\/wp\/v2\/types\/product"}],"version-history":[{"count":1,"href":"https:\/\/dika.hr\/shop\/wp-json\/wp\/v2\/product\/10326\/revisions"}],"predecessor-version":[{"id":10338,"href":"https:\/\/dika.hr\/shop\/wp-json\/wp\/v2\/product\/10326\/revisions\/10338"}],"wp:featuredmedia":[{"embeddable":true,"href":"https:\/\/dika.hr\/shop\/wp-json\/wp\/v2\/media\/10337"}],"wp:attachment":[{"href":"https:\/\/dika.hr\/shop\/wp-json\/wp\/v2\/media?parent=10326"}],"wp:term":[{"taxonomy":"product_brand","embeddable":true,"href":"https:\/\/dika.hr\/shop\/wp-json\/wp\/v2\/product_brand?post=10326"},{"taxonomy":"product_cat","embeddable":true,"href":"https:\/\/dika.hr\/shop\/wp-json\/wp\/v2\/product_cat?post=10326"},{"taxonomy":"product_tag","embeddable":true,"href":"https:\/\/dika.hr\/shop\/wp-json\/wp\/v2\/product_tag?post=10326"}],"curies":[{"name":"wp","href":"https:\/\/api.w.org\/{rel}","templated":true}]}}