{"id":10340,"date":"2025-10-27T13:55:53","date_gmt":"2025-10-27T12:55:53","guid":{"rendered":"https:\/\/dika.hr\/shop\/?post_type=product&#038;p=10340"},"modified":"2025-10-27T15:11:10","modified_gmt":"2025-10-27T14:11:10","slug":"lovacka-kosulja","status":"publish","type":"product","link":"https:\/\/dika.hr\/shop\/proizvod\/lovacka-kosulja\/","title":{"rendered":"LOVA\u010cKA SVE\u010cANA KO\u0160ULJA"},"content":{"rendered":"<ul>\n<li>Ko\u0161ulja marke Kariban u be\u017e boji<\/li>\n<li>\n<div class=\"2xl:text-xl font-semibold\">120 g\/m<sup>2<\/sup><\/div>\n<ul>\n<li>100 % pamuk<\/li>\n<li>Tkanina poplin<\/li>\n<li>Ovratnik bez gumba<\/li>\n<li>2 na\u0161ivena d\u017eepa s prednjim preklopom<\/li>\n<li>Podesive man\u0161ete s gumbom na kraju<\/li>\n<li>Rukavi na zavrtanje s gumbom na pritisak<\/li>\n<li>Isprana tkanina<\/li>\n<li>Proizvod je posebno obra\u0111en da bi se postigao ispran izgled<\/li>\n<li>Ovim procesom proizvodnje dobivaju se razli\u010dite nijanse boja, pa je svaki artikl jedinstven<\/li>\n<li>Certificirano prema STANDARDU 100 OEKO-TEX\u00ae N\u00b0 CQ 1007\/8, IFTH<\/li>\n<\/ul>\n<\/li>\n<\/ul>\n","protected":false},"excerpt":{"rendered":"<p>Ko\u0161ulja marke Kariban u be\u017e boji 120 g\/m2 100 % pamuk Tkanina poplin Ovratnik bez gumba 2 na\u0161ivena d\u017eepa s prednjim preklopom Podesive man\u0161ete s gumbom na kraju Rukavi na zavrtanje s gumbom na pritisak Isprana tkanina Proizvod je posebno obra\u0111en da bi se postigao ispran izgled Ovim procesom proizvodnje dobivaju se razli\u010dite nijanse boja, [&hellip;]<\/p>\n","protected":false},"featured_media":10347,"template":"","meta":{"_acf_changed":false,"inline_featured_image":false},"product_brand":[],"product_cat":[16],"product_tag":[],"class_list":{"0":"post-10340","1":"product","2":"type-product","3":"status-publish","4":"has-post-thumbnail","6":"product_cat-lovacki-program","8":"first","9":"instock","10":"featured","11":"taxable","12":"shipping-taxable","13":"purchasable","14":"product-type-variable"},"acf":[],"yoast_head":"<!-- This site is optimized with the Yoast SEO plugin v27.3 - https:\/\/yoast.com\/product\/yoast-seo-wordpress\/ -->\n<title>LOVA\u010cKA SVE\u010cANA KO\u0160ULJA - Dika \u0160tik<\/title>\n<meta name=\"robots\" content=\"index, follow, max-snippet:-1, max-image-preview:large, max-video-preview:-1\" \/>\n<link rel=\"canonical\" href=\"https:\/\/dika.hr\/shop\/proizvod\/lovacka-kosulja\/\" \/>\n<meta property=\"og:locale\" content=\"hr_HR\" \/>\n<meta property=\"og:type\" content=\"article\" \/>\n<meta property=\"og:title\" content=\"LOVA\u010cKA SVE\u010cANA KO\u0160ULJA - Dika \u0160tik\" \/>\n<meta property=\"og:description\" content=\"Ko\u0161ulja marke Kariban u be\u017e boji 120 g\/m2 100 % pamuk Tkanina poplin Ovratnik bez gumba 2 na\u0161ivena d\u017eepa s prednjim preklopom Podesive man\u0161ete s gumbom na kraju Rukavi na zavrtanje s gumbom na pritisak Isprana tkanina Proizvod je posebno obra\u0111en da bi se postigao ispran izgled Ovim procesom proizvodnje dobivaju se razli\u010dite nijanse boja, [&hellip;]\" \/>\n<meta property=\"og:url\" content=\"https:\/\/dika.hr\/shop\/proizvod\/lovacka-kosulja\/\" \/>\n<meta property=\"og:site_name\" content=\"Dika \u0160tik\" \/>\n<meta property=\"article:publisher\" content=\"https:\/\/www.facebook.com\/dikastik.hr\/\" \/>\n<meta property=\"article:modified_time\" content=\"2025-10-27T14:11:10+00:00\" \/>\n<meta property=\"og:image\" content=\"https:\/\/dika.hr\/shop\/wp-content\/uploads\/2025\/10\/ka590-beige-a1.jpg\" \/>\n\t<meta property=\"og:image:width\" content=\"486\" \/>\n\t<meta property=\"og:image:height\" content=\"640\" \/>\n\t<meta property=\"og:image:type\" content=\"image\/jpeg\" \/>\n<meta name=\"twitter:card\" content=\"summary_large_image\" \/>\n<script type=\"application\/ld+json\" class=\"yoast-schema-graph\">{\"@context\":\"https:\\\/\\\/schema.org\",\"@graph\":[{\"@type\":\"WebPage\",\"@id\":\"https:\\\/\\\/dika.hr\\\/shop\\\/proizvod\\\/lovacka-kosulja\\\/\",\"url\":\"https:\\\/\\\/dika.hr\\\/shop\\\/proizvod\\\/lovacka-kosulja\\\/\",\"name\":\"LOVA\u010cKA SVE\u010cANA KO\u0160ULJA - Dika \u0160tik\",\"isPartOf\":{\"@id\":\"https:\\\/\\\/dika.hr\\\/shop\\\/#website\"},\"primaryImageOfPage\":{\"@id\":\"https:\\\/\\\/dika.hr\\\/shop\\\/proizvod\\\/lovacka-kosulja\\\/#primaryimage\"},\"image\":{\"@id\":\"https:\\\/\\\/dika.hr\\\/shop\\\/proizvod\\\/lovacka-kosulja\\\/#primaryimage\"},\"thumbnailUrl\":\"https:\\\/\\\/dika.hr\\\/shop\\\/wp-content\\\/uploads\\\/2025\\\/10\\\/ka590-beige-a1.jpg\",\"datePublished\":\"2025-10-27T12:55:53+00:00\",\"dateModified\":\"2025-10-27T14:11:10+00:00\",\"breadcrumb\":{\"@id\":\"https:\\\/\\\/dika.hr\\\/shop\\\/proizvod\\\/lovacka-kosulja\\\/#breadcrumb\"},\"inLanguage\":\"hr\",\"potentialAction\":[{\"@type\":\"ReadAction\",\"target\":[\"https:\\\/\\\/dika.hr\\\/shop\\\/proizvod\\\/lovacka-kosulja\\\/\"]}]},{\"@type\":\"ImageObject\",\"inLanguage\":\"hr\",\"@id\":\"https:\\\/\\\/dika.hr\\\/shop\\\/proizvod\\\/lovacka-kosulja\\\/#primaryimage\",\"url\":\"https:\\\/\\\/dika.hr\\\/shop\\\/wp-content\\\/uploads\\\/2025\\\/10\\\/ka590-beige-a1.jpg\",\"contentUrl\":\"https:\\\/\\\/dika.hr\\\/shop\\\/wp-content\\\/uploads\\\/2025\\\/10\\\/ka590-beige-a1.jpg\",\"width\":486,\"height\":640},{\"@type\":\"BreadcrumbList\",\"@id\":\"https:\\\/\\\/dika.hr\\\/shop\\\/proizvod\\\/lovacka-kosulja\\\/#breadcrumb\",\"itemListElement\":[{\"@type\":\"ListItem\",\"position\":1,\"name\":\"Po\u010detna stranica\",\"item\":\"https:\\\/\\\/dika.hr\\\/shop\\\/\"},{\"@type\":\"ListItem\",\"position\":2,\"name\":\"Trgovina\",\"item\":\"https:\\\/\\\/dika.hr\\\/shop\\\/trgovina\\\/\"},{\"@type\":\"ListItem\",\"position\":3,\"name\":\"LOVA\u010cKA SVE\u010cANA KO\u0160ULJA\"}]},{\"@type\":\"WebSite\",\"@id\":\"https:\\\/\\\/dika.hr\\\/shop\\\/#website\",\"url\":\"https:\\\/\\\/dika.hr\\\/shop\\\/\",\"name\":\"Dika \u0160tik\",\"description\":\"\",\"publisher\":{\"@id\":\"https:\\\/\\\/dika.hr\\\/shop\\\/#organization\"},\"potentialAction\":[{\"@type\":\"SearchAction\",\"target\":{\"@type\":\"EntryPoint\",\"urlTemplate\":\"https:\\\/\\\/dika.hr\\\/shop\\\/?s={search_term_string}\"},\"query-input\":{\"@type\":\"PropertyValueSpecification\",\"valueRequired\":true,\"valueName\":\"search_term_string\"}}],\"inLanguage\":\"hr\"},{\"@type\":\"Organization\",\"@id\":\"https:\\\/\\\/dika.hr\\\/shop\\\/#organization\",\"name\":\"Dika \u0160tik\",\"url\":\"https:\\\/\\\/dika.hr\\\/shop\\\/\",\"logo\":{\"@type\":\"ImageObject\",\"inLanguage\":\"hr\",\"@id\":\"https:\\\/\\\/dika.hr\\\/shop\\\/#\\\/schema\\\/logo\\\/image\\\/\",\"url\":\"https:\\\/\\\/dika.hr\\\/shop\\\/wp-content\\\/uploads\\\/2024\\\/09\\\/dika_shop_logo-2.png\",\"contentUrl\":\"https:\\\/\\\/dika.hr\\\/shop\\\/wp-content\\\/uploads\\\/2024\\\/09\\\/dika_shop_logo-2.png\",\"width\":400,\"height\":109,\"caption\":\"Dika \u0160tik\"},\"image\":{\"@id\":\"https:\\\/\\\/dika.hr\\\/shop\\\/#\\\/schema\\\/logo\\\/image\\\/\"},\"sameAs\":[\"https:\\\/\\\/www.facebook.com\\\/dikastik.hr\\\/\"]}]}<\/script>\n<!-- \/ Yoast SEO plugin. -->","yoast_head_json":{"title":"LOVA\u010cKA SVE\u010cANA KO\u0160ULJA - Dika \u0160tik","robots":{"index":"index","follow":"follow","max-snippet":"max-snippet:-1","max-image-preview":"max-image-preview:large","max-video-preview":"max-video-preview:-1"},"canonical":"https:\/\/dika.hr\/shop\/proizvod\/lovacka-kosulja\/","og_locale":"hr_HR","og_type":"article","og_title":"LOVA\u010cKA SVE\u010cANA KO\u0160ULJA - Dika \u0160tik","og_description":"Ko\u0161ulja marke Kariban u be\u017e boji 120 g\/m2 100 % pamuk Tkanina poplin Ovratnik bez gumba 2 na\u0161ivena d\u017eepa s prednjim preklopom Podesive man\u0161ete s gumbom na kraju Rukavi na zavrtanje s gumbom na pritisak Isprana tkanina Proizvod je posebno obra\u0111en da bi se postigao ispran izgled Ovim procesom proizvodnje dobivaju se razli\u010dite nijanse boja, [&hellip;]","og_url":"https:\/\/dika.hr\/shop\/proizvod\/lovacka-kosulja\/","og_site_name":"Dika \u0160tik","article_publisher":"https:\/\/www.facebook.com\/dikastik.hr\/","article_modified_time":"2025-10-27T14:11:10+00:00","og_image":[{"width":486,"height":640,"url":"https:\/\/dika.hr\/shop\/wp-content\/uploads\/2025\/10\/ka590-beige-a1.jpg","type":"image\/jpeg"}],"twitter_card":"summary_large_image","schema":{"@context":"https:\/\/schema.org","@graph":[{"@type":"WebPage","@id":"https:\/\/dika.hr\/shop\/proizvod\/lovacka-kosulja\/","url":"https:\/\/dika.hr\/shop\/proizvod\/lovacka-kosulja\/","name":"LOVA\u010cKA SVE\u010cANA KO\u0160ULJA - Dika \u0160tik","isPartOf":{"@id":"https:\/\/dika.hr\/shop\/#website"},"primaryImageOfPage":{"@id":"https:\/\/dika.hr\/shop\/proizvod\/lovacka-kosulja\/#primaryimage"},"image":{"@id":"https:\/\/dika.hr\/shop\/proizvod\/lovacka-kosulja\/#primaryimage"},"thumbnailUrl":"https:\/\/dika.hr\/shop\/wp-content\/uploads\/2025\/10\/ka590-beige-a1.jpg","datePublished":"2025-10-27T12:55:53+00:00","dateModified":"2025-10-27T14:11:10+00:00","breadcrumb":{"@id":"https:\/\/dika.hr\/shop\/proizvod\/lovacka-kosulja\/#breadcrumb"},"inLanguage":"hr","potentialAction":[{"@type":"ReadAction","target":["https:\/\/dika.hr\/shop\/proizvod\/lovacka-kosulja\/"]}]},{"@type":"ImageObject","inLanguage":"hr","@id":"https:\/\/dika.hr\/shop\/proizvod\/lovacka-kosulja\/#primaryimage","url":"https:\/\/dika.hr\/shop\/wp-content\/uploads\/2025\/10\/ka590-beige-a1.jpg","contentUrl":"https:\/\/dika.hr\/shop\/wp-content\/uploads\/2025\/10\/ka590-beige-a1.jpg","width":486,"height":640},{"@type":"BreadcrumbList","@id":"https:\/\/dika.hr\/shop\/proizvod\/lovacka-kosulja\/#breadcrumb","itemListElement":[{"@type":"ListItem","position":1,"name":"Po\u010detna stranica","item":"https:\/\/dika.hr\/shop\/"},{"@type":"ListItem","position":2,"name":"Trgovina","item":"https:\/\/dika.hr\/shop\/trgovina\/"},{"@type":"ListItem","position":3,"name":"LOVA\u010cKA SVE\u010cANA KO\u0160ULJA"}]},{"@type":"WebSite","@id":"https:\/\/dika.hr\/shop\/#website","url":"https:\/\/dika.hr\/shop\/","name":"Dika \u0160tik","description":"","publisher":{"@id":"https:\/\/dika.hr\/shop\/#organization"},"potentialAction":[{"@type":"SearchAction","target":{"@type":"EntryPoint","urlTemplate":"https:\/\/dika.hr\/shop\/?s={search_term_string}"},"query-input":{"@type":"PropertyValueSpecification","valueRequired":true,"valueName":"search_term_string"}}],"inLanguage":"hr"},{"@type":"Organization","@id":"https:\/\/dika.hr\/shop\/#organization","name":"Dika \u0160tik","url":"https:\/\/dika.hr\/shop\/","logo":{"@type":"ImageObject","inLanguage":"hr","@id":"https:\/\/dika.hr\/shop\/#\/schema\/logo\/image\/","url":"https:\/\/dika.hr\/shop\/wp-content\/uploads\/2024\/09\/dika_shop_logo-2.png","contentUrl":"https:\/\/dika.hr\/shop\/wp-content\/uploads\/2024\/09\/dika_shop_logo-2.png","width":400,"height":109,"caption":"Dika \u0160tik"},"image":{"@id":"https:\/\/dika.hr\/shop\/#\/schema\/logo\/image\/"},"sameAs":["https:\/\/www.facebook.com\/dikastik.hr\/"]}]}},"_links":{"self":[{"href":"https:\/\/dika.hr\/shop\/wp-json\/wp\/v2\/product\/10340","targetHints":{"allow":["GET"]}}],"collection":[{"href":"https:\/\/dika.hr\/shop\/wp-json\/wp\/v2\/product"}],"about":[{"href":"https:\/\/dika.hr\/shop\/wp-json\/wp\/v2\/types\/product"}],"version-history":[{"count":1,"href":"https:\/\/dika.hr\/shop\/wp-json\/wp\/v2\/product\/10340\/revisions"}],"predecessor-version":[{"id":10351,"href":"https:\/\/dika.hr\/shop\/wp-json\/wp\/v2\/product\/10340\/revisions\/10351"}],"wp:featuredmedia":[{"embeddable":true,"href":"https:\/\/dika.hr\/shop\/wp-json\/wp\/v2\/media\/10347"}],"wp:attachment":[{"href":"https:\/\/dika.hr\/shop\/wp-json\/wp\/v2\/media?parent=10340"}],"wp:term":[{"taxonomy":"product_brand","embeddable":true,"href":"https:\/\/dika.hr\/shop\/wp-json\/wp\/v2\/product_brand?post=10340"},{"taxonomy":"product_cat","embeddable":true,"href":"https:\/\/dika.hr\/shop\/wp-json\/wp\/v2\/product_cat?post=10340"},{"taxonomy":"product_tag","embeddable":true,"href":"https:\/\/dika.hr\/shop\/wp-json\/wp\/v2\/product_tag?post=10340"}],"curies":[{"name":"wp","href":"https:\/\/api.w.org\/{rel}","templated":true}]}}