{"id":1055,"date":"2024-08-12T09:07:28","date_gmt":"2024-08-12T07:07:28","guid":{"rendered":"https:\/\/dika.hr\/shop\/?post_type=product&#038;p=1055"},"modified":"2026-04-09T11:35:09","modified_gmt":"2026-04-09T09:35:09","slug":"prsluk-reporter","status":"publish","type":"product","link":"https:\/\/dika.hr\/shop\/proizvod\/prsluk-reporter\/","title":{"rendered":"Prsluk Reporter"},"content":{"rendered":"<p>Prsluk Reporter s vi\u0161estrukim d\u017eepovima:<u><\/u><u><\/u><\/p>\n<p>Prigodan za \u00a0lov i ribolov<u><\/u><u><\/u><\/p>\n<p><u><\/u>1.\u00a0\u00a0\u00a0\u00a0\u00a0\u00a0<u><\/u>Centralni patentni zatvara\u010d s ru\u010dkicom.<br \/>\n2. Ovratnik V-izreza.<br \/>\n3. Tri d\u017eepa na prsima sa zatvara\u010dem na \u010di\u010dak.<br \/>\n4. Gornji d\u017eep sa multifunkcionalnim prstenom.<br \/>\n4. Dva bo\u010dna d\u017eepa sa zatvara\u010dem i kva\u010dicom, dva preklapaju\u0107a d\u017eepa sa zatvara\u010dem na \u010di\u010dak.<br \/>\n5. Dva stra\u017enja d\u017eepa sa plaketom i zatvara\u010dem na \u010di\u010dak.<br \/>\n6. Ovratnik, otvor za rukav i tubovi sa ukrasima.<u><\/u><u><\/u><\/p>\n<p>65% poliester \/ 35% pamuk, 200 g\/m2.<u><\/u><u><\/u><\/p>\n<p>Sa logom ili bez<u><\/u><u><\/u><\/p>\n<p>Prsluk koji moraju imati svi ribi\u010di i lovci<\/p>\n","protected":false},"excerpt":{"rendered":"<p>Prsluk Reporter s vi\u0161estrukim d\u017eepovima: Prigodan za \u00a0lov i ribolov 1.\u00a0\u00a0\u00a0\u00a0\u00a0\u00a0Centralni patentni zatvara\u010d s ru\u010dkicom. 2. Ovratnik V-izreza. 3. Tri d\u017eepa na prsima sa zatvara\u010dem na \u010di\u010dak. 4. Gornji d\u017eep sa multifunkcionalnim prstenom. 4. Dva bo\u010dna d\u017eepa sa zatvara\u010dem i kva\u010dicom, dva preklapaju\u0107a d\u017eepa sa zatvara\u010dem na \u010di\u010dak. 5. Dva stra\u017enja d\u017eepa sa plaketom i [&hellip;]<\/p>\n","protected":false},"featured_media":1077,"template":"","meta":{"_acf_changed":false,"inline_featured_image":false},"product_brand":[],"product_cat":[282,111],"product_tag":[],"class_list":{"0":"post-1055","1":"product","2":"type-product","3":"status-publish","4":"has-post-thumbnail","6":"product_cat-ribicki-prsluci","7":"product_cat-ribicki-asortiman","9":"first","10":"instock","11":"taxable","12":"shipping-taxable","13":"purchasable","14":"product-type-variable"},"acf":[],"yoast_head":"<!-- This site is optimized with the Yoast SEO plugin v27.3 - https:\/\/yoast.com\/product\/yoast-seo-wordpress\/ -->\n<title>Prsluk Reporter - Dika \u0160tik<\/title>\n<meta name=\"robots\" content=\"index, follow, max-snippet:-1, max-image-preview:large, max-video-preview:-1\" \/>\n<link rel=\"canonical\" href=\"https:\/\/dika.hr\/shop\/proizvod\/prsluk-reporter\/\" \/>\n<meta property=\"og:locale\" content=\"hr_HR\" \/>\n<meta property=\"og:type\" content=\"article\" \/>\n<meta property=\"og:title\" content=\"Prsluk Reporter - Dika \u0160tik\" \/>\n<meta property=\"og:description\" content=\"Prsluk Reporter s vi\u0161estrukim d\u017eepovima: Prigodan za \u00a0lov i ribolov 1.\u00a0\u00a0\u00a0\u00a0\u00a0\u00a0Centralni patentni zatvara\u010d s ru\u010dkicom. 2. Ovratnik V-izreza. 3. Tri d\u017eepa na prsima sa zatvara\u010dem na \u010di\u010dak. 4. Gornji d\u017eep sa multifunkcionalnim prstenom. 4. Dva bo\u010dna d\u017eepa sa zatvara\u010dem i kva\u010dicom, dva preklapaju\u0107a d\u017eepa sa zatvara\u010dem na \u010di\u010dak. 5. Dva stra\u017enja d\u017eepa sa plaketom i [&hellip;]\" \/>\n<meta property=\"og:url\" content=\"https:\/\/dika.hr\/shop\/proizvod\/prsluk-reporter\/\" \/>\n<meta property=\"og:site_name\" content=\"Dika \u0160tik\" \/>\n<meta property=\"article:publisher\" content=\"https:\/\/www.facebook.com\/dikastik.hr\/\" \/>\n<meta property=\"article:modified_time\" content=\"2026-04-09T09:35:09+00:00\" \/>\n<meta property=\"og:image\" content=\"https:\/\/dika.hr\/shop\/wp-content\/uploads\/2024\/08\/pr1.jpg\" \/>\n\t<meta property=\"og:image:width\" content=\"1000\" \/>\n\t<meta property=\"og:image:height\" content=\"1000\" \/>\n\t<meta property=\"og:image:type\" content=\"image\/jpeg\" \/>\n<meta name=\"twitter:card\" content=\"summary_large_image\" \/>\n<script type=\"application\/ld+json\" class=\"yoast-schema-graph\">{\"@context\":\"https:\\\/\\\/schema.org\",\"@graph\":[{\"@type\":\"WebPage\",\"@id\":\"https:\\\/\\\/dika.hr\\\/shop\\\/proizvod\\\/prsluk-reporter\\\/\",\"url\":\"https:\\\/\\\/dika.hr\\\/shop\\\/proizvod\\\/prsluk-reporter\\\/\",\"name\":\"Prsluk Reporter - Dika \u0160tik\",\"isPartOf\":{\"@id\":\"https:\\\/\\\/dika.hr\\\/shop\\\/#website\"},\"primaryImageOfPage\":{\"@id\":\"https:\\\/\\\/dika.hr\\\/shop\\\/proizvod\\\/prsluk-reporter\\\/#primaryimage\"},\"image\":{\"@id\":\"https:\\\/\\\/dika.hr\\\/shop\\\/proizvod\\\/prsluk-reporter\\\/#primaryimage\"},\"thumbnailUrl\":\"https:\\\/\\\/dika.hr\\\/shop\\\/wp-content\\\/uploads\\\/2024\\\/08\\\/pr1.jpg\",\"datePublished\":\"2024-08-12T07:07:28+00:00\",\"dateModified\":\"2026-04-09T09:35:09+00:00\",\"breadcrumb\":{\"@id\":\"https:\\\/\\\/dika.hr\\\/shop\\\/proizvod\\\/prsluk-reporter\\\/#breadcrumb\"},\"inLanguage\":\"hr\",\"potentialAction\":[{\"@type\":\"ReadAction\",\"target\":[\"https:\\\/\\\/dika.hr\\\/shop\\\/proizvod\\\/prsluk-reporter\\\/\"]}]},{\"@type\":\"ImageObject\",\"inLanguage\":\"hr\",\"@id\":\"https:\\\/\\\/dika.hr\\\/shop\\\/proizvod\\\/prsluk-reporter\\\/#primaryimage\",\"url\":\"https:\\\/\\\/dika.hr\\\/shop\\\/wp-content\\\/uploads\\\/2024\\\/08\\\/pr1.jpg\",\"contentUrl\":\"https:\\\/\\\/dika.hr\\\/shop\\\/wp-content\\\/uploads\\\/2024\\\/08\\\/pr1.jpg\",\"width\":1000,\"height\":1000},{\"@type\":\"BreadcrumbList\",\"@id\":\"https:\\\/\\\/dika.hr\\\/shop\\\/proizvod\\\/prsluk-reporter\\\/#breadcrumb\",\"itemListElement\":[{\"@type\":\"ListItem\",\"position\":1,\"name\":\"Po\u010detna stranica\",\"item\":\"https:\\\/\\\/dika.hr\\\/shop\\\/\"},{\"@type\":\"ListItem\",\"position\":2,\"name\":\"Trgovina\",\"item\":\"https:\\\/\\\/dika.hr\\\/shop\\\/trgovina\\\/\"},{\"@type\":\"ListItem\",\"position\":3,\"name\":\"Prsluk Reporter\"}]},{\"@type\":\"WebSite\",\"@id\":\"https:\\\/\\\/dika.hr\\\/shop\\\/#website\",\"url\":\"https:\\\/\\\/dika.hr\\\/shop\\\/\",\"name\":\"Dika \u0160tik\",\"description\":\"\",\"publisher\":{\"@id\":\"https:\\\/\\\/dika.hr\\\/shop\\\/#organization\"},\"potentialAction\":[{\"@type\":\"SearchAction\",\"target\":{\"@type\":\"EntryPoint\",\"urlTemplate\":\"https:\\\/\\\/dika.hr\\\/shop\\\/?s={search_term_string}\"},\"query-input\":{\"@type\":\"PropertyValueSpecification\",\"valueRequired\":true,\"valueName\":\"search_term_string\"}}],\"inLanguage\":\"hr\"},{\"@type\":\"Organization\",\"@id\":\"https:\\\/\\\/dika.hr\\\/shop\\\/#organization\",\"name\":\"Dika \u0160tik\",\"url\":\"https:\\\/\\\/dika.hr\\\/shop\\\/\",\"logo\":{\"@type\":\"ImageObject\",\"inLanguage\":\"hr\",\"@id\":\"https:\\\/\\\/dika.hr\\\/shop\\\/#\\\/schema\\\/logo\\\/image\\\/\",\"url\":\"https:\\\/\\\/dika.hr\\\/shop\\\/wp-content\\\/uploads\\\/2024\\\/09\\\/dika_shop_logo-2.png\",\"contentUrl\":\"https:\\\/\\\/dika.hr\\\/shop\\\/wp-content\\\/uploads\\\/2024\\\/09\\\/dika_shop_logo-2.png\",\"width\":400,\"height\":109,\"caption\":\"Dika \u0160tik\"},\"image\":{\"@id\":\"https:\\\/\\\/dika.hr\\\/shop\\\/#\\\/schema\\\/logo\\\/image\\\/\"},\"sameAs\":[\"https:\\\/\\\/www.facebook.com\\\/dikastik.hr\\\/\"]}]}<\/script>\n<!-- \/ Yoast SEO plugin. -->","yoast_head_json":{"title":"Prsluk Reporter - Dika \u0160tik","robots":{"index":"index","follow":"follow","max-snippet":"max-snippet:-1","max-image-preview":"max-image-preview:large","max-video-preview":"max-video-preview:-1"},"canonical":"https:\/\/dika.hr\/shop\/proizvod\/prsluk-reporter\/","og_locale":"hr_HR","og_type":"article","og_title":"Prsluk Reporter - Dika \u0160tik","og_description":"Prsluk Reporter s vi\u0161estrukim d\u017eepovima: Prigodan za \u00a0lov i ribolov 1.\u00a0\u00a0\u00a0\u00a0\u00a0\u00a0Centralni patentni zatvara\u010d s ru\u010dkicom. 2. Ovratnik V-izreza. 3. Tri d\u017eepa na prsima sa zatvara\u010dem na \u010di\u010dak. 4. Gornji d\u017eep sa multifunkcionalnim prstenom. 4. Dva bo\u010dna d\u017eepa sa zatvara\u010dem i kva\u010dicom, dva preklapaju\u0107a d\u017eepa sa zatvara\u010dem na \u010di\u010dak. 5. Dva stra\u017enja d\u017eepa sa plaketom i [&hellip;]","og_url":"https:\/\/dika.hr\/shop\/proizvod\/prsluk-reporter\/","og_site_name":"Dika \u0160tik","article_publisher":"https:\/\/www.facebook.com\/dikastik.hr\/","article_modified_time":"2026-04-09T09:35:09+00:00","og_image":[{"width":1000,"height":1000,"url":"https:\/\/dika.hr\/shop\/wp-content\/uploads\/2024\/08\/pr1.jpg","type":"image\/jpeg"}],"twitter_card":"summary_large_image","schema":{"@context":"https:\/\/schema.org","@graph":[{"@type":"WebPage","@id":"https:\/\/dika.hr\/shop\/proizvod\/prsluk-reporter\/","url":"https:\/\/dika.hr\/shop\/proizvod\/prsluk-reporter\/","name":"Prsluk Reporter - Dika \u0160tik","isPartOf":{"@id":"https:\/\/dika.hr\/shop\/#website"},"primaryImageOfPage":{"@id":"https:\/\/dika.hr\/shop\/proizvod\/prsluk-reporter\/#primaryimage"},"image":{"@id":"https:\/\/dika.hr\/shop\/proizvod\/prsluk-reporter\/#primaryimage"},"thumbnailUrl":"https:\/\/dika.hr\/shop\/wp-content\/uploads\/2024\/08\/pr1.jpg","datePublished":"2024-08-12T07:07:28+00:00","dateModified":"2026-04-09T09:35:09+00:00","breadcrumb":{"@id":"https:\/\/dika.hr\/shop\/proizvod\/prsluk-reporter\/#breadcrumb"},"inLanguage":"hr","potentialAction":[{"@type":"ReadAction","target":["https:\/\/dika.hr\/shop\/proizvod\/prsluk-reporter\/"]}]},{"@type":"ImageObject","inLanguage":"hr","@id":"https:\/\/dika.hr\/shop\/proizvod\/prsluk-reporter\/#primaryimage","url":"https:\/\/dika.hr\/shop\/wp-content\/uploads\/2024\/08\/pr1.jpg","contentUrl":"https:\/\/dika.hr\/shop\/wp-content\/uploads\/2024\/08\/pr1.jpg","width":1000,"height":1000},{"@type":"BreadcrumbList","@id":"https:\/\/dika.hr\/shop\/proizvod\/prsluk-reporter\/#breadcrumb","itemListElement":[{"@type":"ListItem","position":1,"name":"Po\u010detna stranica","item":"https:\/\/dika.hr\/shop\/"},{"@type":"ListItem","position":2,"name":"Trgovina","item":"https:\/\/dika.hr\/shop\/trgovina\/"},{"@type":"ListItem","position":3,"name":"Prsluk Reporter"}]},{"@type":"WebSite","@id":"https:\/\/dika.hr\/shop\/#website","url":"https:\/\/dika.hr\/shop\/","name":"Dika \u0160tik","description":"","publisher":{"@id":"https:\/\/dika.hr\/shop\/#organization"},"potentialAction":[{"@type":"SearchAction","target":{"@type":"EntryPoint","urlTemplate":"https:\/\/dika.hr\/shop\/?s={search_term_string}"},"query-input":{"@type":"PropertyValueSpecification","valueRequired":true,"valueName":"search_term_string"}}],"inLanguage":"hr"},{"@type":"Organization","@id":"https:\/\/dika.hr\/shop\/#organization","name":"Dika \u0160tik","url":"https:\/\/dika.hr\/shop\/","logo":{"@type":"ImageObject","inLanguage":"hr","@id":"https:\/\/dika.hr\/shop\/#\/schema\/logo\/image\/","url":"https:\/\/dika.hr\/shop\/wp-content\/uploads\/2024\/09\/dika_shop_logo-2.png","contentUrl":"https:\/\/dika.hr\/shop\/wp-content\/uploads\/2024\/09\/dika_shop_logo-2.png","width":400,"height":109,"caption":"Dika \u0160tik"},"image":{"@id":"https:\/\/dika.hr\/shop\/#\/schema\/logo\/image\/"},"sameAs":["https:\/\/www.facebook.com\/dikastik.hr\/"]}]}},"_links":{"self":[{"href":"https:\/\/dika.hr\/shop\/wp-json\/wp\/v2\/product\/1055","targetHints":{"allow":["GET"]}}],"collection":[{"href":"https:\/\/dika.hr\/shop\/wp-json\/wp\/v2\/product"}],"about":[{"href":"https:\/\/dika.hr\/shop\/wp-json\/wp\/v2\/types\/product"}],"version-history":[{"count":1,"href":"https:\/\/dika.hr\/shop\/wp-json\/wp\/v2\/product\/1055\/revisions"}],"predecessor-version":[{"id":12818,"href":"https:\/\/dika.hr\/shop\/wp-json\/wp\/v2\/product\/1055\/revisions\/12818"}],"wp:featuredmedia":[{"embeddable":true,"href":"https:\/\/dika.hr\/shop\/wp-json\/wp\/v2\/media\/1077"}],"wp:attachment":[{"href":"https:\/\/dika.hr\/shop\/wp-json\/wp\/v2\/media?parent=1055"}],"wp:term":[{"taxonomy":"product_brand","embeddable":true,"href":"https:\/\/dika.hr\/shop\/wp-json\/wp\/v2\/product_brand?post=1055"},{"taxonomy":"product_cat","embeddable":true,"href":"https:\/\/dika.hr\/shop\/wp-json\/wp\/v2\/product_cat?post=1055"},{"taxonomy":"product_tag","embeddable":true,"href":"https:\/\/dika.hr\/shop\/wp-json\/wp\/v2\/product_tag?post=1055"}],"curies":[{"name":"wp","href":"https:\/\/api.w.org\/{rel}","templated":true}]}}