{"id":10831,"date":"2025-12-01T09:01:20","date_gmt":"2025-12-01T08:01:20","guid":{"rendered":"https:\/\/dika.hr\/shop\/?post_type=product&#038;p=10831"},"modified":"2026-03-26T08:48:57","modified_gmt":"2026-03-26T07:48:57","slug":"exlusive-lovacka-majica-dr-felpa-kopiraj","status":"publish","type":"product","link":"https:\/\/dika.hr\/shop\/proizvod\/exlusive-lovacka-majica-dr-felpa-kopiraj\/","title":{"rendered":"EXLUSIVE LOVA\u010cKA MAJICA DUGI RUKAV FELPA SA LOGOM HLS-a"},"content":{"rendered":"<div>EXLUSIVE LOVA\u010cKA MAJICA DUGI RUKAV FELPA SA LOGOM HLS-a<\/div>\n<div><\/div>\n<div>Mu\u0161ka lova\u010dka majica dugih rukava s logotipom <strong>Hrvatskog lova\u010dkog saveza<\/strong> savr\u0161en je izbor za sve koji \u017eele nositi prepoznatljiv simbol lovstva kroz cijelu godinu. Ovaj model kombinira klasi\u010dan izgled i prakti\u010dnost, \u0161to ga \u010dini odli\u010dnim rje\u0161enjem za boravak u prirodi, lov, rad na terenu ili svakodnevne aktivnosti.<\/div>\n<div class=\"Description__description-sizes\">\n<div class=\"flex flex-col text-sm pb-25\">\n<section class=\"text-token-text-primary w-full focus:outline-none [--shadow-height:45px] has-data-writing-block:pointer-events-none has-data-writing-block:-mt-(--shadow-height) has-data-writing-block:pt-(--shadow-height) [&amp;:has([data-writing-block])&gt;*]:pointer-events-auto scroll-mt-[calc(var(--header-height)+min(200px,max(70px,20svh)))]\" dir=\"auto\" data-turn-id=\"request-WEB:f9280d30-476a-4e30-99d1-22803742dbc5-16\" data-testid=\"conversation-turn-4\" data-scroll-anchor=\"true\" data-turn=\"assistant\">\n<div class=\"text-base my-auto mx-auto pb-10 [--thread-content-margin:var(--thread-content-margin-xs,calc(var(--spacing)*4))] @w-sm\/main:[--thread-content-margin:var(--thread-content-margin-sm,calc(var(--spacing)*6))] @w-lg\/main:[--thread-content-margin:var(--thread-content-margin-lg,calc(var(--spacing)*16))] px-(--thread-content-margin)\">\n<div class=\"[--thread-content-max-width:40rem] @w-lg\/main:[--thread-content-max-width:48rem] mx-auto max-w-(--thread-content-max-width) flex-1 group\/turn-messages focus-visible:outline-hidden relative flex w-full min-w-0 flex-col agent-turn\">\n<div class=\"flex max-w-full flex-col gap-4 grow\">\n<div class=\"min-h-8 text-message relative flex w-full flex-col items-end gap-2 text-start break-words whitespace-normal outline-none keyboard-focused:focus-ring [.text-message+&amp;]:mt-1\" dir=\"auto\" tabindex=\"0\" data-message-author-role=\"assistant\" data-message-id=\"988b1206-317c-445e-90b0-c3eac5262c28\" data-message-model-slug=\"gpt-5-3\" data-turn-start-message=\"true\">\n<div class=\"flex w-full flex-col gap-1 empty:hidden\">\n<div class=\"markdown prose dark:prose-invert w-full wrap-break-word light markdown-new-styling\">\n<p data-start=\"315\" data-end=\"585\">Izra\u0111ena kao felpa s mekano obra\u0111enom i \u010dupavljenom unutarnjom stranom, majica osigurava ugodan osje\u0107aj tijekom no\u0161enja i dodatnu toplinu u hladnijim uvjetima. Istovremeno je dovoljno lagana za prijelazna razdoblja, \u0161to je \u010dini idealnom za no\u0161enje tijekom cijele godine.<\/p>\n<p data-start=\"587\" data-end=\"897\">Ravan kroj s bo\u010dnim \u0161avovima omogu\u0107uje prirodno pristajanje bez sputavanja pokreta. Donji rub, man\u0161ete i izrez izra\u0111eni su od rebrastog pletiva s dodatkom elastana kako bi majica zadr\u017eala oblik i nakon u\u010destalog no\u0161enja i pranja. Kvalitetna izrada i pa\u017enja na detalje \u010dine je pouzdanim izborom za svakog lovca.<\/p>\n<p data-start=\"899\" data-end=\"1134\">Logotip HLS-a mo\u017ee biti izra\u0111en razli\u010ditim tehnikama poput veza, sitotiska ili transfera, \u010dime se dodatno nagla\u0161ava autenti\u010dnost i prepoznatljiv izgled. Dostupna je u veli\u010dinama od S do 3XL, pa lako mo\u017ee\u0161 prona\u0107i odgovaraju\u0107u veli\u010dinu.<\/p>\n<p data-start=\"1136\" data-end=\"1263\">Ako tra\u017ei\u0161 lova\u010dku majicu dugih rukava koja je prakti\u010dna, ugodna i spremna za sve uvjete \u2013 ovo je model na koji mo\u017ee\u0161 ra\u010dunati.<\/p>\n<p data-start=\"1265\" data-end=\"1284\"><strong data-start=\"1265\" data-end=\"1284\">Karakteristike:<\/strong><\/p>\n<ul data-start=\"1285\" data-end=\"1738\" data-is-last-node=\"\" data-is-only-node=\"\">\n<li data-start=\"1285\" data-end=\"1338\">Mu\u0161ka lova\u010dka majica dugih rukava s HLS logotipom<\/li>\n<li data-start=\"1339\" data-end=\"1370\">Gornji dio trenirke (felpa)<\/li>\n<li data-start=\"1371\" data-end=\"1421\">Mekana, \u010de\u0161ljana i \u010dupavljena unutarnja strana<\/li>\n<li data-start=\"1422\" data-end=\"1454\">Ravan kroj s bo\u010dnim \u0161avovima<\/li>\n<li data-start=\"1455\" data-end=\"1516\">Rebrasti zavr\u0161eci (rukavi, izrez i donji rub) s elastanom<\/li>\n<li data-start=\"1517\" data-end=\"1535\">Utkana etiketa<\/li>\n<li data-start=\"1536\" data-end=\"1609\">Mogu\u0107nost razli\u010ditih vrsta aplikacija (vez, sitotisak, transfer itd.)<\/li>\n<li data-start=\"1610\" data-end=\"1631\">Veli\u010dine: S \u2013 3XL<\/li>\n<li data-start=\"1632\" data-end=\"1662\">Najmanja narud\u017eba: 1 komad<\/li>\n<li data-start=\"1663\" data-end=\"1695\">Pakiranje: 1 komad u vre\u0107ici<\/li>\n<li data-start=\"1696\" data-end=\"1738\" data-is-last-node=\"\">Pogodna za no\u0161enje tijekom cijele godine<\/li>\n<\/ul>\n<\/div>\n<\/div>\n<\/div>\n<\/div>\n<div class=\"z-0 flex min-h-[46px] justify-start\"><\/div>\n<div class=\"mt-3 w-full empty:hidden\">\n<div class=\"text-center\"><\/div>\n<\/div>\n<\/div>\n<\/div>\n<\/section>\n<\/div>\n<div class=\"pointer-events-none h-px w-px absolute bottom-0\" aria-hidden=\"true\" data-edge=\"true\"><\/div>\n<\/div>\n","protected":false},"excerpt":{"rendered":"<p>Va\u0161 personalizirani logo ili natpis po \u017eelji napla\u0107uje se dodatno. Va\u0161e upite \u0161aljite na e-mail:\u00a0 shop@dika.hr<\/p>\n<p>&nbsp;<\/p>\n<div id=\"gtx-trans\">\n<div class=\"gtx-trans-icon\"><\/div>\n<\/div>\n","protected":false},"featured_media":10844,"template":"","meta":{"_acf_changed":false,"inline_featured_image":false},"product_brand":[],"product_cat":[246,248,16],"product_tag":[],"class_list":{"0":"post-10831","1":"product","2":"type-product","3":"status-publish","4":"has-post-thumbnail","6":"product_cat-hls-trgovina","7":"product_cat-majice-hls","8":"product_cat-lovacki-program","10":"first","11":"instock","12":"taxable","13":"shipping-taxable","14":"purchasable","15":"product-type-variable"},"acf":[],"yoast_head":"<!-- This site is optimized with the Yoast SEO plugin v27.3 - https:\/\/yoast.com\/product\/yoast-seo-wordpress\/ -->\n<title>EXLUSIVE LOVA\u010cKA MAJICA DUGI RUKAV FELPA SA LOGOM HLS-a - Dika \u0160tik<\/title>\n<meta name=\"robots\" content=\"index, follow, max-snippet:-1, max-image-preview:large, max-video-preview:-1\" \/>\n<link rel=\"canonical\" href=\"https:\/\/dika.hr\/shop\/proizvod\/exlusive-lovacka-majica-dr-felpa-kopiraj\/\" \/>\n<meta property=\"og:locale\" content=\"hr_HR\" \/>\n<meta property=\"og:type\" content=\"article\" \/>\n<meta property=\"og:title\" content=\"EXLUSIVE LOVA\u010cKA MAJICA DUGI RUKAV FELPA SA LOGOM HLS-a - Dika \u0160tik\" \/>\n<meta property=\"og:description\" content=\"Va\u0161 personalizirani logo ili natpis po \u017eelji napla\u0107uje se dodatno. Va\u0161e upite \u0161aljite na e-mail:\u00a0 shop@dika.hr  &nbsp;\" \/>\n<meta property=\"og:url\" content=\"https:\/\/dika.hr\/shop\/proizvod\/exlusive-lovacka-majica-dr-felpa-kopiraj\/\" \/>\n<meta property=\"og:site_name\" content=\"Dika \u0160tik\" \/>\n<meta property=\"article:publisher\" content=\"https:\/\/www.facebook.com\/dikastik.hr\/\" \/>\n<meta property=\"article:modified_time\" content=\"2026-03-26T07:48:57+00:00\" \/>\n<meta property=\"og:image\" content=\"https:\/\/dika.hr\/shop\/wp-content\/uploads\/2025\/12\/HLS_406_69_c-scaled.jpg\" \/>\n\t<meta property=\"og:image:width\" content=\"2257\" \/>\n\t<meta property=\"og:image:height\" content=\"2560\" \/>\n\t<meta property=\"og:image:type\" content=\"image\/jpeg\" \/>\n<meta name=\"twitter:card\" content=\"summary_large_image\" \/>\n<meta name=\"twitter:label1\" content=\"Procijenjeno vrijeme \u010ditanja\" \/>\n\t<meta name=\"twitter:data1\" content=\"2 minute\" \/>\n<script type=\"application\/ld+json\" class=\"yoast-schema-graph\">{\"@context\":\"https:\\\/\\\/schema.org\",\"@graph\":[{\"@type\":\"WebPage\",\"@id\":\"https:\\\/\\\/dika.hr\\\/shop\\\/proizvod\\\/exlusive-lovacka-majica-dr-felpa-kopiraj\\\/\",\"url\":\"https:\\\/\\\/dika.hr\\\/shop\\\/proizvod\\\/exlusive-lovacka-majica-dr-felpa-kopiraj\\\/\",\"name\":\"EXLUSIVE LOVA\u010cKA MAJICA DUGI RUKAV FELPA SA LOGOM HLS-a - Dika \u0160tik\",\"isPartOf\":{\"@id\":\"https:\\\/\\\/dika.hr\\\/shop\\\/#website\"},\"primaryImageOfPage\":{\"@id\":\"https:\\\/\\\/dika.hr\\\/shop\\\/proizvod\\\/exlusive-lovacka-majica-dr-felpa-kopiraj\\\/#primaryimage\"},\"image\":{\"@id\":\"https:\\\/\\\/dika.hr\\\/shop\\\/proizvod\\\/exlusive-lovacka-majica-dr-felpa-kopiraj\\\/#primaryimage\"},\"thumbnailUrl\":\"https:\\\/\\\/dika.hr\\\/shop\\\/wp-content\\\/uploads\\\/2025\\\/12\\\/HLS_406_69_c-scaled.jpg\",\"datePublished\":\"2025-12-01T08:01:20+00:00\",\"dateModified\":\"2026-03-26T07:48:57+00:00\",\"breadcrumb\":{\"@id\":\"https:\\\/\\\/dika.hr\\\/shop\\\/proizvod\\\/exlusive-lovacka-majica-dr-felpa-kopiraj\\\/#breadcrumb\"},\"inLanguage\":\"hr\",\"potentialAction\":[{\"@type\":\"ReadAction\",\"target\":[\"https:\\\/\\\/dika.hr\\\/shop\\\/proizvod\\\/exlusive-lovacka-majica-dr-felpa-kopiraj\\\/\"]}]},{\"@type\":\"ImageObject\",\"inLanguage\":\"hr\",\"@id\":\"https:\\\/\\\/dika.hr\\\/shop\\\/proizvod\\\/exlusive-lovacka-majica-dr-felpa-kopiraj\\\/#primaryimage\",\"url\":\"https:\\\/\\\/dika.hr\\\/shop\\\/wp-content\\\/uploads\\\/2025\\\/12\\\/HLS_406_69_c-scaled.jpg\",\"contentUrl\":\"https:\\\/\\\/dika.hr\\\/shop\\\/wp-content\\\/uploads\\\/2025\\\/12\\\/HLS_406_69_c-scaled.jpg\",\"width\":2257,\"height\":2560},{\"@type\":\"BreadcrumbList\",\"@id\":\"https:\\\/\\\/dika.hr\\\/shop\\\/proizvod\\\/exlusive-lovacka-majica-dr-felpa-kopiraj\\\/#breadcrumb\",\"itemListElement\":[{\"@type\":\"ListItem\",\"position\":1,\"name\":\"Po\u010detna stranica\",\"item\":\"https:\\\/\\\/dika.hr\\\/shop\\\/\"},{\"@type\":\"ListItem\",\"position\":2,\"name\":\"Trgovina\",\"item\":\"https:\\\/\\\/dika.hr\\\/shop\\\/trgovina\\\/\"},{\"@type\":\"ListItem\",\"position\":3,\"name\":\"EXLUSIVE LOVA\u010cKA MAJICA DUGI RUKAV FELPA SA LOGOM HLS-a\"}]},{\"@type\":\"WebSite\",\"@id\":\"https:\\\/\\\/dika.hr\\\/shop\\\/#website\",\"url\":\"https:\\\/\\\/dika.hr\\\/shop\\\/\",\"name\":\"Dika \u0160tik\",\"description\":\"\",\"publisher\":{\"@id\":\"https:\\\/\\\/dika.hr\\\/shop\\\/#organization\"},\"potentialAction\":[{\"@type\":\"SearchAction\",\"target\":{\"@type\":\"EntryPoint\",\"urlTemplate\":\"https:\\\/\\\/dika.hr\\\/shop\\\/?s={search_term_string}\"},\"query-input\":{\"@type\":\"PropertyValueSpecification\",\"valueRequired\":true,\"valueName\":\"search_term_string\"}}],\"inLanguage\":\"hr\"},{\"@type\":\"Organization\",\"@id\":\"https:\\\/\\\/dika.hr\\\/shop\\\/#organization\",\"name\":\"Dika \u0160tik\",\"url\":\"https:\\\/\\\/dika.hr\\\/shop\\\/\",\"logo\":{\"@type\":\"ImageObject\",\"inLanguage\":\"hr\",\"@id\":\"https:\\\/\\\/dika.hr\\\/shop\\\/#\\\/schema\\\/logo\\\/image\\\/\",\"url\":\"https:\\\/\\\/dika.hr\\\/shop\\\/wp-content\\\/uploads\\\/2024\\\/09\\\/dika_shop_logo-2.png\",\"contentUrl\":\"https:\\\/\\\/dika.hr\\\/shop\\\/wp-content\\\/uploads\\\/2024\\\/09\\\/dika_shop_logo-2.png\",\"width\":400,\"height\":109,\"caption\":\"Dika \u0160tik\"},\"image\":{\"@id\":\"https:\\\/\\\/dika.hr\\\/shop\\\/#\\\/schema\\\/logo\\\/image\\\/\"},\"sameAs\":[\"https:\\\/\\\/www.facebook.com\\\/dikastik.hr\\\/\"]}]}<\/script>\n<!-- \/ Yoast SEO plugin. -->","yoast_head_json":{"title":"EXLUSIVE LOVA\u010cKA MAJICA DUGI RUKAV FELPA SA LOGOM HLS-a - Dika \u0160tik","robots":{"index":"index","follow":"follow","max-snippet":"max-snippet:-1","max-image-preview":"max-image-preview:large","max-video-preview":"max-video-preview:-1"},"canonical":"https:\/\/dika.hr\/shop\/proizvod\/exlusive-lovacka-majica-dr-felpa-kopiraj\/","og_locale":"hr_HR","og_type":"article","og_title":"EXLUSIVE LOVA\u010cKA MAJICA DUGI RUKAV FELPA SA LOGOM HLS-a - Dika \u0160tik","og_description":"Va\u0161 personalizirani logo ili natpis po \u017eelji napla\u0107uje se dodatno. Va\u0161e upite \u0161aljite na e-mail:\u00a0 shop@dika.hr  &nbsp;","og_url":"https:\/\/dika.hr\/shop\/proizvod\/exlusive-lovacka-majica-dr-felpa-kopiraj\/","og_site_name":"Dika \u0160tik","article_publisher":"https:\/\/www.facebook.com\/dikastik.hr\/","article_modified_time":"2026-03-26T07:48:57+00:00","og_image":[{"width":2257,"height":2560,"url":"https:\/\/dika.hr\/shop\/wp-content\/uploads\/2025\/12\/HLS_406_69_c-scaled.jpg","type":"image\/jpeg"}],"twitter_card":"summary_large_image","twitter_misc":{"Procijenjeno vrijeme \u010ditanja":"2 minute"},"schema":{"@context":"https:\/\/schema.org","@graph":[{"@type":"WebPage","@id":"https:\/\/dika.hr\/shop\/proizvod\/exlusive-lovacka-majica-dr-felpa-kopiraj\/","url":"https:\/\/dika.hr\/shop\/proizvod\/exlusive-lovacka-majica-dr-felpa-kopiraj\/","name":"EXLUSIVE LOVA\u010cKA MAJICA DUGI RUKAV FELPA SA LOGOM HLS-a - Dika \u0160tik","isPartOf":{"@id":"https:\/\/dika.hr\/shop\/#website"},"primaryImageOfPage":{"@id":"https:\/\/dika.hr\/shop\/proizvod\/exlusive-lovacka-majica-dr-felpa-kopiraj\/#primaryimage"},"image":{"@id":"https:\/\/dika.hr\/shop\/proizvod\/exlusive-lovacka-majica-dr-felpa-kopiraj\/#primaryimage"},"thumbnailUrl":"https:\/\/dika.hr\/shop\/wp-content\/uploads\/2025\/12\/HLS_406_69_c-scaled.jpg","datePublished":"2025-12-01T08:01:20+00:00","dateModified":"2026-03-26T07:48:57+00:00","breadcrumb":{"@id":"https:\/\/dika.hr\/shop\/proizvod\/exlusive-lovacka-majica-dr-felpa-kopiraj\/#breadcrumb"},"inLanguage":"hr","potentialAction":[{"@type":"ReadAction","target":["https:\/\/dika.hr\/shop\/proizvod\/exlusive-lovacka-majica-dr-felpa-kopiraj\/"]}]},{"@type":"ImageObject","inLanguage":"hr","@id":"https:\/\/dika.hr\/shop\/proizvod\/exlusive-lovacka-majica-dr-felpa-kopiraj\/#primaryimage","url":"https:\/\/dika.hr\/shop\/wp-content\/uploads\/2025\/12\/HLS_406_69_c-scaled.jpg","contentUrl":"https:\/\/dika.hr\/shop\/wp-content\/uploads\/2025\/12\/HLS_406_69_c-scaled.jpg","width":2257,"height":2560},{"@type":"BreadcrumbList","@id":"https:\/\/dika.hr\/shop\/proizvod\/exlusive-lovacka-majica-dr-felpa-kopiraj\/#breadcrumb","itemListElement":[{"@type":"ListItem","position":1,"name":"Po\u010detna stranica","item":"https:\/\/dika.hr\/shop\/"},{"@type":"ListItem","position":2,"name":"Trgovina","item":"https:\/\/dika.hr\/shop\/trgovina\/"},{"@type":"ListItem","position":3,"name":"EXLUSIVE LOVA\u010cKA MAJICA DUGI RUKAV FELPA SA LOGOM HLS-a"}]},{"@type":"WebSite","@id":"https:\/\/dika.hr\/shop\/#website","url":"https:\/\/dika.hr\/shop\/","name":"Dika \u0160tik","description":"","publisher":{"@id":"https:\/\/dika.hr\/shop\/#organization"},"potentialAction":[{"@type":"SearchAction","target":{"@type":"EntryPoint","urlTemplate":"https:\/\/dika.hr\/shop\/?s={search_term_string}"},"query-input":{"@type":"PropertyValueSpecification","valueRequired":true,"valueName":"search_term_string"}}],"inLanguage":"hr"},{"@type":"Organization","@id":"https:\/\/dika.hr\/shop\/#organization","name":"Dika \u0160tik","url":"https:\/\/dika.hr\/shop\/","logo":{"@type":"ImageObject","inLanguage":"hr","@id":"https:\/\/dika.hr\/shop\/#\/schema\/logo\/image\/","url":"https:\/\/dika.hr\/shop\/wp-content\/uploads\/2024\/09\/dika_shop_logo-2.png","contentUrl":"https:\/\/dika.hr\/shop\/wp-content\/uploads\/2024\/09\/dika_shop_logo-2.png","width":400,"height":109,"caption":"Dika \u0160tik"},"image":{"@id":"https:\/\/dika.hr\/shop\/#\/schema\/logo\/image\/"},"sameAs":["https:\/\/www.facebook.com\/dikastik.hr\/"]}]}},"_links":{"self":[{"href":"https:\/\/dika.hr\/shop\/wp-json\/wp\/v2\/product\/10831","targetHints":{"allow":["GET"]}}],"collection":[{"href":"https:\/\/dika.hr\/shop\/wp-json\/wp\/v2\/product"}],"about":[{"href":"https:\/\/dika.hr\/shop\/wp-json\/wp\/v2\/types\/product"}],"version-history":[{"count":1,"href":"https:\/\/dika.hr\/shop\/wp-json\/wp\/v2\/product\/10831\/revisions"}],"predecessor-version":[{"id":12200,"href":"https:\/\/dika.hr\/shop\/wp-json\/wp\/v2\/product\/10831\/revisions\/12200"}],"wp:featuredmedia":[{"embeddable":true,"href":"https:\/\/dika.hr\/shop\/wp-json\/wp\/v2\/media\/10844"}],"wp:attachment":[{"href":"https:\/\/dika.hr\/shop\/wp-json\/wp\/v2\/media?parent=10831"}],"wp:term":[{"taxonomy":"product_brand","embeddable":true,"href":"https:\/\/dika.hr\/shop\/wp-json\/wp\/v2\/product_brand?post=10831"},{"taxonomy":"product_cat","embeddable":true,"href":"https:\/\/dika.hr\/shop\/wp-json\/wp\/v2\/product_cat?post=10831"},{"taxonomy":"product_tag","embeddable":true,"href":"https:\/\/dika.hr\/shop\/wp-json\/wp\/v2\/product_tag?post=10831"}],"curies":[{"name":"wp","href":"https:\/\/api.w.org\/{rel}","templated":true}]}}