{"id":13043,"date":"2010-04-14T11:32:20","date_gmt":"2010-04-14T09:32:20","guid":{"rendered":"https:\/\/dika.hr\/shop\/?post_type=product&#038;p=13043"},"modified":"2026-04-17T07:09:09","modified_gmt":"2026-04-17T05:09:09","slug":"ribocuvarski-ljetni-prsluk","status":"publish","type":"product","link":"https:\/\/dika.hr\/shop\/proizvod\/ribocuvarski-ljetni-prsluk\/","title":{"rendered":"RIBO\u010cUVARSKI LJETNI PRSLUK"},"content":{"rendered":"<div class=\"product-parameters-box left\">\n<div class=\"product-parameters-box left\">\n<p data-start=\"0\" data-end=\"320\">Ljetni prsluk za ribo\u010duvare odli\u010dan je izbor za rad na terenu u toplijem dijelu godine, kada su va\u017eni lako\u0107a no\u0161enja, sloboda pokreta i prakti\u010dnost. Krojen je bez rukava kako bi omogu\u0107io nesmetano kretanje tijekom obilaska, nadzora i svakodnevnih aktivnosti uz vodu, a laganiji izgled \u010dini ga prikladnim za du\u017ee no\u0161enje.<\/p>\n<p data-start=\"322\" data-end=\"657\">S prednje strane nalaze se prakti\u010dni d\u017eepovi za sitnu opremu i dodatke koje je korisno imati pri ruci, dok slu\u017ebene oznake ribo\u010duvara na prednjoj i stra\u017enjoj strani daju jasan i uredan slu\u017ebeni izgled. Kop\u010danje patentnim zatvara\u010dem omogu\u0107uje brzo obla\u010denje i skidanje, a jednostavan kroj olak\u0161ava kombiniranje s ostalom radnom odje\u0107om.<\/p>\n<p data-start=\"659\" data-end=\"821\" data-is-last-node=\"\" data-is-only-node=\"\">Ovaj prsluk posebno \u0107e odgovarati ribo\u010duvarima koji trebaju funkcionalan, lagan i pregledan komad odje\u0107e za svakodnevni rad na otvorenom tijekom prolje\u0107a i ljeta.<\/p>\n<\/div>\n<\/div>\n","protected":false},"excerpt":{"rendered":"<p>Ljetni prsluk za ribo\u010duvare s korisnim d\u017eepovima i slu\u017ebenim oznakama sprijeda i straga.<\/p>\n","protected":false},"featured_media":13045,"template":"","meta":{"_acf_changed":false,"inline_featured_image":false},"product_brand":[],"product_cat":[129,295],"product_tag":[296],"class_list":{"0":"post-13043","1":"product","2":"type-product","3":"status-publish","4":"has-post-thumbnail","6":"product_cat-lovski-program","7":"product_cat-ribocuvar","8":"product_tag-ribocuvar","10":"first","11":"instock","12":"taxable","13":"shipping-taxable","14":"purchasable","15":"product-type-variable"},"acf":[],"yoast_head":"<!-- This site is optimized with the Yoast SEO plugin v27.3 - https:\/\/yoast.com\/product\/yoast-seo-wordpress\/ -->\n<title>RIBO\u010cUVARSKI LJETNI PRSLUK - Dika \u0160tik<\/title>\n<meta name=\"robots\" content=\"index, nofollow, max-snippet:-1, max-image-preview:large, max-video-preview:-1\" \/>\n<link rel=\"canonical\" href=\"https:\/\/dika.hr\/shop\/proizvod\/ribocuvarski-ljetni-prsluk\/\" \/>\n<meta property=\"og:locale\" content=\"hr_HR\" \/>\n<meta property=\"og:type\" content=\"article\" \/>\n<meta property=\"og:title\" content=\"RIBO\u010cUVARSKI LJETNI PRSLUK - Dika \u0160tik\" \/>\n<meta property=\"og:description\" content=\"Ljetni prsluk za ribo\u010duvare s korisnim d\u017eepovima i slu\u017ebenim oznakama sprijeda i straga.\" \/>\n<meta property=\"og:url\" content=\"https:\/\/dika.hr\/shop\/proizvod\/ribocuvarski-ljetni-prsluk\/\" \/>\n<meta property=\"og:site_name\" content=\"Dika \u0160tik\" \/>\n<meta property=\"article:publisher\" content=\"https:\/\/www.facebook.com\/dikastik.hr\/\" \/>\n<meta property=\"article:modified_time\" content=\"2026-04-17T05:09:09+00:00\" \/>\n<meta property=\"og:image\" content=\"https:\/\/dika.hr\/shop\/wp-content\/uploads\/2026\/04\/Ribocuvar-prsluk-ljetni.jpg\" \/>\n\t<meta property=\"og:image:width\" content=\"2000\" \/>\n\t<meta property=\"og:image:height\" content=\"2000\" \/>\n\t<meta property=\"og:image:type\" content=\"image\/jpeg\" \/>\n<meta name=\"twitter:card\" content=\"summary_large_image\" \/>\n<meta name=\"twitter:label1\" content=\"Procijenjeno vrijeme \u010ditanja\" \/>\n\t<meta name=\"twitter:data1\" content=\"1 minuta\" \/>\n<script type=\"application\/ld+json\" class=\"yoast-schema-graph\">{\"@context\":\"https:\\\/\\\/schema.org\",\"@graph\":[{\"@type\":\"WebPage\",\"@id\":\"https:\\\/\\\/dika.hr\\\/shop\\\/proizvod\\\/ribocuvarski-ljetni-prsluk\\\/\",\"url\":\"https:\\\/\\\/dika.hr\\\/shop\\\/proizvod\\\/ribocuvarski-ljetni-prsluk\\\/\",\"name\":\"RIBO\u010cUVARSKI LJETNI PRSLUK - Dika \u0160tik\",\"isPartOf\":{\"@id\":\"https:\\\/\\\/dika.hr\\\/shop\\\/#website\"},\"primaryImageOfPage\":{\"@id\":\"https:\\\/\\\/dika.hr\\\/shop\\\/proizvod\\\/ribocuvarski-ljetni-prsluk\\\/#primaryimage\"},\"image\":{\"@id\":\"https:\\\/\\\/dika.hr\\\/shop\\\/proizvod\\\/ribocuvarski-ljetni-prsluk\\\/#primaryimage\"},\"thumbnailUrl\":\"https:\\\/\\\/dika.hr\\\/shop\\\/wp-content\\\/uploads\\\/2026\\\/04\\\/Ribocuvar-prsluk-ljetni.jpg\",\"datePublished\":\"2010-04-14T09:32:20+00:00\",\"dateModified\":\"2026-04-17T05:09:09+00:00\",\"breadcrumb\":{\"@id\":\"https:\\\/\\\/dika.hr\\\/shop\\\/proizvod\\\/ribocuvarski-ljetni-prsluk\\\/#breadcrumb\"},\"inLanguage\":\"hr\",\"potentialAction\":[{\"@type\":\"ReadAction\",\"target\":[\"https:\\\/\\\/dika.hr\\\/shop\\\/proizvod\\\/ribocuvarski-ljetni-prsluk\\\/\"]}]},{\"@type\":\"ImageObject\",\"inLanguage\":\"hr\",\"@id\":\"https:\\\/\\\/dika.hr\\\/shop\\\/proizvod\\\/ribocuvarski-ljetni-prsluk\\\/#primaryimage\",\"url\":\"https:\\\/\\\/dika.hr\\\/shop\\\/wp-content\\\/uploads\\\/2026\\\/04\\\/Ribocuvar-prsluk-ljetni.jpg\",\"contentUrl\":\"https:\\\/\\\/dika.hr\\\/shop\\\/wp-content\\\/uploads\\\/2026\\\/04\\\/Ribocuvar-prsluk-ljetni.jpg\",\"width\":2000,\"height\":2000},{\"@type\":\"BreadcrumbList\",\"@id\":\"https:\\\/\\\/dika.hr\\\/shop\\\/proizvod\\\/ribocuvarski-ljetni-prsluk\\\/#breadcrumb\",\"itemListElement\":[{\"@type\":\"ListItem\",\"position\":1,\"name\":\"Po\u010detna stranica\",\"item\":\"https:\\\/\\\/dika.hr\\\/shop\\\/\"},{\"@type\":\"ListItem\",\"position\":2,\"name\":\"Trgovina\",\"item\":\"https:\\\/\\\/dika.hr\\\/shop\\\/trgovina\\\/\"},{\"@type\":\"ListItem\",\"position\":3,\"name\":\"RIBO\u010cUVARSKI LJETNI PRSLUK\"}]},{\"@type\":\"WebSite\",\"@id\":\"https:\\\/\\\/dika.hr\\\/shop\\\/#website\",\"url\":\"https:\\\/\\\/dika.hr\\\/shop\\\/\",\"name\":\"Dika \u0160tik\",\"description\":\"\",\"publisher\":{\"@id\":\"https:\\\/\\\/dika.hr\\\/shop\\\/#organization\"},\"potentialAction\":[{\"@type\":\"SearchAction\",\"target\":{\"@type\":\"EntryPoint\",\"urlTemplate\":\"https:\\\/\\\/dika.hr\\\/shop\\\/?s={search_term_string}\"},\"query-input\":{\"@type\":\"PropertyValueSpecification\",\"valueRequired\":true,\"valueName\":\"search_term_string\"}}],\"inLanguage\":\"hr\"},{\"@type\":\"Organization\",\"@id\":\"https:\\\/\\\/dika.hr\\\/shop\\\/#organization\",\"name\":\"Dika \u0160tik\",\"url\":\"https:\\\/\\\/dika.hr\\\/shop\\\/\",\"logo\":{\"@type\":\"ImageObject\",\"inLanguage\":\"hr\",\"@id\":\"https:\\\/\\\/dika.hr\\\/shop\\\/#\\\/schema\\\/logo\\\/image\\\/\",\"url\":\"https:\\\/\\\/dika.hr\\\/shop\\\/wp-content\\\/uploads\\\/2024\\\/09\\\/dika_shop_logo-2.png\",\"contentUrl\":\"https:\\\/\\\/dika.hr\\\/shop\\\/wp-content\\\/uploads\\\/2024\\\/09\\\/dika_shop_logo-2.png\",\"width\":400,\"height\":109,\"caption\":\"Dika \u0160tik\"},\"image\":{\"@id\":\"https:\\\/\\\/dika.hr\\\/shop\\\/#\\\/schema\\\/logo\\\/image\\\/\"},\"sameAs\":[\"https:\\\/\\\/www.facebook.com\\\/dikastik.hr\\\/\"]}]}<\/script>\n<!-- \/ Yoast SEO plugin. -->","yoast_head_json":{"title":"RIBO\u010cUVARSKI LJETNI PRSLUK - Dika \u0160tik","robots":{"index":"index","follow":"nofollow","max-snippet":"max-snippet:-1","max-image-preview":"max-image-preview:large","max-video-preview":"max-video-preview:-1"},"canonical":"https:\/\/dika.hr\/shop\/proizvod\/ribocuvarski-ljetni-prsluk\/","og_locale":"hr_HR","og_type":"article","og_title":"RIBO\u010cUVARSKI LJETNI PRSLUK - Dika \u0160tik","og_description":"Ljetni prsluk za ribo\u010duvare s korisnim d\u017eepovima i slu\u017ebenim oznakama sprijeda i straga.","og_url":"https:\/\/dika.hr\/shop\/proizvod\/ribocuvarski-ljetni-prsluk\/","og_site_name":"Dika \u0160tik","article_publisher":"https:\/\/www.facebook.com\/dikastik.hr\/","article_modified_time":"2026-04-17T05:09:09+00:00","og_image":[{"width":2000,"height":2000,"url":"https:\/\/dika.hr\/shop\/wp-content\/uploads\/2026\/04\/Ribocuvar-prsluk-ljetni.jpg","type":"image\/jpeg"}],"twitter_card":"summary_large_image","twitter_misc":{"Procijenjeno vrijeme \u010ditanja":"1 minuta"},"schema":{"@context":"https:\/\/schema.org","@graph":[{"@type":"WebPage","@id":"https:\/\/dika.hr\/shop\/proizvod\/ribocuvarski-ljetni-prsluk\/","url":"https:\/\/dika.hr\/shop\/proizvod\/ribocuvarski-ljetni-prsluk\/","name":"RIBO\u010cUVARSKI LJETNI PRSLUK - Dika \u0160tik","isPartOf":{"@id":"https:\/\/dika.hr\/shop\/#website"},"primaryImageOfPage":{"@id":"https:\/\/dika.hr\/shop\/proizvod\/ribocuvarski-ljetni-prsluk\/#primaryimage"},"image":{"@id":"https:\/\/dika.hr\/shop\/proizvod\/ribocuvarski-ljetni-prsluk\/#primaryimage"},"thumbnailUrl":"https:\/\/dika.hr\/shop\/wp-content\/uploads\/2026\/04\/Ribocuvar-prsluk-ljetni.jpg","datePublished":"2010-04-14T09:32:20+00:00","dateModified":"2026-04-17T05:09:09+00:00","breadcrumb":{"@id":"https:\/\/dika.hr\/shop\/proizvod\/ribocuvarski-ljetni-prsluk\/#breadcrumb"},"inLanguage":"hr","potentialAction":[{"@type":"ReadAction","target":["https:\/\/dika.hr\/shop\/proizvod\/ribocuvarski-ljetni-prsluk\/"]}]},{"@type":"ImageObject","inLanguage":"hr","@id":"https:\/\/dika.hr\/shop\/proizvod\/ribocuvarski-ljetni-prsluk\/#primaryimage","url":"https:\/\/dika.hr\/shop\/wp-content\/uploads\/2026\/04\/Ribocuvar-prsluk-ljetni.jpg","contentUrl":"https:\/\/dika.hr\/shop\/wp-content\/uploads\/2026\/04\/Ribocuvar-prsluk-ljetni.jpg","width":2000,"height":2000},{"@type":"BreadcrumbList","@id":"https:\/\/dika.hr\/shop\/proizvod\/ribocuvarski-ljetni-prsluk\/#breadcrumb","itemListElement":[{"@type":"ListItem","position":1,"name":"Po\u010detna stranica","item":"https:\/\/dika.hr\/shop\/"},{"@type":"ListItem","position":2,"name":"Trgovina","item":"https:\/\/dika.hr\/shop\/trgovina\/"},{"@type":"ListItem","position":3,"name":"RIBO\u010cUVARSKI LJETNI PRSLUK"}]},{"@type":"WebSite","@id":"https:\/\/dika.hr\/shop\/#website","url":"https:\/\/dika.hr\/shop\/","name":"Dika \u0160tik","description":"","publisher":{"@id":"https:\/\/dika.hr\/shop\/#organization"},"potentialAction":[{"@type":"SearchAction","target":{"@type":"EntryPoint","urlTemplate":"https:\/\/dika.hr\/shop\/?s={search_term_string}"},"query-input":{"@type":"PropertyValueSpecification","valueRequired":true,"valueName":"search_term_string"}}],"inLanguage":"hr"},{"@type":"Organization","@id":"https:\/\/dika.hr\/shop\/#organization","name":"Dika \u0160tik","url":"https:\/\/dika.hr\/shop\/","logo":{"@type":"ImageObject","inLanguage":"hr","@id":"https:\/\/dika.hr\/shop\/#\/schema\/logo\/image\/","url":"https:\/\/dika.hr\/shop\/wp-content\/uploads\/2024\/09\/dika_shop_logo-2.png","contentUrl":"https:\/\/dika.hr\/shop\/wp-content\/uploads\/2024\/09\/dika_shop_logo-2.png","width":400,"height":109,"caption":"Dika \u0160tik"},"image":{"@id":"https:\/\/dika.hr\/shop\/#\/schema\/logo\/image\/"},"sameAs":["https:\/\/www.facebook.com\/dikastik.hr\/"]}]}},"_links":{"self":[{"href":"https:\/\/dika.hr\/shop\/wp-json\/wp\/v2\/product\/13043","targetHints":{"allow":["GET"]}}],"collection":[{"href":"https:\/\/dika.hr\/shop\/wp-json\/wp\/v2\/product"}],"about":[{"href":"https:\/\/dika.hr\/shop\/wp-json\/wp\/v2\/types\/product"}],"version-history":[{"count":3,"href":"https:\/\/dika.hr\/shop\/wp-json\/wp\/v2\/product\/13043\/revisions"}],"predecessor-version":[{"id":13053,"href":"https:\/\/dika.hr\/shop\/wp-json\/wp\/v2\/product\/13043\/revisions\/13053"}],"wp:featuredmedia":[{"embeddable":true,"href":"https:\/\/dika.hr\/shop\/wp-json\/wp\/v2\/media\/13045"}],"wp:attachment":[{"href":"https:\/\/dika.hr\/shop\/wp-json\/wp\/v2\/media?parent=13043"}],"wp:term":[{"taxonomy":"product_brand","embeddable":true,"href":"https:\/\/dika.hr\/shop\/wp-json\/wp\/v2\/product_brand?post=13043"},{"taxonomy":"product_cat","embeddable":true,"href":"https:\/\/dika.hr\/shop\/wp-json\/wp\/v2\/product_cat?post=13043"},{"taxonomy":"product_tag","embeddable":true,"href":"https:\/\/dika.hr\/shop\/wp-json\/wp\/v2\/product_tag?post=13043"}],"curies":[{"name":"wp","href":"https:\/\/api.w.org\/{rel}","templated":true}]}}