{"id":13067,"date":"2010-04-14T12:25:28","date_gmt":"2010-04-14T10:25:28","guid":{"rendered":"https:\/\/dika.hr\/shop\/?post_type=product&#038;p=13067"},"modified":"2026-04-17T07:09:05","modified_gmt":"2026-04-17T05:09:05","slug":"ribocuvarska-flis-jakna","status":"publish","type":"product","link":"https:\/\/dika.hr\/shop\/proizvod\/ribocuvarska-flis-jakna\/","title":{"rendered":"RIBO\u010cUVARSKA FLIS JAKNA"},"content":{"rendered":"<div class=\"product-parameters-box left\">\n<div class=\"product-parameters-box left\">\n<section class=\"text-token-text-primary w-full focus:outline-none [--shadow-height:45px] has-data-writing-block:pointer-events-none has-data-writing-block:-mt-(--shadow-height) has-data-writing-block:pt-(--shadow-height) [&amp;:has([data-writing-block])&gt;*]:pointer-events-auto [content-visibility:auto] supports-[content-visibility:auto]:[contain-intrinsic-size:auto_100lvh] R6Vx5W_threadScrollVars scroll-mb-[calc(var(--scroll-root-safe-area-inset-bottom,0px)+var(--thread-response-height))] scroll-mt-[calc(var(--header-height)+min(200px,max(70px,20svh)))]\" dir=\"auto\" data-turn-id=\"request-WEB:aefc7a85-9159-433d-b633-3bf808e4b81c-14\" data-testid=\"conversation-turn-28\" data-scroll-anchor=\"false\" data-turn=\"assistant\">\n<div class=\"text-base my-auto mx-auto pb-10 [--thread-content-margin:var(--thread-content-margin-xs,calc(var(--spacing)*4))] @w-sm\/main:[--thread-content-margin:var(--thread-content-margin-sm,calc(var(--spacing)*6))] @w-lg\/main:[--thread-content-margin:var(--thread-content-margin-lg,calc(var(--spacing)*16))] px-(--thread-content-margin)\">\n<div class=\"[--thread-content-max-width:40rem] @w-lg\/main:[--thread-content-max-width:48rem] mx-auto max-w-(--thread-content-max-width) flex-1 group\/turn-messages focus-visible:outline-hidden relative flex w-full min-w-0 flex-col agent-turn\">\n<div class=\"flex max-w-full flex-col gap-4 grow\">\n<div class=\"min-h-8 text-message relative flex w-full flex-col items-end gap-2 text-start break-words whitespace-normal outline-none keyboard-focused:focus-ring [.text-message+&amp;]:mt-1\" dir=\"auto\" tabindex=\"0\" data-message-author-role=\"assistant\" data-message-id=\"b262b8c6-65e3-474a-930f-44b8c8cc3eec\" data-message-model-slug=\"gpt-5-3\" data-turn-start-message=\"true\">\n<div class=\"flex w-full flex-col gap-1 empty:hidden\">\n<div class=\"markdown prose dark:prose-invert w-full wrap-break-word light markdown-new-styling\">\n<p data-start=\"0\" data-end=\"220\">Flis jakna za ribo\u010duvare osmi\u0161ljena je za rad na terenu u hladnijim uvjetima, pru\u017eaju\u0107i toplinu i slobodu kretanja tijekom svakodnevnih aktivnosti. Kroj prati tijelo, a visoki ovratnik dodatno \u0161titi od vjetra i hladno\u0107e.<\/p>\n<p data-start=\"222\" data-end=\"495\">Na prednjoj strani nalazi se crni d\u017eep namijenjen postavljanju zna\u010dke, \u010dime se osigurava bolja vidljivost i jasno isticanje slu\u017ebene oznake tijekom rada.<\/p>\n<p data-start=\"497\" data-end=\"821\" data-is-last-node=\"\" data-is-only-node=\"\">Jakna je opremljena prakti\u010dnim d\u017eepovima s patentnim zatvara\u010dima za sigurno spremanje sitnica, dok slu\u017ebene oznake ribo\u010duvara na prednjoj daju profesionalan i prepoznatljiv izgled. Idealna je za svakodnevni rad uz vodu, obilazak terena i sve uvjete gdje su potrebni toplina, funkcionalnost i izdr\u017eljivost.<\/p>\n<\/div>\n<\/div>\n<\/div>\n<\/div>\n<div class=\"z-0 flex min-h-[46px] justify-start\"><\/div>\n<div class=\"mt-3 w-full empty:hidden\">\n<div class=\"text-center\"><\/div>\n<\/div>\n<\/div>\n<\/div>\n<\/section>\n<div class=\"pointer-events-none -mt-px h-px translate-y-[calc(var(--scroll-root-safe-area-inset-bottom)-14*var(--spacing))]\" aria-hidden=\"true\"><\/div>\n<\/div>\n<\/div>\n","protected":false},"excerpt":{"rendered":"<p>Topla flis jakna za ribo\u010duvare s prakti\u010dnim d\u017eepovima i slu\u017ebenim oznakama<\/p>\n","protected":false},"featured_media":13069,"template":"","meta":{"_acf_changed":false,"inline_featured_image":false},"product_brand":[],"product_cat":[129,295],"product_tag":[296],"class_list":{"0":"post-13067","1":"product","2":"type-product","3":"status-publish","4":"has-post-thumbnail","6":"product_cat-lovski-program","7":"product_cat-ribocuvar","8":"product_tag-ribocuvar","10":"first","11":"instock","12":"taxable","13":"shipping-taxable","14":"purchasable","15":"product-type-variable"},"acf":[],"yoast_head":"<!-- This site is optimized with the Yoast SEO plugin v27.3 - https:\/\/yoast.com\/product\/yoast-seo-wordpress\/ -->\n<title>RIBO\u010cUVARSKA FLIS JAKNA - Dika \u0160tik<\/title>\n<meta name=\"robots\" content=\"index, nofollow, max-snippet:-1, max-image-preview:large, max-video-preview:-1\" \/>\n<link rel=\"canonical\" href=\"https:\/\/dika.hr\/shop\/proizvod\/ribocuvarska-flis-jakna\/\" \/>\n<meta property=\"og:locale\" content=\"hr_HR\" \/>\n<meta property=\"og:type\" content=\"article\" \/>\n<meta property=\"og:title\" content=\"RIBO\u010cUVARSKA FLIS JAKNA - Dika \u0160tik\" \/>\n<meta property=\"og:description\" content=\"Topla flis jakna za ribo\u010duvare s prakti\u010dnim d\u017eepovima i slu\u017ebenim oznakama\" \/>\n<meta property=\"og:url\" content=\"https:\/\/dika.hr\/shop\/proizvod\/ribocuvarska-flis-jakna\/\" \/>\n<meta property=\"og:site_name\" content=\"Dika \u0160tik\" \/>\n<meta property=\"article:publisher\" content=\"https:\/\/www.facebook.com\/dikastik.hr\/\" \/>\n<meta property=\"article:modified_time\" content=\"2026-04-17T05:09:05+00:00\" \/>\n<meta property=\"og:image\" content=\"https:\/\/dika.hr\/shop\/wp-content\/uploads\/2026\/04\/Ribocuvar-flis1.jpg\" \/>\n\t<meta property=\"og:image:width\" content=\"2000\" \/>\n\t<meta property=\"og:image:height\" content=\"2000\" \/>\n\t<meta property=\"og:image:type\" content=\"image\/jpeg\" \/>\n<meta name=\"twitter:card\" content=\"summary_large_image\" \/>\n<meta name=\"twitter:label1\" content=\"Procijenjeno vrijeme \u010ditanja\" \/>\n\t<meta name=\"twitter:data1\" content=\"1 minuta\" \/>\n<script type=\"application\/ld+json\" class=\"yoast-schema-graph\">{\"@context\":\"https:\\\/\\\/schema.org\",\"@graph\":[{\"@type\":\"WebPage\",\"@id\":\"https:\\\/\\\/dika.hr\\\/shop\\\/proizvod\\\/ribocuvarska-flis-jakna\\\/\",\"url\":\"https:\\\/\\\/dika.hr\\\/shop\\\/proizvod\\\/ribocuvarska-flis-jakna\\\/\",\"name\":\"RIBO\u010cUVARSKA FLIS JAKNA - Dika \u0160tik\",\"isPartOf\":{\"@id\":\"https:\\\/\\\/dika.hr\\\/shop\\\/#website\"},\"primaryImageOfPage\":{\"@id\":\"https:\\\/\\\/dika.hr\\\/shop\\\/proizvod\\\/ribocuvarska-flis-jakna\\\/#primaryimage\"},\"image\":{\"@id\":\"https:\\\/\\\/dika.hr\\\/shop\\\/proizvod\\\/ribocuvarska-flis-jakna\\\/#primaryimage\"},\"thumbnailUrl\":\"https:\\\/\\\/dika.hr\\\/shop\\\/wp-content\\\/uploads\\\/2026\\\/04\\\/Ribocuvar-flis1.jpg\",\"datePublished\":\"2010-04-14T10:25:28+00:00\",\"dateModified\":\"2026-04-17T05:09:05+00:00\",\"breadcrumb\":{\"@id\":\"https:\\\/\\\/dika.hr\\\/shop\\\/proizvod\\\/ribocuvarska-flis-jakna\\\/#breadcrumb\"},\"inLanguage\":\"hr\",\"potentialAction\":[{\"@type\":\"ReadAction\",\"target\":[\"https:\\\/\\\/dika.hr\\\/shop\\\/proizvod\\\/ribocuvarska-flis-jakna\\\/\"]}]},{\"@type\":\"ImageObject\",\"inLanguage\":\"hr\",\"@id\":\"https:\\\/\\\/dika.hr\\\/shop\\\/proizvod\\\/ribocuvarska-flis-jakna\\\/#primaryimage\",\"url\":\"https:\\\/\\\/dika.hr\\\/shop\\\/wp-content\\\/uploads\\\/2026\\\/04\\\/Ribocuvar-flis1.jpg\",\"contentUrl\":\"https:\\\/\\\/dika.hr\\\/shop\\\/wp-content\\\/uploads\\\/2026\\\/04\\\/Ribocuvar-flis1.jpg\",\"width\":2000,\"height\":2000},{\"@type\":\"BreadcrumbList\",\"@id\":\"https:\\\/\\\/dika.hr\\\/shop\\\/proizvod\\\/ribocuvarska-flis-jakna\\\/#breadcrumb\",\"itemListElement\":[{\"@type\":\"ListItem\",\"position\":1,\"name\":\"Po\u010detna stranica\",\"item\":\"https:\\\/\\\/dika.hr\\\/shop\\\/\"},{\"@type\":\"ListItem\",\"position\":2,\"name\":\"Trgovina\",\"item\":\"https:\\\/\\\/dika.hr\\\/shop\\\/trgovina\\\/\"},{\"@type\":\"ListItem\",\"position\":3,\"name\":\"RIBO\u010cUVARSKA FLIS JAKNA\"}]},{\"@type\":\"WebSite\",\"@id\":\"https:\\\/\\\/dika.hr\\\/shop\\\/#website\",\"url\":\"https:\\\/\\\/dika.hr\\\/shop\\\/\",\"name\":\"Dika \u0160tik\",\"description\":\"\",\"publisher\":{\"@id\":\"https:\\\/\\\/dika.hr\\\/shop\\\/#organization\"},\"potentialAction\":[{\"@type\":\"SearchAction\",\"target\":{\"@type\":\"EntryPoint\",\"urlTemplate\":\"https:\\\/\\\/dika.hr\\\/shop\\\/?s={search_term_string}\"},\"query-input\":{\"@type\":\"PropertyValueSpecification\",\"valueRequired\":true,\"valueName\":\"search_term_string\"}}],\"inLanguage\":\"hr\"},{\"@type\":\"Organization\",\"@id\":\"https:\\\/\\\/dika.hr\\\/shop\\\/#organization\",\"name\":\"Dika \u0160tik\",\"url\":\"https:\\\/\\\/dika.hr\\\/shop\\\/\",\"logo\":{\"@type\":\"ImageObject\",\"inLanguage\":\"hr\",\"@id\":\"https:\\\/\\\/dika.hr\\\/shop\\\/#\\\/schema\\\/logo\\\/image\\\/\",\"url\":\"https:\\\/\\\/dika.hr\\\/shop\\\/wp-content\\\/uploads\\\/2024\\\/09\\\/dika_shop_logo-2.png\",\"contentUrl\":\"https:\\\/\\\/dika.hr\\\/shop\\\/wp-content\\\/uploads\\\/2024\\\/09\\\/dika_shop_logo-2.png\",\"width\":400,\"height\":109,\"caption\":\"Dika \u0160tik\"},\"image\":{\"@id\":\"https:\\\/\\\/dika.hr\\\/shop\\\/#\\\/schema\\\/logo\\\/image\\\/\"},\"sameAs\":[\"https:\\\/\\\/www.facebook.com\\\/dikastik.hr\\\/\"]}]}<\/script>\n<!-- \/ Yoast SEO plugin. -->","yoast_head_json":{"title":"RIBO\u010cUVARSKA FLIS JAKNA - Dika \u0160tik","robots":{"index":"index","follow":"nofollow","max-snippet":"max-snippet:-1","max-image-preview":"max-image-preview:large","max-video-preview":"max-video-preview:-1"},"canonical":"https:\/\/dika.hr\/shop\/proizvod\/ribocuvarska-flis-jakna\/","og_locale":"hr_HR","og_type":"article","og_title":"RIBO\u010cUVARSKA FLIS JAKNA - Dika \u0160tik","og_description":"Topla flis jakna za ribo\u010duvare s prakti\u010dnim d\u017eepovima i slu\u017ebenim oznakama","og_url":"https:\/\/dika.hr\/shop\/proizvod\/ribocuvarska-flis-jakna\/","og_site_name":"Dika \u0160tik","article_publisher":"https:\/\/www.facebook.com\/dikastik.hr\/","article_modified_time":"2026-04-17T05:09:05+00:00","og_image":[{"width":2000,"height":2000,"url":"https:\/\/dika.hr\/shop\/wp-content\/uploads\/2026\/04\/Ribocuvar-flis1.jpg","type":"image\/jpeg"}],"twitter_card":"summary_large_image","twitter_misc":{"Procijenjeno vrijeme \u010ditanja":"1 minuta"},"schema":{"@context":"https:\/\/schema.org","@graph":[{"@type":"WebPage","@id":"https:\/\/dika.hr\/shop\/proizvod\/ribocuvarska-flis-jakna\/","url":"https:\/\/dika.hr\/shop\/proizvod\/ribocuvarska-flis-jakna\/","name":"RIBO\u010cUVARSKA FLIS JAKNA - Dika \u0160tik","isPartOf":{"@id":"https:\/\/dika.hr\/shop\/#website"},"primaryImageOfPage":{"@id":"https:\/\/dika.hr\/shop\/proizvod\/ribocuvarska-flis-jakna\/#primaryimage"},"image":{"@id":"https:\/\/dika.hr\/shop\/proizvod\/ribocuvarska-flis-jakna\/#primaryimage"},"thumbnailUrl":"https:\/\/dika.hr\/shop\/wp-content\/uploads\/2026\/04\/Ribocuvar-flis1.jpg","datePublished":"2010-04-14T10:25:28+00:00","dateModified":"2026-04-17T05:09:05+00:00","breadcrumb":{"@id":"https:\/\/dika.hr\/shop\/proizvod\/ribocuvarska-flis-jakna\/#breadcrumb"},"inLanguage":"hr","potentialAction":[{"@type":"ReadAction","target":["https:\/\/dika.hr\/shop\/proizvod\/ribocuvarska-flis-jakna\/"]}]},{"@type":"ImageObject","inLanguage":"hr","@id":"https:\/\/dika.hr\/shop\/proizvod\/ribocuvarska-flis-jakna\/#primaryimage","url":"https:\/\/dika.hr\/shop\/wp-content\/uploads\/2026\/04\/Ribocuvar-flis1.jpg","contentUrl":"https:\/\/dika.hr\/shop\/wp-content\/uploads\/2026\/04\/Ribocuvar-flis1.jpg","width":2000,"height":2000},{"@type":"BreadcrumbList","@id":"https:\/\/dika.hr\/shop\/proizvod\/ribocuvarska-flis-jakna\/#breadcrumb","itemListElement":[{"@type":"ListItem","position":1,"name":"Po\u010detna stranica","item":"https:\/\/dika.hr\/shop\/"},{"@type":"ListItem","position":2,"name":"Trgovina","item":"https:\/\/dika.hr\/shop\/trgovina\/"},{"@type":"ListItem","position":3,"name":"RIBO\u010cUVARSKA FLIS JAKNA"}]},{"@type":"WebSite","@id":"https:\/\/dika.hr\/shop\/#website","url":"https:\/\/dika.hr\/shop\/","name":"Dika \u0160tik","description":"","publisher":{"@id":"https:\/\/dika.hr\/shop\/#organization"},"potentialAction":[{"@type":"SearchAction","target":{"@type":"EntryPoint","urlTemplate":"https:\/\/dika.hr\/shop\/?s={search_term_string}"},"query-input":{"@type":"PropertyValueSpecification","valueRequired":true,"valueName":"search_term_string"}}],"inLanguage":"hr"},{"@type":"Organization","@id":"https:\/\/dika.hr\/shop\/#organization","name":"Dika \u0160tik","url":"https:\/\/dika.hr\/shop\/","logo":{"@type":"ImageObject","inLanguage":"hr","@id":"https:\/\/dika.hr\/shop\/#\/schema\/logo\/image\/","url":"https:\/\/dika.hr\/shop\/wp-content\/uploads\/2024\/09\/dika_shop_logo-2.png","contentUrl":"https:\/\/dika.hr\/shop\/wp-content\/uploads\/2024\/09\/dika_shop_logo-2.png","width":400,"height":109,"caption":"Dika \u0160tik"},"image":{"@id":"https:\/\/dika.hr\/shop\/#\/schema\/logo\/image\/"},"sameAs":["https:\/\/www.facebook.com\/dikastik.hr\/"]}]}},"_links":{"self":[{"href":"https:\/\/dika.hr\/shop\/wp-json\/wp\/v2\/product\/13067","targetHints":{"allow":["GET"]}}],"collection":[{"href":"https:\/\/dika.hr\/shop\/wp-json\/wp\/v2\/product"}],"about":[{"href":"https:\/\/dika.hr\/shop\/wp-json\/wp\/v2\/types\/product"}],"version-history":[{"count":2,"href":"https:\/\/dika.hr\/shop\/wp-json\/wp\/v2\/product\/13067\/revisions"}],"predecessor-version":[{"id":13077,"href":"https:\/\/dika.hr\/shop\/wp-json\/wp\/v2\/product\/13067\/revisions\/13077"}],"wp:featuredmedia":[{"embeddable":true,"href":"https:\/\/dika.hr\/shop\/wp-json\/wp\/v2\/media\/13069"}],"wp:attachment":[{"href":"https:\/\/dika.hr\/shop\/wp-json\/wp\/v2\/media?parent=13067"}],"wp:term":[{"taxonomy":"product_brand","embeddable":true,"href":"https:\/\/dika.hr\/shop\/wp-json\/wp\/v2\/product_brand?post=13067"},{"taxonomy":"product_cat","embeddable":true,"href":"https:\/\/dika.hr\/shop\/wp-json\/wp\/v2\/product_cat?post=13067"},{"taxonomy":"product_tag","embeddable":true,"href":"https:\/\/dika.hr\/shop\/wp-json\/wp\/v2\/product_tag?post=13067"}],"curies":[{"name":"wp","href":"https:\/\/api.w.org\/{rel}","templated":true}]}}