{"id":13235,"date":"2026-04-16T09:22:36","date_gmt":"2026-04-16T07:22:36","guid":{"rendered":"https:\/\/dika.hr\/shop\/?post_type=product&#038;p=13235"},"modified":"2026-04-19T19:06:16","modified_gmt":"2026-04-19T17:06:16","slug":"lovacke-hlace-bonati-maslinasta","status":"publish","type":"product","link":"https:\/\/dika.hr\/shop\/proizvod\/lovacke-hlace-bonati-maslinasta\/","title":{"rendered":"LOVA\u010cKE HLA\u010cE &#8211; BONATI MASLINASTA"},"content":{"rendered":"<p><img decoding=\"async\" class=\"wp-image-13266 alignright\" src=\"https:\/\/dika.hr\/shop\/wp-content\/uploads\/2026\/04\/Screenshot-2026-04-16-at-09.26.56.jpg\" alt=\"\" width=\"101\" height=\"447\" srcset=\"https:\/\/dika.hr\/shop\/wp-content\/uploads\/2026\/04\/Screenshot-2026-04-16-at-09.26.56.jpg 208w, https:\/\/dika.hr\/shop\/wp-content\/uploads\/2026\/04\/Screenshot-2026-04-16-at-09.26.56-68x300.jpg 68w\" sizes=\"(max-width: 101px) 100vw, 101px\" \/><\/p>\n<p data-start=\"44\" data-end=\"309\"><strong data-start=\"44\" data-end=\"74\">Trekking hla\u010de Bonati<\/strong> odli\u010dan su izbor za aktivnosti na otvorenom, posao na terenu i svakodnevno no\u0161enje kada ti je va\u017ena sloboda kretanja. Unisex kroj, elasti\u010dni dijelovi i prakti\u010dno raspore\u0111eni d\u017eepovi \u010dine ih vrlo funkcionalnim modelom za dinami\u010dan dan.<\/p>\n<p data-start=\"311\" data-end=\"595\">Bo\u010dni elasti\u010dni pojas pridonosi boljem pristajanju, a u\u0161ice za remen daju dodatnu prakti\u010dnost. Dva bo\u010dna d\u017eepa i stra\u017enji d\u017eep s patentnim zatvara\u010dima omogu\u0107uju sigurno spremanje sitnica, dok rastezljivi dijelovi sprijeda i straga olak\u0161avaju kretanje i daju ve\u0107u udobnost pri no\u0161enju.<\/p>\n<p data-start=\"597\" data-end=\"801\">\n","protected":false},"excerpt":{"rendered":"<p style=\"font-weight: 400;\">Hla\u010de za hodanje i slobodno vrijeme<\/p>\n<p>&nbsp;<\/p>\n<p>&nbsp;<\/p>\n","protected":false},"featured_media":13259,"template":"","meta":{"_acf_changed":false,"inline_featured_image":false},"product_brand":[],"product_cat":[170,16],"product_tag":[],"class_list":{"0":"post-13235","1":"product","2":"type-product","3":"status-publish","4":"has-post-thumbnail","6":"product_cat-hlace","7":"product_cat-lovacki-program","9":"first","10":"instock","11":"sale","12":"taxable","13":"shipping-taxable","14":"purchasable","15":"product-type-variable","16":"has-default-attributes"},"acf":[],"yoast_head":"<!-- This site is optimized with the Yoast SEO plugin v27.3 - https:\/\/yoast.com\/product\/yoast-seo-wordpress\/ -->\n<title>LOVA\u010cKE HLA\u010cE - BONATI MASLINASTA - Dika \u0160tik<\/title>\n<meta name=\"robots\" content=\"index, follow, max-snippet:-1, max-image-preview:large, max-video-preview:-1\" \/>\n<link rel=\"canonical\" href=\"https:\/\/dika.hr\/shop\/proizvod\/lovacke-hlace-bonati-maslinasta\/\" \/>\n<meta property=\"og:locale\" content=\"hr_HR\" \/>\n<meta property=\"og:type\" content=\"article\" \/>\n<meta property=\"og:title\" content=\"LOVA\u010cKE HLA\u010cE - BONATI MASLINASTA - Dika \u0160tik\" \/>\n<meta property=\"og:description\" content=\"Hla\u010de za hodanje i slobodno vrijeme &nbsp;  &nbsp;\" \/>\n<meta property=\"og:url\" content=\"https:\/\/dika.hr\/shop\/proizvod\/lovacke-hlace-bonati-maslinasta\/\" \/>\n<meta property=\"og:site_name\" content=\"Dika \u0160tik\" \/>\n<meta property=\"article:publisher\" content=\"https:\/\/www.facebook.com\/dikastik.hr\/\" \/>\n<meta property=\"article:modified_time\" content=\"2026-04-19T17:06:16+00:00\" \/>\n<meta property=\"og:image\" content=\"https:\/\/dika.hr\/shop\/wp-content\/uploads\/2026\/04\/4-hlace-BONATI-lovacke.jpg\" \/>\n\t<meta property=\"og:image:width\" content=\"1000\" \/>\n\t<meta property=\"og:image:height\" content=\"1000\" \/>\n\t<meta property=\"og:image:type\" content=\"image\/jpeg\" \/>\n<meta name=\"twitter:card\" content=\"summary_large_image\" \/>\n<meta name=\"twitter:label1\" content=\"Procijenjeno vrijeme \u010ditanja\" \/>\n\t<meta name=\"twitter:data1\" content=\"1 minuta\" \/>\n<script type=\"application\/ld+json\" class=\"yoast-schema-graph\">{\"@context\":\"https:\\\/\\\/schema.org\",\"@graph\":[{\"@type\":\"WebPage\",\"@id\":\"https:\\\/\\\/dika.hr\\\/shop\\\/proizvod\\\/lovacke-hlace-bonati-maslinasta\\\/\",\"url\":\"https:\\\/\\\/dika.hr\\\/shop\\\/proizvod\\\/lovacke-hlace-bonati-maslinasta\\\/\",\"name\":\"LOVA\u010cKE HLA\u010cE - BONATI MASLINASTA - Dika \u0160tik\",\"isPartOf\":{\"@id\":\"https:\\\/\\\/dika.hr\\\/shop\\\/#website\"},\"primaryImageOfPage\":{\"@id\":\"https:\\\/\\\/dika.hr\\\/shop\\\/proizvod\\\/lovacke-hlace-bonati-maslinasta\\\/#primaryimage\"},\"image\":{\"@id\":\"https:\\\/\\\/dika.hr\\\/shop\\\/proizvod\\\/lovacke-hlace-bonati-maslinasta\\\/#primaryimage\"},\"thumbnailUrl\":\"https:\\\/\\\/dika.hr\\\/shop\\\/wp-content\\\/uploads\\\/2026\\\/04\\\/4-hlace-BONATI-lovacke.jpg\",\"datePublished\":\"2026-04-16T07:22:36+00:00\",\"dateModified\":\"2026-04-19T17:06:16+00:00\",\"breadcrumb\":{\"@id\":\"https:\\\/\\\/dika.hr\\\/shop\\\/proizvod\\\/lovacke-hlace-bonati-maslinasta\\\/#breadcrumb\"},\"inLanguage\":\"hr\",\"potentialAction\":[{\"@type\":\"ReadAction\",\"target\":[\"https:\\\/\\\/dika.hr\\\/shop\\\/proizvod\\\/lovacke-hlace-bonati-maslinasta\\\/\"]}]},{\"@type\":\"ImageObject\",\"inLanguage\":\"hr\",\"@id\":\"https:\\\/\\\/dika.hr\\\/shop\\\/proizvod\\\/lovacke-hlace-bonati-maslinasta\\\/#primaryimage\",\"url\":\"https:\\\/\\\/dika.hr\\\/shop\\\/wp-content\\\/uploads\\\/2026\\\/04\\\/4-hlace-BONATI-lovacke.jpg\",\"contentUrl\":\"https:\\\/\\\/dika.hr\\\/shop\\\/wp-content\\\/uploads\\\/2026\\\/04\\\/4-hlace-BONATI-lovacke.jpg\",\"width\":1000,\"height\":1000},{\"@type\":\"BreadcrumbList\",\"@id\":\"https:\\\/\\\/dika.hr\\\/shop\\\/proizvod\\\/lovacke-hlace-bonati-maslinasta\\\/#breadcrumb\",\"itemListElement\":[{\"@type\":\"ListItem\",\"position\":1,\"name\":\"Po\u010detna stranica\",\"item\":\"https:\\\/\\\/dika.hr\\\/shop\\\/\"},{\"@type\":\"ListItem\",\"position\":2,\"name\":\"Trgovina\",\"item\":\"https:\\\/\\\/dika.hr\\\/shop\\\/trgovina\\\/\"},{\"@type\":\"ListItem\",\"position\":3,\"name\":\"LOVA\u010cKE HLA\u010cE &#8211; BONATI MASLINASTA\"}]},{\"@type\":\"WebSite\",\"@id\":\"https:\\\/\\\/dika.hr\\\/shop\\\/#website\",\"url\":\"https:\\\/\\\/dika.hr\\\/shop\\\/\",\"name\":\"Dika \u0160tik\",\"description\":\"\",\"publisher\":{\"@id\":\"https:\\\/\\\/dika.hr\\\/shop\\\/#organization\"},\"potentialAction\":[{\"@type\":\"SearchAction\",\"target\":{\"@type\":\"EntryPoint\",\"urlTemplate\":\"https:\\\/\\\/dika.hr\\\/shop\\\/?s={search_term_string}\"},\"query-input\":{\"@type\":\"PropertyValueSpecification\",\"valueRequired\":true,\"valueName\":\"search_term_string\"}}],\"inLanguage\":\"hr\"},{\"@type\":\"Organization\",\"@id\":\"https:\\\/\\\/dika.hr\\\/shop\\\/#organization\",\"name\":\"Dika \u0160tik\",\"url\":\"https:\\\/\\\/dika.hr\\\/shop\\\/\",\"logo\":{\"@type\":\"ImageObject\",\"inLanguage\":\"hr\",\"@id\":\"https:\\\/\\\/dika.hr\\\/shop\\\/#\\\/schema\\\/logo\\\/image\\\/\",\"url\":\"https:\\\/\\\/dika.hr\\\/shop\\\/wp-content\\\/uploads\\\/2024\\\/09\\\/dika_shop_logo-2.png\",\"contentUrl\":\"https:\\\/\\\/dika.hr\\\/shop\\\/wp-content\\\/uploads\\\/2024\\\/09\\\/dika_shop_logo-2.png\",\"width\":400,\"height\":109,\"caption\":\"Dika \u0160tik\"},\"image\":{\"@id\":\"https:\\\/\\\/dika.hr\\\/shop\\\/#\\\/schema\\\/logo\\\/image\\\/\"},\"sameAs\":[\"https:\\\/\\\/www.facebook.com\\\/dikastik.hr\\\/\"]}]}<\/script>\n<!-- \/ Yoast SEO plugin. -->","yoast_head_json":{"title":"LOVA\u010cKE HLA\u010cE - BONATI MASLINASTA - Dika \u0160tik","robots":{"index":"index","follow":"follow","max-snippet":"max-snippet:-1","max-image-preview":"max-image-preview:large","max-video-preview":"max-video-preview:-1"},"canonical":"https:\/\/dika.hr\/shop\/proizvod\/lovacke-hlace-bonati-maslinasta\/","og_locale":"hr_HR","og_type":"article","og_title":"LOVA\u010cKE HLA\u010cE - BONATI MASLINASTA - Dika \u0160tik","og_description":"Hla\u010de za hodanje i slobodno vrijeme &nbsp;  &nbsp;","og_url":"https:\/\/dika.hr\/shop\/proizvod\/lovacke-hlace-bonati-maslinasta\/","og_site_name":"Dika \u0160tik","article_publisher":"https:\/\/www.facebook.com\/dikastik.hr\/","article_modified_time":"2026-04-19T17:06:16+00:00","og_image":[{"width":1000,"height":1000,"url":"https:\/\/dika.hr\/shop\/wp-content\/uploads\/2026\/04\/4-hlace-BONATI-lovacke.jpg","type":"image\/jpeg"}],"twitter_card":"summary_large_image","twitter_misc":{"Procijenjeno vrijeme \u010ditanja":"1 minuta"},"schema":{"@context":"https:\/\/schema.org","@graph":[{"@type":"WebPage","@id":"https:\/\/dika.hr\/shop\/proizvod\/lovacke-hlace-bonati-maslinasta\/","url":"https:\/\/dika.hr\/shop\/proizvod\/lovacke-hlace-bonati-maslinasta\/","name":"LOVA\u010cKE HLA\u010cE - BONATI MASLINASTA - Dika \u0160tik","isPartOf":{"@id":"https:\/\/dika.hr\/shop\/#website"},"primaryImageOfPage":{"@id":"https:\/\/dika.hr\/shop\/proizvod\/lovacke-hlace-bonati-maslinasta\/#primaryimage"},"image":{"@id":"https:\/\/dika.hr\/shop\/proizvod\/lovacke-hlace-bonati-maslinasta\/#primaryimage"},"thumbnailUrl":"https:\/\/dika.hr\/shop\/wp-content\/uploads\/2026\/04\/4-hlace-BONATI-lovacke.jpg","datePublished":"2026-04-16T07:22:36+00:00","dateModified":"2026-04-19T17:06:16+00:00","breadcrumb":{"@id":"https:\/\/dika.hr\/shop\/proizvod\/lovacke-hlace-bonati-maslinasta\/#breadcrumb"},"inLanguage":"hr","potentialAction":[{"@type":"ReadAction","target":["https:\/\/dika.hr\/shop\/proizvod\/lovacke-hlace-bonati-maslinasta\/"]}]},{"@type":"ImageObject","inLanguage":"hr","@id":"https:\/\/dika.hr\/shop\/proizvod\/lovacke-hlace-bonati-maslinasta\/#primaryimage","url":"https:\/\/dika.hr\/shop\/wp-content\/uploads\/2026\/04\/4-hlace-BONATI-lovacke.jpg","contentUrl":"https:\/\/dika.hr\/shop\/wp-content\/uploads\/2026\/04\/4-hlace-BONATI-lovacke.jpg","width":1000,"height":1000},{"@type":"BreadcrumbList","@id":"https:\/\/dika.hr\/shop\/proizvod\/lovacke-hlace-bonati-maslinasta\/#breadcrumb","itemListElement":[{"@type":"ListItem","position":1,"name":"Po\u010detna stranica","item":"https:\/\/dika.hr\/shop\/"},{"@type":"ListItem","position":2,"name":"Trgovina","item":"https:\/\/dika.hr\/shop\/trgovina\/"},{"@type":"ListItem","position":3,"name":"LOVA\u010cKE HLA\u010cE &#8211; BONATI MASLINASTA"}]},{"@type":"WebSite","@id":"https:\/\/dika.hr\/shop\/#website","url":"https:\/\/dika.hr\/shop\/","name":"Dika \u0160tik","description":"","publisher":{"@id":"https:\/\/dika.hr\/shop\/#organization"},"potentialAction":[{"@type":"SearchAction","target":{"@type":"EntryPoint","urlTemplate":"https:\/\/dika.hr\/shop\/?s={search_term_string}"},"query-input":{"@type":"PropertyValueSpecification","valueRequired":true,"valueName":"search_term_string"}}],"inLanguage":"hr"},{"@type":"Organization","@id":"https:\/\/dika.hr\/shop\/#organization","name":"Dika \u0160tik","url":"https:\/\/dika.hr\/shop\/","logo":{"@type":"ImageObject","inLanguage":"hr","@id":"https:\/\/dika.hr\/shop\/#\/schema\/logo\/image\/","url":"https:\/\/dika.hr\/shop\/wp-content\/uploads\/2024\/09\/dika_shop_logo-2.png","contentUrl":"https:\/\/dika.hr\/shop\/wp-content\/uploads\/2024\/09\/dika_shop_logo-2.png","width":400,"height":109,"caption":"Dika \u0160tik"},"image":{"@id":"https:\/\/dika.hr\/shop\/#\/schema\/logo\/image\/"},"sameAs":["https:\/\/www.facebook.com\/dikastik.hr\/"]}]}},"_links":{"self":[{"href":"https:\/\/dika.hr\/shop\/wp-json\/wp\/v2\/product\/13235","targetHints":{"allow":["GET"]}}],"collection":[{"href":"https:\/\/dika.hr\/shop\/wp-json\/wp\/v2\/product"}],"about":[{"href":"https:\/\/dika.hr\/shop\/wp-json\/wp\/v2\/types\/product"}],"version-history":[{"count":6,"href":"https:\/\/dika.hr\/shop\/wp-json\/wp\/v2\/product\/13235\/revisions"}],"predecessor-version":[{"id":13325,"href":"https:\/\/dika.hr\/shop\/wp-json\/wp\/v2\/product\/13235\/revisions\/13325"}],"wp:featuredmedia":[{"embeddable":true,"href":"https:\/\/dika.hr\/shop\/wp-json\/wp\/v2\/media\/13259"}],"wp:attachment":[{"href":"https:\/\/dika.hr\/shop\/wp-json\/wp\/v2\/media?parent=13235"}],"wp:term":[{"taxonomy":"product_brand","embeddable":true,"href":"https:\/\/dika.hr\/shop\/wp-json\/wp\/v2\/product_brand?post=13235"},{"taxonomy":"product_cat","embeddable":true,"href":"https:\/\/dika.hr\/shop\/wp-json\/wp\/v2\/product_cat?post=13235"},{"taxonomy":"product_tag","embeddable":true,"href":"https:\/\/dika.hr\/shop\/wp-json\/wp\/v2\/product_tag?post=13235"}],"curies":[{"name":"wp","href":"https:\/\/api.w.org\/{rel}","templated":true}]}}