{"id":13395,"date":"2010-04-17T06:23:03","date_gmt":"2010-04-17T04:23:03","guid":{"rendered":"https:\/\/dika.hr\/shop\/?post_type=product&#038;p=13395"},"modified":"2026-04-17T07:08:54","modified_gmt":"2026-04-17T05:08:54","slug":"ribocuvarska-softshell-jakna","status":"publish","type":"product","link":"https:\/\/dika.hr\/shop\/proizvod\/ribocuvarska-softshell-jakna\/","title":{"rendered":"RIBO\u010cUVARSKA SOFTSHELL JAKNA"},"content":{"rendered":"<div class=\"product-parameters-box left\">\n<div class=\"product-parameters-box left\">\n<section class=\"text-token-text-primary w-full focus:outline-none [--shadow-height:45px] has-data-writing-block:pointer-events-none has-data-writing-block:-mt-(--shadow-height) has-data-writing-block:pt-(--shadow-height) [&amp;:has([data-writing-block])&gt;*]:pointer-events-auto [content-visibility:auto] supports-[content-visibility:auto]:[contain-intrinsic-size:auto_100lvh] R6Vx5W_threadScrollVars scroll-mb-[calc(var(--scroll-root-safe-area-inset-bottom,0px)+var(--thread-response-height))] scroll-mt-[calc(var(--header-height)+min(200px,max(70px,20svh)))]\" dir=\"auto\" data-turn-id=\"request-WEB:aefc7a85-9159-433d-b633-3bf808e4b81c-14\" data-testid=\"conversation-turn-28\" data-scroll-anchor=\"false\" data-turn=\"assistant\">\n<div class=\"text-base my-auto mx-auto pb-10 [--thread-content-margin:var(--thread-content-margin-xs,calc(var(--spacing)*4))] @w-sm\/main:[--thread-content-margin:var(--thread-content-margin-sm,calc(var(--spacing)*6))] @w-lg\/main:[--thread-content-margin:var(--thread-content-margin-lg,calc(var(--spacing)*16))] px-(--thread-content-margin)\">\n<div class=\"[--thread-content-max-width:40rem] @w-lg\/main:[--thread-content-max-width:48rem] mx-auto max-w-(--thread-content-max-width) flex-1 group\/turn-messages focus-visible:outline-hidden relative flex w-full min-w-0 flex-col agent-turn\">\n<div class=\"flex max-w-full flex-col gap-4 grow\">\n<div class=\"min-h-8 text-message relative flex w-full flex-col items-end gap-2 text-start break-words whitespace-normal outline-none keyboard-focused:focus-ring [.text-message+&amp;]:mt-1\" dir=\"auto\" tabindex=\"0\" data-message-author-role=\"assistant\" data-message-id=\"b262b8c6-65e3-474a-930f-44b8c8cc3eec\" data-message-model-slug=\"gpt-5-3\" data-turn-start-message=\"true\">\n<div class=\"flex w-full flex-col gap-1 empty:hidden\">\n<div class=\"markdown prose dark:prose-invert w-full wrap-break-word light markdown-new-styling\">\n<div class=\"flex flex-col text-sm pb-25\">\n<section class=\"text-token-text-primary w-full focus:outline-none [--shadow-height:45px] has-data-writing-block:pointer-events-none has-data-writing-block:-mt-(--shadow-height) has-data-writing-block:pt-(--shadow-height) [&amp;:has([data-writing-block])&gt;*]:pointer-events-auto scroll-mt-[calc(var(--header-height)+min(200px,max(70px,20svh)))]\" dir=\"auto\" data-turn-id=\"request-69e0cabd-32e8-8392-88c4-ab8cc59cdb7a-4\" data-testid=\"conversation-turn-18\" data-scroll-anchor=\"true\" data-turn=\"assistant\">\n<div class=\"text-base my-auto mx-auto pb-10 [--thread-content-margin:var(--thread-content-margin-xs,calc(var(--spacing)*4))] @w-sm\/main:[--thread-content-margin:var(--thread-content-margin-sm,calc(var(--spacing)*6))] @w-lg\/main:[--thread-content-margin:var(--thread-content-margin-lg,calc(var(--spacing)*16))] px-(--thread-content-margin)\">\n<div class=\"[--thread-content-max-width:40rem] @w-lg\/main:[--thread-content-max-width:48rem] mx-auto max-w-(--thread-content-max-width) flex-1 group\/turn-messages focus-visible:outline-hidden relative flex w-full min-w-0 flex-col agent-turn\">\n<div class=\"flex max-w-full flex-col gap-4 grow\">\n<div class=\"min-h-8 text-message relative flex w-full flex-col items-end gap-2 text-start break-words whitespace-normal outline-none keyboard-focused:focus-ring [.text-message+&amp;]:mt-1\" dir=\"auto\" tabindex=\"0\" data-message-author-role=\"assistant\" data-message-id=\"ac938ece-fa9a-4ca7-a885-b10052554629\" data-message-model-slug=\"gpt-5-4-thinking\" data-turn-start-message=\"true\">\n<div class=\"flex w-full flex-col gap-1 empty:hidden\">\n<div class=\"markdown prose dark:prose-invert w-full wrap-break-word light markdown-new-styling\">\n<p data-start=\"0\" data-end=\"266\">Softshell jakna za ribo\u010duvare izra\u0111ena je za ozbiljan, uredan i prepoznatljiv slu\u017ebeni nastup na terenu. Petrol nijansa daje moderan i profesionalan izgled, dok istaknuti vez \u201eRIBO\u010cUVAR\u201d i slu\u017ebeni grb na prsima jasno nagla\u0161avaju namjenu i identitet odjevnog komada.<\/p>\n<p data-start=\"268\" data-end=\"590\">Jakna je krojena tako da bude prakti\u010dna za svakodnevno no\u0161enje, s visokim ovratnikom, zatvaranjem na patentni zatvara\u010d te vi\u0161e funkcionalnih d\u017eepova koji olak\u0161avaju organizaciju sitnica na terenu. \u010cist dizajn i uredna zavr\u0161na obrada \u010dine je odli\u010dnim izborom za slu\u017ebene aktivnosti, rad na otvorenom i svakodnevnu upotrebu.<\/p>\n<p data-start=\"592\" data-end=\"728\">Ovo je odjevni komad koji spaja slu\u017ebenu prepoznatljivost, funkcionalnost i uredan izgled, pa se lako uklapa u opremu svakog ribo\u010duvara.<\/p>\n<\/div>\n<\/div>\n<\/div>\n<\/div>\n<div class=\"z-0 flex min-h-[46px] justify-start\"><\/div>\n<div class=\"mt-3 w-full empty:hidden\">\n<div class=\"text-center\"><\/div>\n<\/div>\n<\/div>\n<\/div>\n<\/section>\n<\/div>\n<div class=\"pointer-events-none h-px w-px absolute bottom-0\" aria-hidden=\"true\" data-edge=\"true\"><\/div>\n<\/div>\n<\/div>\n<\/div>\n<\/div>\n<div class=\"mt-3 w-full empty:hidden\">\n<div class=\"text-center\"><\/div>\n<\/div>\n<\/div>\n<\/div>\n<\/section>\n<div class=\"pointer-events-none -mt-px h-px translate-y-[calc(var(--scroll-root-safe-area-inset-bottom)-14*var(--spacing))]\" aria-hidden=\"true\"><\/div>\n<\/div>\n<\/div>\n","protected":false},"excerpt":{"rendered":"<p>Slu\u017ebena softshell jakna za ribo\u010duvare u petrol nijansi, s istaknutim oznakama i funkcionalnim d\u017eepovima za prakti\u010dno no\u0161enje na terenu.<\/p>\n","protected":false},"featured_media":13402,"template":"","meta":{"_acf_changed":false,"inline_featured_image":false},"product_brand":[],"product_cat":[295],"product_tag":[296],"class_list":{"0":"post-13395","1":"product","2":"type-product","3":"status-publish","4":"has-post-thumbnail","6":"product_cat-ribocuvar","7":"product_tag-ribocuvar","9":"first","10":"instock","11":"taxable","12":"shipping-taxable","13":"purchasable","14":"product-type-variable"},"acf":[],"yoast_head":"<!-- This site is optimized with the Yoast SEO plugin v27.3 - https:\/\/yoast.com\/product\/yoast-seo-wordpress\/ -->\n<title>RIBO\u010cUVARSKA SOFTSHELL JAKNA - Dika \u0160tik<\/title>\n<meta name=\"robots\" content=\"index, nofollow, max-snippet:-1, max-image-preview:large, max-video-preview:-1\" \/>\n<link rel=\"canonical\" href=\"https:\/\/dika.hr\/shop\/proizvod\/ribocuvarska-softshell-jakna\/\" \/>\n<meta property=\"og:locale\" content=\"hr_HR\" \/>\n<meta property=\"og:type\" content=\"article\" \/>\n<meta property=\"og:title\" content=\"RIBO\u010cUVARSKA SOFTSHELL JAKNA - Dika \u0160tik\" \/>\n<meta property=\"og:description\" content=\"Slu\u017ebena softshell jakna za ribo\u010duvare u petrol nijansi, s istaknutim oznakama i funkcionalnim d\u017eepovima za prakti\u010dno no\u0161enje na terenu.\" \/>\n<meta property=\"og:url\" content=\"https:\/\/dika.hr\/shop\/proizvod\/ribocuvarska-softshell-jakna\/\" \/>\n<meta property=\"og:site_name\" content=\"Dika \u0160tik\" \/>\n<meta property=\"article:publisher\" content=\"https:\/\/www.facebook.com\/dikastik.hr\/\" \/>\n<meta property=\"article:modified_time\" content=\"2026-04-17T05:08:54+00:00\" \/>\n<meta property=\"og:image\" content=\"https:\/\/dika.hr\/shop\/wp-content\/uploads\/2026\/04\/Ribocuvar-softshell-1.jpg\" \/>\n\t<meta property=\"og:image:width\" content=\"2000\" \/>\n\t<meta property=\"og:image:height\" content=\"2000\" \/>\n\t<meta property=\"og:image:type\" content=\"image\/jpeg\" \/>\n<meta name=\"twitter:card\" content=\"summary_large_image\" \/>\n<meta name=\"twitter:label1\" content=\"Procijenjeno vrijeme \u010ditanja\" \/>\n\t<meta name=\"twitter:data1\" content=\"1 minuta\" \/>\n<script type=\"application\/ld+json\" class=\"yoast-schema-graph\">{\"@context\":\"https:\\\/\\\/schema.org\",\"@graph\":[{\"@type\":\"WebPage\",\"@id\":\"https:\\\/\\\/dika.hr\\\/shop\\\/proizvod\\\/ribocuvarska-softshell-jakna\\\/\",\"url\":\"https:\\\/\\\/dika.hr\\\/shop\\\/proizvod\\\/ribocuvarska-softshell-jakna\\\/\",\"name\":\"RIBO\u010cUVARSKA SOFTSHELL JAKNA - Dika \u0160tik\",\"isPartOf\":{\"@id\":\"https:\\\/\\\/dika.hr\\\/shop\\\/#website\"},\"primaryImageOfPage\":{\"@id\":\"https:\\\/\\\/dika.hr\\\/shop\\\/proizvod\\\/ribocuvarska-softshell-jakna\\\/#primaryimage\"},\"image\":{\"@id\":\"https:\\\/\\\/dika.hr\\\/shop\\\/proizvod\\\/ribocuvarska-softshell-jakna\\\/#primaryimage\"},\"thumbnailUrl\":\"https:\\\/\\\/dika.hr\\\/shop\\\/wp-content\\\/uploads\\\/2026\\\/04\\\/Ribocuvar-softshell-1.jpg\",\"datePublished\":\"2010-04-17T04:23:03+00:00\",\"dateModified\":\"2026-04-17T05:08:54+00:00\",\"breadcrumb\":{\"@id\":\"https:\\\/\\\/dika.hr\\\/shop\\\/proizvod\\\/ribocuvarska-softshell-jakna\\\/#breadcrumb\"},\"inLanguage\":\"hr\",\"potentialAction\":[{\"@type\":\"ReadAction\",\"target\":[\"https:\\\/\\\/dika.hr\\\/shop\\\/proizvod\\\/ribocuvarska-softshell-jakna\\\/\"]}]},{\"@type\":\"ImageObject\",\"inLanguage\":\"hr\",\"@id\":\"https:\\\/\\\/dika.hr\\\/shop\\\/proizvod\\\/ribocuvarska-softshell-jakna\\\/#primaryimage\",\"url\":\"https:\\\/\\\/dika.hr\\\/shop\\\/wp-content\\\/uploads\\\/2026\\\/04\\\/Ribocuvar-softshell-1.jpg\",\"contentUrl\":\"https:\\\/\\\/dika.hr\\\/shop\\\/wp-content\\\/uploads\\\/2026\\\/04\\\/Ribocuvar-softshell-1.jpg\",\"width\":2000,\"height\":2000},{\"@type\":\"BreadcrumbList\",\"@id\":\"https:\\\/\\\/dika.hr\\\/shop\\\/proizvod\\\/ribocuvarska-softshell-jakna\\\/#breadcrumb\",\"itemListElement\":[{\"@type\":\"ListItem\",\"position\":1,\"name\":\"Po\u010detna stranica\",\"item\":\"https:\\\/\\\/dika.hr\\\/shop\\\/\"},{\"@type\":\"ListItem\",\"position\":2,\"name\":\"Trgovina\",\"item\":\"https:\\\/\\\/dika.hr\\\/shop\\\/trgovina\\\/\"},{\"@type\":\"ListItem\",\"position\":3,\"name\":\"RIBO\u010cUVARSKA SOFTSHELL JAKNA\"}]},{\"@type\":\"WebSite\",\"@id\":\"https:\\\/\\\/dika.hr\\\/shop\\\/#website\",\"url\":\"https:\\\/\\\/dika.hr\\\/shop\\\/\",\"name\":\"Dika \u0160tik\",\"description\":\"\",\"publisher\":{\"@id\":\"https:\\\/\\\/dika.hr\\\/shop\\\/#organization\"},\"potentialAction\":[{\"@type\":\"SearchAction\",\"target\":{\"@type\":\"EntryPoint\",\"urlTemplate\":\"https:\\\/\\\/dika.hr\\\/shop\\\/?s={search_term_string}\"},\"query-input\":{\"@type\":\"PropertyValueSpecification\",\"valueRequired\":true,\"valueName\":\"search_term_string\"}}],\"inLanguage\":\"hr\"},{\"@type\":\"Organization\",\"@id\":\"https:\\\/\\\/dika.hr\\\/shop\\\/#organization\",\"name\":\"Dika \u0160tik\",\"url\":\"https:\\\/\\\/dika.hr\\\/shop\\\/\",\"logo\":{\"@type\":\"ImageObject\",\"inLanguage\":\"hr\",\"@id\":\"https:\\\/\\\/dika.hr\\\/shop\\\/#\\\/schema\\\/logo\\\/image\\\/\",\"url\":\"https:\\\/\\\/dika.hr\\\/shop\\\/wp-content\\\/uploads\\\/2024\\\/09\\\/dika_shop_logo-2.png\",\"contentUrl\":\"https:\\\/\\\/dika.hr\\\/shop\\\/wp-content\\\/uploads\\\/2024\\\/09\\\/dika_shop_logo-2.png\",\"width\":400,\"height\":109,\"caption\":\"Dika \u0160tik\"},\"image\":{\"@id\":\"https:\\\/\\\/dika.hr\\\/shop\\\/#\\\/schema\\\/logo\\\/image\\\/\"},\"sameAs\":[\"https:\\\/\\\/www.facebook.com\\\/dikastik.hr\\\/\"]}]}<\/script>\n<!-- \/ Yoast SEO plugin. -->","yoast_head_json":{"title":"RIBO\u010cUVARSKA SOFTSHELL JAKNA - Dika \u0160tik","robots":{"index":"index","follow":"nofollow","max-snippet":"max-snippet:-1","max-image-preview":"max-image-preview:large","max-video-preview":"max-video-preview:-1"},"canonical":"https:\/\/dika.hr\/shop\/proizvod\/ribocuvarska-softshell-jakna\/","og_locale":"hr_HR","og_type":"article","og_title":"RIBO\u010cUVARSKA SOFTSHELL JAKNA - Dika \u0160tik","og_description":"Slu\u017ebena softshell jakna za ribo\u010duvare u petrol nijansi, s istaknutim oznakama i funkcionalnim d\u017eepovima za prakti\u010dno no\u0161enje na terenu.","og_url":"https:\/\/dika.hr\/shop\/proizvod\/ribocuvarska-softshell-jakna\/","og_site_name":"Dika \u0160tik","article_publisher":"https:\/\/www.facebook.com\/dikastik.hr\/","article_modified_time":"2026-04-17T05:08:54+00:00","og_image":[{"width":2000,"height":2000,"url":"https:\/\/dika.hr\/shop\/wp-content\/uploads\/2026\/04\/Ribocuvar-softshell-1.jpg","type":"image\/jpeg"}],"twitter_card":"summary_large_image","twitter_misc":{"Procijenjeno vrijeme \u010ditanja":"1 minuta"},"schema":{"@context":"https:\/\/schema.org","@graph":[{"@type":"WebPage","@id":"https:\/\/dika.hr\/shop\/proizvod\/ribocuvarska-softshell-jakna\/","url":"https:\/\/dika.hr\/shop\/proizvod\/ribocuvarska-softshell-jakna\/","name":"RIBO\u010cUVARSKA SOFTSHELL JAKNA - Dika \u0160tik","isPartOf":{"@id":"https:\/\/dika.hr\/shop\/#website"},"primaryImageOfPage":{"@id":"https:\/\/dika.hr\/shop\/proizvod\/ribocuvarska-softshell-jakna\/#primaryimage"},"image":{"@id":"https:\/\/dika.hr\/shop\/proizvod\/ribocuvarska-softshell-jakna\/#primaryimage"},"thumbnailUrl":"https:\/\/dika.hr\/shop\/wp-content\/uploads\/2026\/04\/Ribocuvar-softshell-1.jpg","datePublished":"2010-04-17T04:23:03+00:00","dateModified":"2026-04-17T05:08:54+00:00","breadcrumb":{"@id":"https:\/\/dika.hr\/shop\/proizvod\/ribocuvarska-softshell-jakna\/#breadcrumb"},"inLanguage":"hr","potentialAction":[{"@type":"ReadAction","target":["https:\/\/dika.hr\/shop\/proizvod\/ribocuvarska-softshell-jakna\/"]}]},{"@type":"ImageObject","inLanguage":"hr","@id":"https:\/\/dika.hr\/shop\/proizvod\/ribocuvarska-softshell-jakna\/#primaryimage","url":"https:\/\/dika.hr\/shop\/wp-content\/uploads\/2026\/04\/Ribocuvar-softshell-1.jpg","contentUrl":"https:\/\/dika.hr\/shop\/wp-content\/uploads\/2026\/04\/Ribocuvar-softshell-1.jpg","width":2000,"height":2000},{"@type":"BreadcrumbList","@id":"https:\/\/dika.hr\/shop\/proizvod\/ribocuvarska-softshell-jakna\/#breadcrumb","itemListElement":[{"@type":"ListItem","position":1,"name":"Po\u010detna stranica","item":"https:\/\/dika.hr\/shop\/"},{"@type":"ListItem","position":2,"name":"Trgovina","item":"https:\/\/dika.hr\/shop\/trgovina\/"},{"@type":"ListItem","position":3,"name":"RIBO\u010cUVARSKA SOFTSHELL JAKNA"}]},{"@type":"WebSite","@id":"https:\/\/dika.hr\/shop\/#website","url":"https:\/\/dika.hr\/shop\/","name":"Dika \u0160tik","description":"","publisher":{"@id":"https:\/\/dika.hr\/shop\/#organization"},"potentialAction":[{"@type":"SearchAction","target":{"@type":"EntryPoint","urlTemplate":"https:\/\/dika.hr\/shop\/?s={search_term_string}"},"query-input":{"@type":"PropertyValueSpecification","valueRequired":true,"valueName":"search_term_string"}}],"inLanguage":"hr"},{"@type":"Organization","@id":"https:\/\/dika.hr\/shop\/#organization","name":"Dika \u0160tik","url":"https:\/\/dika.hr\/shop\/","logo":{"@type":"ImageObject","inLanguage":"hr","@id":"https:\/\/dika.hr\/shop\/#\/schema\/logo\/image\/","url":"https:\/\/dika.hr\/shop\/wp-content\/uploads\/2024\/09\/dika_shop_logo-2.png","contentUrl":"https:\/\/dika.hr\/shop\/wp-content\/uploads\/2024\/09\/dika_shop_logo-2.png","width":400,"height":109,"caption":"Dika \u0160tik"},"image":{"@id":"https:\/\/dika.hr\/shop\/#\/schema\/logo\/image\/"},"sameAs":["https:\/\/www.facebook.com\/dikastik.hr\/"]}]}},"_links":{"self":[{"href":"https:\/\/dika.hr\/shop\/wp-json\/wp\/v2\/product\/13395","targetHints":{"allow":["GET"]}}],"collection":[{"href":"https:\/\/dika.hr\/shop\/wp-json\/wp\/v2\/product"}],"about":[{"href":"https:\/\/dika.hr\/shop\/wp-json\/wp\/v2\/types\/product"}],"version-history":[{"count":1,"href":"https:\/\/dika.hr\/shop\/wp-json\/wp\/v2\/product\/13395\/revisions"}],"predecessor-version":[{"id":13405,"href":"https:\/\/dika.hr\/shop\/wp-json\/wp\/v2\/product\/13395\/revisions\/13405"}],"wp:featuredmedia":[{"embeddable":true,"href":"https:\/\/dika.hr\/shop\/wp-json\/wp\/v2\/media\/13402"}],"wp:attachment":[{"href":"https:\/\/dika.hr\/shop\/wp-json\/wp\/v2\/media?parent=13395"}],"wp:term":[{"taxonomy":"product_brand","embeddable":true,"href":"https:\/\/dika.hr\/shop\/wp-json\/wp\/v2\/product_brand?post=13395"},{"taxonomy":"product_cat","embeddable":true,"href":"https:\/\/dika.hr\/shop\/wp-json\/wp\/v2\/product_cat?post=13395"},{"taxonomy":"product_tag","embeddable":true,"href":"https:\/\/dika.hr\/shop\/wp-json\/wp\/v2\/product_tag?post=13395"}],"curies":[{"name":"wp","href":"https:\/\/api.w.org\/{rel}","templated":true}]}}