{"id":1419,"date":"2024-08-12T09:11:44","date_gmt":"2024-08-12T07:11:44","guid":{"rendered":"https:\/\/dika.hr\/shop\/?post_type=product&#038;p=1419"},"modified":"2026-04-09T08:29:50","modified_gmt":"2026-04-09T06:29:50","slug":"lovacki-set-lt-tetrijeb","status":"publish","type":"product","link":"https:\/\/dika.hr\/shop\/proizvod\/lovacki-set-lt-tetrijeb\/","title":{"rendered":"LOVA\u010cKI SET LT-TETRIJEB"},"content":{"rendered":"<p>ZIMSKA KAPA ESSKIMO<\/p>\n<ul>\n<li>Zimska kapa esskimo od vune i otopljenjem za uha od flisa\u00a0\u2013<\/li>\n<li>vrlo ugodna za no\u0161enje po hladno\u0107i<\/li>\n<\/ul>\n<p>Majica kratkih rukava mu\u0161ka<\/p>\n<ul>\n<li>Jednostrana, 100 % pamuk (sastav mo\u017ee varirati \u2013 boja 03 \u2013 97 % pamuk, 3 % viskoza, boja 12 \u2013 85 % pamuk, 15 % viskoza), silikonska obrada<\/li>\n<li>cjevasti kroj<\/li>\n<li>uzak porub ovratnika od rebraste pletenine 1:1 s 5% elastana<\/li>\n<li>oja\u010dana ramena traka<\/li>\n<li>silikonska izvedba<\/li>\n<\/ul>\n<p>Kapa \u0161ilt unisex<\/p>\n<ul>\n<li>Bru\u0161eni keper, 100 % pamuk<\/li>\n<li>kapa sa \u0161est ploha od kvalitetnog bru\u0161enog pamuka<\/li>\n<li>atraktivan dar<\/li>\n<li>veli\u010dina podesiva pomo\u0107u kop\u010de od mjeda<\/li>\n<li>otvori za prozra\u010divanje dekorirani \u0161avovima<\/li>\n<\/ul>\n","protected":false},"excerpt":{"rendered":"<p><b>Majca t-shirt, kapa \u0161ilt i zimska kapa sa logom TETRIJEBA<\/b><\/p>\n<p>Va\u0161 personalizirani logo ili natpis po \u017eelji napla\u0107uje se dodatno. Va\u0161e upite \u0161aljite na e-mail:\u00a0 shop@dika.hr<\/p>\n","protected":false},"featured_media":1464,"template":"","meta":{"_acf_changed":false,"inline_featured_image":false},"product_brand":[],"product_cat":[19,16,17,270,21],"product_tag":[223],"class_list":{"0":"post-1419","1":"product","2":"type-product","3":"status-publish","4":"has-post-thumbnail","6":"product_cat-kape","7":"product_cat-lovacki-program","8":"product_cat-lovacke-majice","9":"product_cat-lovacki-setovi","10":"product_cat-silt-kape","11":"product_tag-set7","13":"first","14":"instock","15":"taxable","16":"shipping-taxable","17":"purchasable","18":"product-type-variable"},"acf":[],"yoast_head":"<!-- This site is optimized with the Yoast SEO plugin v27.3 - https:\/\/yoast.com\/product\/yoast-seo-wordpress\/ -->\n<title>LOVA\u010cKI SET LT-TETRIJEB - Dika \u0160tik<\/title>\n<meta name=\"robots\" content=\"index, follow, max-snippet:-1, max-image-preview:large, max-video-preview:-1\" \/>\n<link rel=\"canonical\" href=\"https:\/\/dika.hr\/shop\/proizvod\/lovacki-set-lt-tetrijeb\/\" \/>\n<meta property=\"og:locale\" content=\"hr_HR\" \/>\n<meta property=\"og:type\" content=\"article\" \/>\n<meta property=\"og:title\" content=\"LOVA\u010cKI SET LT-TETRIJEB - Dika \u0160tik\" \/>\n<meta property=\"og:description\" content=\"Majca t-shirt, kapa \u0161ilt i zimska kapa sa logom TETRIJEBA  Va\u0161 personalizirani logo ili natpis po \u017eelji napla\u0107uje se dodatno. Va\u0161e upite \u0161aljite na e-mail:\u00a0 shop@dika.hr\" \/>\n<meta property=\"og:url\" content=\"https:\/\/dika.hr\/shop\/proizvod\/lovacki-set-lt-tetrijeb\/\" \/>\n<meta property=\"og:site_name\" content=\"Dika \u0160tik\" \/>\n<meta property=\"article:publisher\" content=\"https:\/\/www.facebook.com\/dikastik.hr\/\" \/>\n<meta property=\"article:modified_time\" content=\"2026-04-09T06:29:50+00:00\" \/>\n<meta property=\"og:image\" content=\"https:\/\/dika.hr\/shop\/wp-content\/uploads\/2024\/08\/IMG_9320-rotated-1.jpg\" \/>\n\t<meta property=\"og:image:width\" content=\"1512\" \/>\n\t<meta property=\"og:image:height\" content=\"2016\" \/>\n\t<meta property=\"og:image:type\" content=\"image\/jpeg\" \/>\n<meta name=\"twitter:card\" content=\"summary_large_image\" \/>\n<script type=\"application\/ld+json\" class=\"yoast-schema-graph\">{\"@context\":\"https:\\\/\\\/schema.org\",\"@graph\":[{\"@type\":\"WebPage\",\"@id\":\"https:\\\/\\\/dika.hr\\\/shop\\\/proizvod\\\/lovacki-set-lt-tetrijeb\\\/\",\"url\":\"https:\\\/\\\/dika.hr\\\/shop\\\/proizvod\\\/lovacki-set-lt-tetrijeb\\\/\",\"name\":\"LOVA\u010cKI SET LT-TETRIJEB - Dika \u0160tik\",\"isPartOf\":{\"@id\":\"https:\\\/\\\/dika.hr\\\/shop\\\/#website\"},\"primaryImageOfPage\":{\"@id\":\"https:\\\/\\\/dika.hr\\\/shop\\\/proizvod\\\/lovacki-set-lt-tetrijeb\\\/#primaryimage\"},\"image\":{\"@id\":\"https:\\\/\\\/dika.hr\\\/shop\\\/proizvod\\\/lovacki-set-lt-tetrijeb\\\/#primaryimage\"},\"thumbnailUrl\":\"https:\\\/\\\/dika.hr\\\/shop\\\/wp-content\\\/uploads\\\/2024\\\/08\\\/IMG_9320-rotated-1.jpg\",\"datePublished\":\"2024-08-12T07:11:44+00:00\",\"dateModified\":\"2026-04-09T06:29:50+00:00\",\"breadcrumb\":{\"@id\":\"https:\\\/\\\/dika.hr\\\/shop\\\/proizvod\\\/lovacki-set-lt-tetrijeb\\\/#breadcrumb\"},\"inLanguage\":\"hr\",\"potentialAction\":[{\"@type\":\"ReadAction\",\"target\":[\"https:\\\/\\\/dika.hr\\\/shop\\\/proizvod\\\/lovacki-set-lt-tetrijeb\\\/\"]}]},{\"@type\":\"ImageObject\",\"inLanguage\":\"hr\",\"@id\":\"https:\\\/\\\/dika.hr\\\/shop\\\/proizvod\\\/lovacki-set-lt-tetrijeb\\\/#primaryimage\",\"url\":\"https:\\\/\\\/dika.hr\\\/shop\\\/wp-content\\\/uploads\\\/2024\\\/08\\\/IMG_9320-rotated-1.jpg\",\"contentUrl\":\"https:\\\/\\\/dika.hr\\\/shop\\\/wp-content\\\/uploads\\\/2024\\\/08\\\/IMG_9320-rotated-1.jpg\",\"width\":1512,\"height\":2016},{\"@type\":\"BreadcrumbList\",\"@id\":\"https:\\\/\\\/dika.hr\\\/shop\\\/proizvod\\\/lovacki-set-lt-tetrijeb\\\/#breadcrumb\",\"itemListElement\":[{\"@type\":\"ListItem\",\"position\":1,\"name\":\"Po\u010detna stranica\",\"item\":\"https:\\\/\\\/dika.hr\\\/shop\\\/\"},{\"@type\":\"ListItem\",\"position\":2,\"name\":\"Trgovina\",\"item\":\"https:\\\/\\\/dika.hr\\\/shop\\\/trgovina\\\/\"},{\"@type\":\"ListItem\",\"position\":3,\"name\":\"LOVA\u010cKI SET LT-TETRIJEB\"}]},{\"@type\":\"WebSite\",\"@id\":\"https:\\\/\\\/dika.hr\\\/shop\\\/#website\",\"url\":\"https:\\\/\\\/dika.hr\\\/shop\\\/\",\"name\":\"Dika \u0160tik\",\"description\":\"\",\"publisher\":{\"@id\":\"https:\\\/\\\/dika.hr\\\/shop\\\/#organization\"},\"potentialAction\":[{\"@type\":\"SearchAction\",\"target\":{\"@type\":\"EntryPoint\",\"urlTemplate\":\"https:\\\/\\\/dika.hr\\\/shop\\\/?s={search_term_string}\"},\"query-input\":{\"@type\":\"PropertyValueSpecification\",\"valueRequired\":true,\"valueName\":\"search_term_string\"}}],\"inLanguage\":\"hr\"},{\"@type\":\"Organization\",\"@id\":\"https:\\\/\\\/dika.hr\\\/shop\\\/#organization\",\"name\":\"Dika \u0160tik\",\"url\":\"https:\\\/\\\/dika.hr\\\/shop\\\/\",\"logo\":{\"@type\":\"ImageObject\",\"inLanguage\":\"hr\",\"@id\":\"https:\\\/\\\/dika.hr\\\/shop\\\/#\\\/schema\\\/logo\\\/image\\\/\",\"url\":\"https:\\\/\\\/dika.hr\\\/shop\\\/wp-content\\\/uploads\\\/2024\\\/09\\\/dika_shop_logo-2.png\",\"contentUrl\":\"https:\\\/\\\/dika.hr\\\/shop\\\/wp-content\\\/uploads\\\/2024\\\/09\\\/dika_shop_logo-2.png\",\"width\":400,\"height\":109,\"caption\":\"Dika \u0160tik\"},\"image\":{\"@id\":\"https:\\\/\\\/dika.hr\\\/shop\\\/#\\\/schema\\\/logo\\\/image\\\/\"},\"sameAs\":[\"https:\\\/\\\/www.facebook.com\\\/dikastik.hr\\\/\"]}]}<\/script>\n<!-- \/ Yoast SEO plugin. -->","yoast_head_json":{"title":"LOVA\u010cKI SET LT-TETRIJEB - Dika \u0160tik","robots":{"index":"index","follow":"follow","max-snippet":"max-snippet:-1","max-image-preview":"max-image-preview:large","max-video-preview":"max-video-preview:-1"},"canonical":"https:\/\/dika.hr\/shop\/proizvod\/lovacki-set-lt-tetrijeb\/","og_locale":"hr_HR","og_type":"article","og_title":"LOVA\u010cKI SET LT-TETRIJEB - Dika \u0160tik","og_description":"Majca t-shirt, kapa \u0161ilt i zimska kapa sa logom TETRIJEBA  Va\u0161 personalizirani logo ili natpis po \u017eelji napla\u0107uje se dodatno. Va\u0161e upite \u0161aljite na e-mail:\u00a0 shop@dika.hr","og_url":"https:\/\/dika.hr\/shop\/proizvod\/lovacki-set-lt-tetrijeb\/","og_site_name":"Dika \u0160tik","article_publisher":"https:\/\/www.facebook.com\/dikastik.hr\/","article_modified_time":"2026-04-09T06:29:50+00:00","og_image":[{"width":1512,"height":2016,"url":"https:\/\/dika.hr\/shop\/wp-content\/uploads\/2024\/08\/IMG_9320-rotated-1.jpg","type":"image\/jpeg"}],"twitter_card":"summary_large_image","schema":{"@context":"https:\/\/schema.org","@graph":[{"@type":"WebPage","@id":"https:\/\/dika.hr\/shop\/proizvod\/lovacki-set-lt-tetrijeb\/","url":"https:\/\/dika.hr\/shop\/proizvod\/lovacki-set-lt-tetrijeb\/","name":"LOVA\u010cKI SET LT-TETRIJEB - Dika \u0160tik","isPartOf":{"@id":"https:\/\/dika.hr\/shop\/#website"},"primaryImageOfPage":{"@id":"https:\/\/dika.hr\/shop\/proizvod\/lovacki-set-lt-tetrijeb\/#primaryimage"},"image":{"@id":"https:\/\/dika.hr\/shop\/proizvod\/lovacki-set-lt-tetrijeb\/#primaryimage"},"thumbnailUrl":"https:\/\/dika.hr\/shop\/wp-content\/uploads\/2024\/08\/IMG_9320-rotated-1.jpg","datePublished":"2024-08-12T07:11:44+00:00","dateModified":"2026-04-09T06:29:50+00:00","breadcrumb":{"@id":"https:\/\/dika.hr\/shop\/proizvod\/lovacki-set-lt-tetrijeb\/#breadcrumb"},"inLanguage":"hr","potentialAction":[{"@type":"ReadAction","target":["https:\/\/dika.hr\/shop\/proizvod\/lovacki-set-lt-tetrijeb\/"]}]},{"@type":"ImageObject","inLanguage":"hr","@id":"https:\/\/dika.hr\/shop\/proizvod\/lovacki-set-lt-tetrijeb\/#primaryimage","url":"https:\/\/dika.hr\/shop\/wp-content\/uploads\/2024\/08\/IMG_9320-rotated-1.jpg","contentUrl":"https:\/\/dika.hr\/shop\/wp-content\/uploads\/2024\/08\/IMG_9320-rotated-1.jpg","width":1512,"height":2016},{"@type":"BreadcrumbList","@id":"https:\/\/dika.hr\/shop\/proizvod\/lovacki-set-lt-tetrijeb\/#breadcrumb","itemListElement":[{"@type":"ListItem","position":1,"name":"Po\u010detna stranica","item":"https:\/\/dika.hr\/shop\/"},{"@type":"ListItem","position":2,"name":"Trgovina","item":"https:\/\/dika.hr\/shop\/trgovina\/"},{"@type":"ListItem","position":3,"name":"LOVA\u010cKI SET LT-TETRIJEB"}]},{"@type":"WebSite","@id":"https:\/\/dika.hr\/shop\/#website","url":"https:\/\/dika.hr\/shop\/","name":"Dika \u0160tik","description":"","publisher":{"@id":"https:\/\/dika.hr\/shop\/#organization"},"potentialAction":[{"@type":"SearchAction","target":{"@type":"EntryPoint","urlTemplate":"https:\/\/dika.hr\/shop\/?s={search_term_string}"},"query-input":{"@type":"PropertyValueSpecification","valueRequired":true,"valueName":"search_term_string"}}],"inLanguage":"hr"},{"@type":"Organization","@id":"https:\/\/dika.hr\/shop\/#organization","name":"Dika \u0160tik","url":"https:\/\/dika.hr\/shop\/","logo":{"@type":"ImageObject","inLanguage":"hr","@id":"https:\/\/dika.hr\/shop\/#\/schema\/logo\/image\/","url":"https:\/\/dika.hr\/shop\/wp-content\/uploads\/2024\/09\/dika_shop_logo-2.png","contentUrl":"https:\/\/dika.hr\/shop\/wp-content\/uploads\/2024\/09\/dika_shop_logo-2.png","width":400,"height":109,"caption":"Dika \u0160tik"},"image":{"@id":"https:\/\/dika.hr\/shop\/#\/schema\/logo\/image\/"},"sameAs":["https:\/\/www.facebook.com\/dikastik.hr\/"]}]}},"_links":{"self":[{"href":"https:\/\/dika.hr\/shop\/wp-json\/wp\/v2\/product\/1419","targetHints":{"allow":["GET"]}}],"collection":[{"href":"https:\/\/dika.hr\/shop\/wp-json\/wp\/v2\/product"}],"about":[{"href":"https:\/\/dika.hr\/shop\/wp-json\/wp\/v2\/types\/product"}],"version-history":[{"count":1,"href":"https:\/\/dika.hr\/shop\/wp-json\/wp\/v2\/product\/1419\/revisions"}],"predecessor-version":[{"id":12745,"href":"https:\/\/dika.hr\/shop\/wp-json\/wp\/v2\/product\/1419\/revisions\/12745"}],"wp:featuredmedia":[{"embeddable":true,"href":"https:\/\/dika.hr\/shop\/wp-json\/wp\/v2\/media\/1464"}],"wp:attachment":[{"href":"https:\/\/dika.hr\/shop\/wp-json\/wp\/v2\/media?parent=1419"}],"wp:term":[{"taxonomy":"product_brand","embeddable":true,"href":"https:\/\/dika.hr\/shop\/wp-json\/wp\/v2\/product_brand?post=1419"},{"taxonomy":"product_cat","embeddable":true,"href":"https:\/\/dika.hr\/shop\/wp-json\/wp\/v2\/product_cat?post=1419"},{"taxonomy":"product_tag","embeddable":true,"href":"https:\/\/dika.hr\/shop\/wp-json\/wp\/v2\/product_tag?post=1419"}],"curies":[{"name":"wp","href":"https:\/\/api.w.org\/{rel}","templated":true}]}}