{"id":1537,"date":"2024-08-12T09:13:18","date_gmt":"2024-08-12T07:13:18","guid":{"rendered":"https:\/\/dika.hr\/shop\/?post_type=product&#038;p=1537"},"modified":"2026-04-09T13:19:36","modified_gmt":"2026-04-09T11:19:36","slug":"navijacka-esskimo-vunena-kapa-za-odrasle","status":"publish","type":"product","link":"https:\/\/dika.hr\/shop\/proizvod\/navijacka-esskimo-vunena-kapa-za-odrasle\/","title":{"rendered":"NAVIJA\u010cKA ESSKIMO VUNENA KAPA ZA ODRASLE"},"content":{"rendered":"<div dir=\"auto\">Hrvatski proizvod vrhunske kvalitete<\/div>\n<div dir=\"auto\">Zimska navija\u010dka kapa za odrasle koja je uskla\u0111ena bojama dresa hrvatske reprezentacija.<\/div>\n<div dir=\"auto\">Sastav je mje\u0161avina vunenog vlakna i akrila, a iznutra je postavljena trakom oko uha od poliestera koja dodatno grije uho.<\/div>\n<div dir=\"auto\">NAPOMENA Dres na slici slu\u017ei samo kao primjer boja i nije na prodaju.<\/div>\n","protected":false},"excerpt":{"rendered":"<p>Hrvatski proizvod vrhunske kvalitete Zimska navija\u010dka kapa za odrasle koja je uskla\u0111ena bojama dresa hrvatske reprezentacija. Sastav je mje\u0161avina vunenog vlakna i akrila, a iznutra je postavljena trakom oko uha od poliestera koja dodatno grije uho. NAPOMENA Dres na slici slu\u017ei samo kao primjer boja i nije na prodaju.<\/p>\n","protected":false},"featured_media":1562,"template":"","meta":{"_acf_changed":false,"inline_featured_image":false},"product_brand":[],"product_cat":[78,290,36],"product_tag":[],"class_list":{"0":"post-1537","1":"product","2":"type-product","3":"status-publish","4":"has-post-thumbnail","6":"product_cat-esskimo-zimske-kape","7":"product_cat-promo-kape","8":"product_cat-promo-asortiman","10":"first","11":"instock","12":"taxable","13":"shipping-taxable","14":"purchasable","15":"product-type-variable"},"acf":[],"yoast_head":"<!-- This site is optimized with the Yoast SEO plugin v27.3 - https:\/\/yoast.com\/product\/yoast-seo-wordpress\/ -->\n<title>NAVIJA\u010cKA ESSKIMO VUNENA KAPA ZA ODRASLE - Dika \u0160tik<\/title>\n<meta name=\"robots\" content=\"index, follow, max-snippet:-1, max-image-preview:large, max-video-preview:-1\" \/>\n<link rel=\"canonical\" href=\"https:\/\/dika.hr\/shop\/proizvod\/navijacka-esskimo-vunena-kapa-za-odrasle\/\" \/>\n<meta property=\"og:locale\" content=\"hr_HR\" \/>\n<meta property=\"og:type\" content=\"article\" \/>\n<meta property=\"og:title\" content=\"NAVIJA\u010cKA ESSKIMO VUNENA KAPA ZA ODRASLE - Dika \u0160tik\" \/>\n<meta property=\"og:description\" content=\"Hrvatski proizvod vrhunske kvalitete Zimska navija\u010dka kapa za odrasle koja je uskla\u0111ena bojama dresa hrvatske reprezentacija. Sastav je mje\u0161avina vunenog vlakna i akrila, a iznutra je postavljena trakom oko uha od poliestera koja dodatno grije uho. NAPOMENA Dres na slici slu\u017ei samo kao primjer boja i nije na prodaju.\" \/>\n<meta property=\"og:url\" content=\"https:\/\/dika.hr\/shop\/proizvod\/navijacka-esskimo-vunena-kapa-za-odrasle\/\" \/>\n<meta property=\"og:site_name\" content=\"Dika \u0160tik\" \/>\n<meta property=\"article:publisher\" content=\"https:\/\/www.facebook.com\/dikastik.hr\/\" \/>\n<meta property=\"article:modified_time\" content=\"2026-04-09T11:19:36+00:00\" \/>\n<meta property=\"og:image\" content=\"https:\/\/dika.hr\/shop\/wp-content\/uploads\/2024\/08\/IMG-20220922-WA0005.jpg\" \/>\n\t<meta property=\"og:image:width\" content=\"1600\" \/>\n\t<meta property=\"og:image:height\" content=\"1600\" \/>\n\t<meta property=\"og:image:type\" content=\"image\/jpeg\" \/>\n<meta name=\"twitter:card\" content=\"summary_large_image\" \/>\n<script type=\"application\/ld+json\" class=\"yoast-schema-graph\">{\"@context\":\"https:\\\/\\\/schema.org\",\"@graph\":[{\"@type\":\"WebPage\",\"@id\":\"https:\\\/\\\/dika.hr\\\/shop\\\/proizvod\\\/navijacka-esskimo-vunena-kapa-za-odrasle\\\/\",\"url\":\"https:\\\/\\\/dika.hr\\\/shop\\\/proizvod\\\/navijacka-esskimo-vunena-kapa-za-odrasle\\\/\",\"name\":\"NAVIJA\u010cKA ESSKIMO VUNENA KAPA ZA ODRASLE - Dika \u0160tik\",\"isPartOf\":{\"@id\":\"https:\\\/\\\/dika.hr\\\/shop\\\/#website\"},\"primaryImageOfPage\":{\"@id\":\"https:\\\/\\\/dika.hr\\\/shop\\\/proizvod\\\/navijacka-esskimo-vunena-kapa-za-odrasle\\\/#primaryimage\"},\"image\":{\"@id\":\"https:\\\/\\\/dika.hr\\\/shop\\\/proizvod\\\/navijacka-esskimo-vunena-kapa-za-odrasle\\\/#primaryimage\"},\"thumbnailUrl\":\"https:\\\/\\\/dika.hr\\\/shop\\\/wp-content\\\/uploads\\\/2024\\\/08\\\/IMG-20220922-WA0005.jpg\",\"datePublished\":\"2024-08-12T07:13:18+00:00\",\"dateModified\":\"2026-04-09T11:19:36+00:00\",\"breadcrumb\":{\"@id\":\"https:\\\/\\\/dika.hr\\\/shop\\\/proizvod\\\/navijacka-esskimo-vunena-kapa-za-odrasle\\\/#breadcrumb\"},\"inLanguage\":\"hr\",\"potentialAction\":[{\"@type\":\"ReadAction\",\"target\":[\"https:\\\/\\\/dika.hr\\\/shop\\\/proizvod\\\/navijacka-esskimo-vunena-kapa-za-odrasle\\\/\"]}]},{\"@type\":\"ImageObject\",\"inLanguage\":\"hr\",\"@id\":\"https:\\\/\\\/dika.hr\\\/shop\\\/proizvod\\\/navijacka-esskimo-vunena-kapa-za-odrasle\\\/#primaryimage\",\"url\":\"https:\\\/\\\/dika.hr\\\/shop\\\/wp-content\\\/uploads\\\/2024\\\/08\\\/IMG-20220922-WA0005.jpg\",\"contentUrl\":\"https:\\\/\\\/dika.hr\\\/shop\\\/wp-content\\\/uploads\\\/2024\\\/08\\\/IMG-20220922-WA0005.jpg\",\"width\":1600,\"height\":1600},{\"@type\":\"BreadcrumbList\",\"@id\":\"https:\\\/\\\/dika.hr\\\/shop\\\/proizvod\\\/navijacka-esskimo-vunena-kapa-za-odrasle\\\/#breadcrumb\",\"itemListElement\":[{\"@type\":\"ListItem\",\"position\":1,\"name\":\"Po\u010detna stranica\",\"item\":\"https:\\\/\\\/dika.hr\\\/shop\\\/\"},{\"@type\":\"ListItem\",\"position\":2,\"name\":\"Trgovina\",\"item\":\"https:\\\/\\\/dika.hr\\\/shop\\\/trgovina\\\/\"},{\"@type\":\"ListItem\",\"position\":3,\"name\":\"NAVIJA\u010cKA ESSKIMO VUNENA KAPA ZA ODRASLE\"}]},{\"@type\":\"WebSite\",\"@id\":\"https:\\\/\\\/dika.hr\\\/shop\\\/#website\",\"url\":\"https:\\\/\\\/dika.hr\\\/shop\\\/\",\"name\":\"Dika \u0160tik\",\"description\":\"\",\"publisher\":{\"@id\":\"https:\\\/\\\/dika.hr\\\/shop\\\/#organization\"},\"potentialAction\":[{\"@type\":\"SearchAction\",\"target\":{\"@type\":\"EntryPoint\",\"urlTemplate\":\"https:\\\/\\\/dika.hr\\\/shop\\\/?s={search_term_string}\"},\"query-input\":{\"@type\":\"PropertyValueSpecification\",\"valueRequired\":true,\"valueName\":\"search_term_string\"}}],\"inLanguage\":\"hr\"},{\"@type\":\"Organization\",\"@id\":\"https:\\\/\\\/dika.hr\\\/shop\\\/#organization\",\"name\":\"Dika \u0160tik\",\"url\":\"https:\\\/\\\/dika.hr\\\/shop\\\/\",\"logo\":{\"@type\":\"ImageObject\",\"inLanguage\":\"hr\",\"@id\":\"https:\\\/\\\/dika.hr\\\/shop\\\/#\\\/schema\\\/logo\\\/image\\\/\",\"url\":\"https:\\\/\\\/dika.hr\\\/shop\\\/wp-content\\\/uploads\\\/2024\\\/09\\\/dika_shop_logo-2.png\",\"contentUrl\":\"https:\\\/\\\/dika.hr\\\/shop\\\/wp-content\\\/uploads\\\/2024\\\/09\\\/dika_shop_logo-2.png\",\"width\":400,\"height\":109,\"caption\":\"Dika \u0160tik\"},\"image\":{\"@id\":\"https:\\\/\\\/dika.hr\\\/shop\\\/#\\\/schema\\\/logo\\\/image\\\/\"},\"sameAs\":[\"https:\\\/\\\/www.facebook.com\\\/dikastik.hr\\\/\"]}]}<\/script>\n<!-- \/ Yoast SEO plugin. -->","yoast_head_json":{"title":"NAVIJA\u010cKA ESSKIMO VUNENA KAPA ZA ODRASLE - Dika \u0160tik","robots":{"index":"index","follow":"follow","max-snippet":"max-snippet:-1","max-image-preview":"max-image-preview:large","max-video-preview":"max-video-preview:-1"},"canonical":"https:\/\/dika.hr\/shop\/proizvod\/navijacka-esskimo-vunena-kapa-za-odrasle\/","og_locale":"hr_HR","og_type":"article","og_title":"NAVIJA\u010cKA ESSKIMO VUNENA KAPA ZA ODRASLE - Dika \u0160tik","og_description":"Hrvatski proizvod vrhunske kvalitete Zimska navija\u010dka kapa za odrasle koja je uskla\u0111ena bojama dresa hrvatske reprezentacija. Sastav je mje\u0161avina vunenog vlakna i akrila, a iznutra je postavljena trakom oko uha od poliestera koja dodatno grije uho. NAPOMENA Dres na slici slu\u017ei samo kao primjer boja i nije na prodaju.","og_url":"https:\/\/dika.hr\/shop\/proizvod\/navijacka-esskimo-vunena-kapa-za-odrasle\/","og_site_name":"Dika \u0160tik","article_publisher":"https:\/\/www.facebook.com\/dikastik.hr\/","article_modified_time":"2026-04-09T11:19:36+00:00","og_image":[{"width":1600,"height":1600,"url":"https:\/\/dika.hr\/shop\/wp-content\/uploads\/2024\/08\/IMG-20220922-WA0005.jpg","type":"image\/jpeg"}],"twitter_card":"summary_large_image","schema":{"@context":"https:\/\/schema.org","@graph":[{"@type":"WebPage","@id":"https:\/\/dika.hr\/shop\/proizvod\/navijacka-esskimo-vunena-kapa-za-odrasle\/","url":"https:\/\/dika.hr\/shop\/proizvod\/navijacka-esskimo-vunena-kapa-za-odrasle\/","name":"NAVIJA\u010cKA ESSKIMO VUNENA KAPA ZA ODRASLE - Dika \u0160tik","isPartOf":{"@id":"https:\/\/dika.hr\/shop\/#website"},"primaryImageOfPage":{"@id":"https:\/\/dika.hr\/shop\/proizvod\/navijacka-esskimo-vunena-kapa-za-odrasle\/#primaryimage"},"image":{"@id":"https:\/\/dika.hr\/shop\/proizvod\/navijacka-esskimo-vunena-kapa-za-odrasle\/#primaryimage"},"thumbnailUrl":"https:\/\/dika.hr\/shop\/wp-content\/uploads\/2024\/08\/IMG-20220922-WA0005.jpg","datePublished":"2024-08-12T07:13:18+00:00","dateModified":"2026-04-09T11:19:36+00:00","breadcrumb":{"@id":"https:\/\/dika.hr\/shop\/proizvod\/navijacka-esskimo-vunena-kapa-za-odrasle\/#breadcrumb"},"inLanguage":"hr","potentialAction":[{"@type":"ReadAction","target":["https:\/\/dika.hr\/shop\/proizvod\/navijacka-esskimo-vunena-kapa-za-odrasle\/"]}]},{"@type":"ImageObject","inLanguage":"hr","@id":"https:\/\/dika.hr\/shop\/proizvod\/navijacka-esskimo-vunena-kapa-za-odrasle\/#primaryimage","url":"https:\/\/dika.hr\/shop\/wp-content\/uploads\/2024\/08\/IMG-20220922-WA0005.jpg","contentUrl":"https:\/\/dika.hr\/shop\/wp-content\/uploads\/2024\/08\/IMG-20220922-WA0005.jpg","width":1600,"height":1600},{"@type":"BreadcrumbList","@id":"https:\/\/dika.hr\/shop\/proizvod\/navijacka-esskimo-vunena-kapa-za-odrasle\/#breadcrumb","itemListElement":[{"@type":"ListItem","position":1,"name":"Po\u010detna stranica","item":"https:\/\/dika.hr\/shop\/"},{"@type":"ListItem","position":2,"name":"Trgovina","item":"https:\/\/dika.hr\/shop\/trgovina\/"},{"@type":"ListItem","position":3,"name":"NAVIJA\u010cKA ESSKIMO VUNENA KAPA ZA ODRASLE"}]},{"@type":"WebSite","@id":"https:\/\/dika.hr\/shop\/#website","url":"https:\/\/dika.hr\/shop\/","name":"Dika \u0160tik","description":"","publisher":{"@id":"https:\/\/dika.hr\/shop\/#organization"},"potentialAction":[{"@type":"SearchAction","target":{"@type":"EntryPoint","urlTemplate":"https:\/\/dika.hr\/shop\/?s={search_term_string}"},"query-input":{"@type":"PropertyValueSpecification","valueRequired":true,"valueName":"search_term_string"}}],"inLanguage":"hr"},{"@type":"Organization","@id":"https:\/\/dika.hr\/shop\/#organization","name":"Dika \u0160tik","url":"https:\/\/dika.hr\/shop\/","logo":{"@type":"ImageObject","inLanguage":"hr","@id":"https:\/\/dika.hr\/shop\/#\/schema\/logo\/image\/","url":"https:\/\/dika.hr\/shop\/wp-content\/uploads\/2024\/09\/dika_shop_logo-2.png","contentUrl":"https:\/\/dika.hr\/shop\/wp-content\/uploads\/2024\/09\/dika_shop_logo-2.png","width":400,"height":109,"caption":"Dika \u0160tik"},"image":{"@id":"https:\/\/dika.hr\/shop\/#\/schema\/logo\/image\/"},"sameAs":["https:\/\/www.facebook.com\/dikastik.hr\/"]}]}},"_links":{"self":[{"href":"https:\/\/dika.hr\/shop\/wp-json\/wp\/v2\/product\/1537","targetHints":{"allow":["GET"]}}],"collection":[{"href":"https:\/\/dika.hr\/shop\/wp-json\/wp\/v2\/product"}],"about":[{"href":"https:\/\/dika.hr\/shop\/wp-json\/wp\/v2\/types\/product"}],"version-history":[{"count":1,"href":"https:\/\/dika.hr\/shop\/wp-json\/wp\/v2\/product\/1537\/revisions"}],"predecessor-version":[{"id":12861,"href":"https:\/\/dika.hr\/shop\/wp-json\/wp\/v2\/product\/1537\/revisions\/12861"}],"wp:featuredmedia":[{"embeddable":true,"href":"https:\/\/dika.hr\/shop\/wp-json\/wp\/v2\/media\/1562"}],"wp:attachment":[{"href":"https:\/\/dika.hr\/shop\/wp-json\/wp\/v2\/media?parent=1537"}],"wp:term":[{"taxonomy":"product_brand","embeddable":true,"href":"https:\/\/dika.hr\/shop\/wp-json\/wp\/v2\/product_brand?post=1537"},{"taxonomy":"product_cat","embeddable":true,"href":"https:\/\/dika.hr\/shop\/wp-json\/wp\/v2\/product_cat?post=1537"},{"taxonomy":"product_tag","embeddable":true,"href":"https:\/\/dika.hr\/shop\/wp-json\/wp\/v2\/product_tag?post=1537"}],"curies":[{"name":"wp","href":"https:\/\/api.w.org\/{rel}","templated":true}]}}