{"id":3220,"date":"2024-11-11T12:30:40","date_gmt":"2024-11-11T11:30:40","guid":{"rendered":"https:\/\/dika.hr\/shop\/?post_type=product&#038;p=3220"},"modified":"2026-04-09T13:01:33","modified_gmt":"2026-04-09T11:01:33","slug":"trendy-zipper410","status":"publish","type":"product","link":"https:\/\/dika.hr\/shop\/proizvod\/trendy-zipper410\/","title":{"rendered":"Trendy Zipper410"},"content":{"rendered":"<div class=\"Description__description-sizes\">S-3XL<\/div>\n<ul>\n<li>Felpa, \u010de\u0161ljana unutra\u0161nja strana<\/li>\n<li>65 % pamuk, 35 % poliester (boja 12 \u2013 sastav mo\u017ee varirati- 85 % pamuk, 15 % viskoza)<\/li>\n<\/ul>\n<div class=\"Description__description-list\">\n<ul>\n<li>ravan kroj s bo\u010dnim \u0161avovima<\/li>\n<li>plasti\u010dni patentni zatvara\u010d pune duljine<\/li>\n<li>kapulja\u010da s podstavom i vezicom za stezanje<\/li>\n<li>unutarnji dio ovratnika za\u0161ti\u0107en kontrastnom trakom<\/li>\n<li>vanjski d\u017eepovi u stilu klokana<\/li>\n<li>donji rub i man\u0161ete od rebrastog pletiva 2:2 s 5 % elastana<\/li>\n<li>\u010dupavljena unutarnja strana<\/li>\n<\/ul>\n<\/div>\n<div class=\"Description__description-list\">\n<ul>\n<li><strong>Etiketa:<\/strong>\u00a0utkana<\/li>\n<li><strong>Vrsta aplikacije:<\/strong>\u00a0vez, sitotisak, digitalni prijenos, litho transfer, transfer sitoskom, zamjena naljepnica<\/li>\n<li><strong>Najmanja narud\u017eba:<\/strong>\u00a01 komad<\/li>\n<li><strong>Komad u vre\u0107ici:<\/strong>\u00a01 komad<\/li>\n<\/ul>\n<\/div>\n","protected":false},"excerpt":{"rendered":"<p>Gornji dio trenirke mu\u0161ki<\/p>\n","protected":false},"featured_media":3221,"template":"","meta":{"_acf_changed":false,"inline_featured_image":false},"product_brand":[],"product_cat":[36,289,284,285,288],"product_tag":[],"class_list":{"0":"post-3220","1":"product","2":"type-product","3":"status-publish","4":"has-post-thumbnail","6":"product_cat-promo-asortiman","7":"product_cat-promo-hudice","8":"product_cat-promo-jakne","9":"product_cat-promo-majice","10":"product_cat-promo-majica-dugi-rukav","12":"first","13":"instock","14":"taxable","15":"shipping-taxable","16":"purchasable","17":"product-type-variable"},"acf":[],"yoast_head":"<!-- This site is optimized with the Yoast SEO plugin v27.3 - https:\/\/yoast.com\/product\/yoast-seo-wordpress\/ -->\n<title>Trendy Zipper410 - Dika \u0160tik<\/title>\n<meta name=\"robots\" content=\"index, follow, max-snippet:-1, max-image-preview:large, max-video-preview:-1\" \/>\n<link rel=\"canonical\" href=\"https:\/\/dika.hr\/shop\/proizvod\/trendy-zipper410\/\" \/>\n<meta property=\"og:locale\" content=\"hr_HR\" \/>\n<meta property=\"og:type\" content=\"article\" \/>\n<meta property=\"og:title\" content=\"Trendy Zipper410 - Dika \u0160tik\" \/>\n<meta property=\"og:description\" content=\"Gornji dio trenirke mu\u0161ki\" \/>\n<meta property=\"og:url\" content=\"https:\/\/dika.hr\/shop\/proizvod\/trendy-zipper410\/\" \/>\n<meta property=\"og:site_name\" content=\"Dika \u0160tik\" \/>\n<meta property=\"article:publisher\" content=\"https:\/\/www.facebook.com\/dikastik.hr\/\" \/>\n<meta property=\"article:modified_time\" content=\"2026-04-09T11:01:33+00:00\" \/>\n<meta property=\"og:image\" content=\"https:\/\/dika.hr\/shop\/wp-content\/uploads\/2024\/11\/410_00_cw400.webp\" \/>\n\t<meta property=\"og:image:width\" content=\"400\" \/>\n\t<meta property=\"og:image:height\" content=\"453\" \/>\n\t<meta property=\"og:image:type\" content=\"image\/webp\" \/>\n<meta name=\"twitter:card\" content=\"summary_large_image\" \/>\n<script type=\"application\/ld+json\" class=\"yoast-schema-graph\">{\"@context\":\"https:\\\/\\\/schema.org\",\"@graph\":[{\"@type\":\"WebPage\",\"@id\":\"https:\\\/\\\/dika.hr\\\/shop\\\/proizvod\\\/trendy-zipper410\\\/\",\"url\":\"https:\\\/\\\/dika.hr\\\/shop\\\/proizvod\\\/trendy-zipper410\\\/\",\"name\":\"Trendy Zipper410 - Dika \u0160tik\",\"isPartOf\":{\"@id\":\"https:\\\/\\\/dika.hr\\\/shop\\\/#website\"},\"primaryImageOfPage\":{\"@id\":\"https:\\\/\\\/dika.hr\\\/shop\\\/proizvod\\\/trendy-zipper410\\\/#primaryimage\"},\"image\":{\"@id\":\"https:\\\/\\\/dika.hr\\\/shop\\\/proizvod\\\/trendy-zipper410\\\/#primaryimage\"},\"thumbnailUrl\":\"https:\\\/\\\/dika.hr\\\/shop\\\/wp-content\\\/uploads\\\/2024\\\/11\\\/410_00_cw400.webp\",\"datePublished\":\"2024-11-11T11:30:40+00:00\",\"dateModified\":\"2026-04-09T11:01:33+00:00\",\"breadcrumb\":{\"@id\":\"https:\\\/\\\/dika.hr\\\/shop\\\/proizvod\\\/trendy-zipper410\\\/#breadcrumb\"},\"inLanguage\":\"hr\",\"potentialAction\":[{\"@type\":\"ReadAction\",\"target\":[\"https:\\\/\\\/dika.hr\\\/shop\\\/proizvod\\\/trendy-zipper410\\\/\"]}]},{\"@type\":\"ImageObject\",\"inLanguage\":\"hr\",\"@id\":\"https:\\\/\\\/dika.hr\\\/shop\\\/proizvod\\\/trendy-zipper410\\\/#primaryimage\",\"url\":\"https:\\\/\\\/dika.hr\\\/shop\\\/wp-content\\\/uploads\\\/2024\\\/11\\\/410_00_cw400.webp\",\"contentUrl\":\"https:\\\/\\\/dika.hr\\\/shop\\\/wp-content\\\/uploads\\\/2024\\\/11\\\/410_00_cw400.webp\",\"width\":400,\"height\":453},{\"@type\":\"BreadcrumbList\",\"@id\":\"https:\\\/\\\/dika.hr\\\/shop\\\/proizvod\\\/trendy-zipper410\\\/#breadcrumb\",\"itemListElement\":[{\"@type\":\"ListItem\",\"position\":1,\"name\":\"Po\u010detna stranica\",\"item\":\"https:\\\/\\\/dika.hr\\\/shop\\\/\"},{\"@type\":\"ListItem\",\"position\":2,\"name\":\"Trgovina\",\"item\":\"https:\\\/\\\/dika.hr\\\/shop\\\/trgovina\\\/\"},{\"@type\":\"ListItem\",\"position\":3,\"name\":\"Trendy Zipper410\"}]},{\"@type\":\"WebSite\",\"@id\":\"https:\\\/\\\/dika.hr\\\/shop\\\/#website\",\"url\":\"https:\\\/\\\/dika.hr\\\/shop\\\/\",\"name\":\"Dika \u0160tik\",\"description\":\"\",\"publisher\":{\"@id\":\"https:\\\/\\\/dika.hr\\\/shop\\\/#organization\"},\"potentialAction\":[{\"@type\":\"SearchAction\",\"target\":{\"@type\":\"EntryPoint\",\"urlTemplate\":\"https:\\\/\\\/dika.hr\\\/shop\\\/?s={search_term_string}\"},\"query-input\":{\"@type\":\"PropertyValueSpecification\",\"valueRequired\":true,\"valueName\":\"search_term_string\"}}],\"inLanguage\":\"hr\"},{\"@type\":\"Organization\",\"@id\":\"https:\\\/\\\/dika.hr\\\/shop\\\/#organization\",\"name\":\"Dika \u0160tik\",\"url\":\"https:\\\/\\\/dika.hr\\\/shop\\\/\",\"logo\":{\"@type\":\"ImageObject\",\"inLanguage\":\"hr\",\"@id\":\"https:\\\/\\\/dika.hr\\\/shop\\\/#\\\/schema\\\/logo\\\/image\\\/\",\"url\":\"https:\\\/\\\/dika.hr\\\/shop\\\/wp-content\\\/uploads\\\/2024\\\/09\\\/dika_shop_logo-2.png\",\"contentUrl\":\"https:\\\/\\\/dika.hr\\\/shop\\\/wp-content\\\/uploads\\\/2024\\\/09\\\/dika_shop_logo-2.png\",\"width\":400,\"height\":109,\"caption\":\"Dika \u0160tik\"},\"image\":{\"@id\":\"https:\\\/\\\/dika.hr\\\/shop\\\/#\\\/schema\\\/logo\\\/image\\\/\"},\"sameAs\":[\"https:\\\/\\\/www.facebook.com\\\/dikastik.hr\\\/\"]}]}<\/script>\n<!-- \/ Yoast SEO plugin. -->","yoast_head_json":{"title":"Trendy Zipper410 - Dika \u0160tik","robots":{"index":"index","follow":"follow","max-snippet":"max-snippet:-1","max-image-preview":"max-image-preview:large","max-video-preview":"max-video-preview:-1"},"canonical":"https:\/\/dika.hr\/shop\/proizvod\/trendy-zipper410\/","og_locale":"hr_HR","og_type":"article","og_title":"Trendy Zipper410 - Dika \u0160tik","og_description":"Gornji dio trenirke mu\u0161ki","og_url":"https:\/\/dika.hr\/shop\/proizvod\/trendy-zipper410\/","og_site_name":"Dika \u0160tik","article_publisher":"https:\/\/www.facebook.com\/dikastik.hr\/","article_modified_time":"2026-04-09T11:01:33+00:00","og_image":[{"width":400,"height":453,"url":"https:\/\/dika.hr\/shop\/wp-content\/uploads\/2024\/11\/410_00_cw400.webp","type":"image\/webp"}],"twitter_card":"summary_large_image","schema":{"@context":"https:\/\/schema.org","@graph":[{"@type":"WebPage","@id":"https:\/\/dika.hr\/shop\/proizvod\/trendy-zipper410\/","url":"https:\/\/dika.hr\/shop\/proizvod\/trendy-zipper410\/","name":"Trendy Zipper410 - Dika \u0160tik","isPartOf":{"@id":"https:\/\/dika.hr\/shop\/#website"},"primaryImageOfPage":{"@id":"https:\/\/dika.hr\/shop\/proizvod\/trendy-zipper410\/#primaryimage"},"image":{"@id":"https:\/\/dika.hr\/shop\/proizvod\/trendy-zipper410\/#primaryimage"},"thumbnailUrl":"https:\/\/dika.hr\/shop\/wp-content\/uploads\/2024\/11\/410_00_cw400.webp","datePublished":"2024-11-11T11:30:40+00:00","dateModified":"2026-04-09T11:01:33+00:00","breadcrumb":{"@id":"https:\/\/dika.hr\/shop\/proizvod\/trendy-zipper410\/#breadcrumb"},"inLanguage":"hr","potentialAction":[{"@type":"ReadAction","target":["https:\/\/dika.hr\/shop\/proizvod\/trendy-zipper410\/"]}]},{"@type":"ImageObject","inLanguage":"hr","@id":"https:\/\/dika.hr\/shop\/proizvod\/trendy-zipper410\/#primaryimage","url":"https:\/\/dika.hr\/shop\/wp-content\/uploads\/2024\/11\/410_00_cw400.webp","contentUrl":"https:\/\/dika.hr\/shop\/wp-content\/uploads\/2024\/11\/410_00_cw400.webp","width":400,"height":453},{"@type":"BreadcrumbList","@id":"https:\/\/dika.hr\/shop\/proizvod\/trendy-zipper410\/#breadcrumb","itemListElement":[{"@type":"ListItem","position":1,"name":"Po\u010detna stranica","item":"https:\/\/dika.hr\/shop\/"},{"@type":"ListItem","position":2,"name":"Trgovina","item":"https:\/\/dika.hr\/shop\/trgovina\/"},{"@type":"ListItem","position":3,"name":"Trendy Zipper410"}]},{"@type":"WebSite","@id":"https:\/\/dika.hr\/shop\/#website","url":"https:\/\/dika.hr\/shop\/","name":"Dika \u0160tik","description":"","publisher":{"@id":"https:\/\/dika.hr\/shop\/#organization"},"potentialAction":[{"@type":"SearchAction","target":{"@type":"EntryPoint","urlTemplate":"https:\/\/dika.hr\/shop\/?s={search_term_string}"},"query-input":{"@type":"PropertyValueSpecification","valueRequired":true,"valueName":"search_term_string"}}],"inLanguage":"hr"},{"@type":"Organization","@id":"https:\/\/dika.hr\/shop\/#organization","name":"Dika \u0160tik","url":"https:\/\/dika.hr\/shop\/","logo":{"@type":"ImageObject","inLanguage":"hr","@id":"https:\/\/dika.hr\/shop\/#\/schema\/logo\/image\/","url":"https:\/\/dika.hr\/shop\/wp-content\/uploads\/2024\/09\/dika_shop_logo-2.png","contentUrl":"https:\/\/dika.hr\/shop\/wp-content\/uploads\/2024\/09\/dika_shop_logo-2.png","width":400,"height":109,"caption":"Dika \u0160tik"},"image":{"@id":"https:\/\/dika.hr\/shop\/#\/schema\/logo\/image\/"},"sameAs":["https:\/\/www.facebook.com\/dikastik.hr\/"]}]}},"_links":{"self":[{"href":"https:\/\/dika.hr\/shop\/wp-json\/wp\/v2\/product\/3220","targetHints":{"allow":["GET"]}}],"collection":[{"href":"https:\/\/dika.hr\/shop\/wp-json\/wp\/v2\/product"}],"about":[{"href":"https:\/\/dika.hr\/shop\/wp-json\/wp\/v2\/types\/product"}],"version-history":[{"count":1,"href":"https:\/\/dika.hr\/shop\/wp-json\/wp\/v2\/product\/3220\/revisions"}],"predecessor-version":[{"id":12844,"href":"https:\/\/dika.hr\/shop\/wp-json\/wp\/v2\/product\/3220\/revisions\/12844"}],"wp:featuredmedia":[{"embeddable":true,"href":"https:\/\/dika.hr\/shop\/wp-json\/wp\/v2\/media\/3221"}],"wp:attachment":[{"href":"https:\/\/dika.hr\/shop\/wp-json\/wp\/v2\/media?parent=3220"}],"wp:term":[{"taxonomy":"product_brand","embeddable":true,"href":"https:\/\/dika.hr\/shop\/wp-json\/wp\/v2\/product_brand?post=3220"},{"taxonomy":"product_cat","embeddable":true,"href":"https:\/\/dika.hr\/shop\/wp-json\/wp\/v2\/product_cat?post=3220"},{"taxonomy":"product_tag","embeddable":true,"href":"https:\/\/dika.hr\/shop\/wp-json\/wp\/v2\/product_tag?post=3220"}],"curies":[{"name":"wp","href":"https:\/\/api.w.org\/{rel}","templated":true}]}}