{"id":6068,"date":"2025-01-27T11:53:29","date_gmt":"2025-01-27T10:53:29","guid":{"rendered":"https:\/\/dika.hr\/shop\/?post_type=product&#038;p=6068"},"modified":"2026-04-09T11:36:13","modified_gmt":"2026-04-09T09:36:13","slug":"ribolovni-set-r2-sudac-t-shirt-polo-maja-kapa","status":"publish","type":"product","link":"https:\/\/dika.hr\/shop\/proizvod\/ribolovni-set-r2-sudac-t-shirt-polo-maja-kapa\/","title":{"rendered":"ribolovni SET r2 Sudac &#8211; T-SHIRT, POLO MAJA, KAPA"},"content":{"rendered":"<div class=\"product-parameters-box left\">\n<div class=\"product-parameters-box left\">\n<div class=\"product-parameters-box left\"><\/div>\n<div class=\"product-parameters-box left\">\n<div class=\"product-parameters-box left\">\n<div class=\"product-parameters-box left\"><\/div>\n<div class=\"product-parameters-box left\">\n<div class=\"product-parameters-box left\">\n<p>Kapa unisex<\/p>\n<div class=\"product-parameters-box left\">\n<ul>\n<li>Bru\u0161eni keper, 100 % pamuk<\/li>\n<\/ul>\n<ul>\n<li>kapa sa \u0161est ploha od kvalitetnog bru\u0161enog pamuka<\/li>\n<li>atraktivan dar<\/li>\n<li>veli\u010dina podesiva pomo\u0107u kop\u010de od metala<\/li>\n<li>otvori za prozra\u010divanje dekorirani \u0161avovima<\/li>\n<\/ul>\n<p class=\"subtitle ng-binding\">Majica kratkih rukava mu\u0161ka obi\u010dna<\/p>\n<div class=\"product-parameters-box left\">\n<ul>\n<li>160 g\/m 2 , jednostrana &#8211; 100 % pamuk (sastav mo\u017ee varirati &#8211; boja 03 &#8211; 97 % pamuk, 3 % viskoza, boja 12 \u2013 85 % pamuk, 15 % viskoza), silikonska obrada<\/li>\n<\/ul>\n<ul>\n<li>cjevasti kroj<\/li>\n<li>uzak porub ovratnika od rebraste pletenine 1:1 s 5% elastana<\/li>\n<li>oja\u010dana ramena traka<\/li>\n<li>silikonska izvedba<\/li>\n<\/ul>\n<p>Polo majica mu\u0161ka<\/p>\n<ul>\n<li>Pique, 65 % pamuk, 220 g\/m2 , 35 % poliester (sastav mo\u017ee varirati: boja 03 \u2013 97 % pamuk, 3 % viskoza, boja 12 \u2013 85 % pamuk, 15 % viskoza)<\/li>\n<\/ul>\n<ul>\n<li>kvalitetna polo majica ve\u0107e te\u017eine<\/li>\n<li>ovratnik i rubovi rukava s rebrastim tkanjem i dvostrukim namre\u0161kanim rubom<\/li>\n<li>izrez s 3 gumba iste boje kao i materijal<\/li>\n<li>slobodna linija s bo\u010dnim \u0161avovima<\/li>\n<li><b>VRHUNSKI PROIZVOI S ETIKETOM MALFINI<\/b><\/li>\n<\/ul>\n<\/div>\n<\/div>\n<\/div>\n<\/div>\n<\/div>\n<\/div>\n<\/div>\n<\/div>\n","protected":false},"excerpt":{"rendered":"<p>Va\u0161 personalizirani logo ili natpis po \u017eelji napla\u0107uje se dodatno. Va\u0161e upite \u0161aljite na e-mail:\u00a0 shop@dika.hr<\/p>\n","protected":false},"featured_media":6075,"template":"","meta":{"_acf_changed":false,"inline_featured_image":false},"product_brand":[],"product_cat":[111,283],"product_tag":[221],"class_list":{"0":"post-6068","1":"product","2":"type-product","3":"status-publish","4":"has-post-thumbnail","6":"product_cat-ribicki-asortiman","7":"product_cat-ribicki-setovi","8":"product_tag-set9","10":"first","11":"instock","12":"taxable","13":"shipping-taxable","14":"purchasable","15":"product-type-variable"},"acf":[],"yoast_head":"<!-- This site is optimized with the Yoast SEO plugin v27.3 - https:\/\/yoast.com\/product\/yoast-seo-wordpress\/ -->\n<title>ribolovni SET r2 Sudac - T-SHIRT, POLO MAJA, KAPA - Dika \u0160tik<\/title>\n<meta name=\"robots\" content=\"index, follow, max-snippet:-1, max-image-preview:large, max-video-preview:-1\" \/>\n<link rel=\"canonical\" href=\"https:\/\/dika.hr\/shop\/proizvod\/ribolovni-set-r2-sudac-t-shirt-polo-maja-kapa\/\" \/>\n<meta property=\"og:locale\" content=\"hr_HR\" \/>\n<meta property=\"og:type\" content=\"article\" \/>\n<meta property=\"og:title\" content=\"ribolovni SET r2 Sudac - T-SHIRT, POLO MAJA, KAPA - Dika \u0160tik\" \/>\n<meta property=\"og:description\" content=\"Va\u0161 personalizirani logo ili natpis po \u017eelji napla\u0107uje se dodatno. Va\u0161e upite \u0161aljite na e-mail:\u00a0 shop@dika.hr\" \/>\n<meta property=\"og:url\" content=\"https:\/\/dika.hr\/shop\/proizvod\/ribolovni-set-r2-sudac-t-shirt-polo-maja-kapa\/\" \/>\n<meta property=\"og:site_name\" content=\"Dika \u0160tik\" \/>\n<meta property=\"article:publisher\" content=\"https:\/\/www.facebook.com\/dikastik.hr\/\" \/>\n<meta property=\"article:modified_time\" content=\"2026-04-09T09:36:13+00:00\" \/>\n<meta property=\"og:image\" content=\"https:\/\/dika.hr\/shop\/wp-content\/uploads\/2025\/01\/SUDAC_SET-R2.jpg\" \/>\n\t<meta property=\"og:image:width\" content=\"1080\" \/>\n\t<meta property=\"og:image:height\" content=\"1080\" \/>\n\t<meta property=\"og:image:type\" content=\"image\/jpeg\" \/>\n<meta name=\"twitter:card\" content=\"summary_large_image\" \/>\n<meta name=\"twitter:label1\" content=\"Procijenjeno vrijeme \u010ditanja\" \/>\n\t<meta name=\"twitter:data1\" content=\"1 minuta\" \/>\n<script type=\"application\/ld+json\" class=\"yoast-schema-graph\">{\"@context\":\"https:\\\/\\\/schema.org\",\"@graph\":[{\"@type\":\"WebPage\",\"@id\":\"https:\\\/\\\/dika.hr\\\/shop\\\/proizvod\\\/ribolovni-set-r2-sudac-t-shirt-polo-maja-kapa\\\/\",\"url\":\"https:\\\/\\\/dika.hr\\\/shop\\\/proizvod\\\/ribolovni-set-r2-sudac-t-shirt-polo-maja-kapa\\\/\",\"name\":\"ribolovni SET r2 Sudac - T-SHIRT, POLO MAJA, KAPA - Dika \u0160tik\",\"isPartOf\":{\"@id\":\"https:\\\/\\\/dika.hr\\\/shop\\\/#website\"},\"primaryImageOfPage\":{\"@id\":\"https:\\\/\\\/dika.hr\\\/shop\\\/proizvod\\\/ribolovni-set-r2-sudac-t-shirt-polo-maja-kapa\\\/#primaryimage\"},\"image\":{\"@id\":\"https:\\\/\\\/dika.hr\\\/shop\\\/proizvod\\\/ribolovni-set-r2-sudac-t-shirt-polo-maja-kapa\\\/#primaryimage\"},\"thumbnailUrl\":\"https:\\\/\\\/dika.hr\\\/shop\\\/wp-content\\\/uploads\\\/2025\\\/01\\\/SUDAC_SET-R2.jpg\",\"datePublished\":\"2025-01-27T10:53:29+00:00\",\"dateModified\":\"2026-04-09T09:36:13+00:00\",\"breadcrumb\":{\"@id\":\"https:\\\/\\\/dika.hr\\\/shop\\\/proizvod\\\/ribolovni-set-r2-sudac-t-shirt-polo-maja-kapa\\\/#breadcrumb\"},\"inLanguage\":\"hr\",\"potentialAction\":[{\"@type\":\"ReadAction\",\"target\":[\"https:\\\/\\\/dika.hr\\\/shop\\\/proizvod\\\/ribolovni-set-r2-sudac-t-shirt-polo-maja-kapa\\\/\"]}]},{\"@type\":\"ImageObject\",\"inLanguage\":\"hr\",\"@id\":\"https:\\\/\\\/dika.hr\\\/shop\\\/proizvod\\\/ribolovni-set-r2-sudac-t-shirt-polo-maja-kapa\\\/#primaryimage\",\"url\":\"https:\\\/\\\/dika.hr\\\/shop\\\/wp-content\\\/uploads\\\/2025\\\/01\\\/SUDAC_SET-R2.jpg\",\"contentUrl\":\"https:\\\/\\\/dika.hr\\\/shop\\\/wp-content\\\/uploads\\\/2025\\\/01\\\/SUDAC_SET-R2.jpg\",\"width\":1080,\"height\":1080},{\"@type\":\"BreadcrumbList\",\"@id\":\"https:\\\/\\\/dika.hr\\\/shop\\\/proizvod\\\/ribolovni-set-r2-sudac-t-shirt-polo-maja-kapa\\\/#breadcrumb\",\"itemListElement\":[{\"@type\":\"ListItem\",\"position\":1,\"name\":\"Po\u010detna stranica\",\"item\":\"https:\\\/\\\/dika.hr\\\/shop\\\/\"},{\"@type\":\"ListItem\",\"position\":2,\"name\":\"Trgovina\",\"item\":\"https:\\\/\\\/dika.hr\\\/shop\\\/trgovina\\\/\"},{\"@type\":\"ListItem\",\"position\":3,\"name\":\"ribolovni SET r2 Sudac &#8211; T-SHIRT, POLO MAJA, KAPA\"}]},{\"@type\":\"WebSite\",\"@id\":\"https:\\\/\\\/dika.hr\\\/shop\\\/#website\",\"url\":\"https:\\\/\\\/dika.hr\\\/shop\\\/\",\"name\":\"Dika \u0160tik\",\"description\":\"\",\"publisher\":{\"@id\":\"https:\\\/\\\/dika.hr\\\/shop\\\/#organization\"},\"potentialAction\":[{\"@type\":\"SearchAction\",\"target\":{\"@type\":\"EntryPoint\",\"urlTemplate\":\"https:\\\/\\\/dika.hr\\\/shop\\\/?s={search_term_string}\"},\"query-input\":{\"@type\":\"PropertyValueSpecification\",\"valueRequired\":true,\"valueName\":\"search_term_string\"}}],\"inLanguage\":\"hr\"},{\"@type\":\"Organization\",\"@id\":\"https:\\\/\\\/dika.hr\\\/shop\\\/#organization\",\"name\":\"Dika \u0160tik\",\"url\":\"https:\\\/\\\/dika.hr\\\/shop\\\/\",\"logo\":{\"@type\":\"ImageObject\",\"inLanguage\":\"hr\",\"@id\":\"https:\\\/\\\/dika.hr\\\/shop\\\/#\\\/schema\\\/logo\\\/image\\\/\",\"url\":\"https:\\\/\\\/dika.hr\\\/shop\\\/wp-content\\\/uploads\\\/2024\\\/09\\\/dika_shop_logo-2.png\",\"contentUrl\":\"https:\\\/\\\/dika.hr\\\/shop\\\/wp-content\\\/uploads\\\/2024\\\/09\\\/dika_shop_logo-2.png\",\"width\":400,\"height\":109,\"caption\":\"Dika \u0160tik\"},\"image\":{\"@id\":\"https:\\\/\\\/dika.hr\\\/shop\\\/#\\\/schema\\\/logo\\\/image\\\/\"},\"sameAs\":[\"https:\\\/\\\/www.facebook.com\\\/dikastik.hr\\\/\"]}]}<\/script>\n<!-- \/ Yoast SEO plugin. -->","yoast_head_json":{"title":"ribolovni SET r2 Sudac - T-SHIRT, POLO MAJA, KAPA - Dika \u0160tik","robots":{"index":"index","follow":"follow","max-snippet":"max-snippet:-1","max-image-preview":"max-image-preview:large","max-video-preview":"max-video-preview:-1"},"canonical":"https:\/\/dika.hr\/shop\/proizvod\/ribolovni-set-r2-sudac-t-shirt-polo-maja-kapa\/","og_locale":"hr_HR","og_type":"article","og_title":"ribolovni SET r2 Sudac - T-SHIRT, POLO MAJA, KAPA - Dika \u0160tik","og_description":"Va\u0161 personalizirani logo ili natpis po \u017eelji napla\u0107uje se dodatno. Va\u0161e upite \u0161aljite na e-mail:\u00a0 shop@dika.hr","og_url":"https:\/\/dika.hr\/shop\/proizvod\/ribolovni-set-r2-sudac-t-shirt-polo-maja-kapa\/","og_site_name":"Dika \u0160tik","article_publisher":"https:\/\/www.facebook.com\/dikastik.hr\/","article_modified_time":"2026-04-09T09:36:13+00:00","og_image":[{"width":1080,"height":1080,"url":"https:\/\/dika.hr\/shop\/wp-content\/uploads\/2025\/01\/SUDAC_SET-R2.jpg","type":"image\/jpeg"}],"twitter_card":"summary_large_image","twitter_misc":{"Procijenjeno vrijeme \u010ditanja":"1 minuta"},"schema":{"@context":"https:\/\/schema.org","@graph":[{"@type":"WebPage","@id":"https:\/\/dika.hr\/shop\/proizvod\/ribolovni-set-r2-sudac-t-shirt-polo-maja-kapa\/","url":"https:\/\/dika.hr\/shop\/proizvod\/ribolovni-set-r2-sudac-t-shirt-polo-maja-kapa\/","name":"ribolovni SET r2 Sudac - T-SHIRT, POLO MAJA, KAPA - Dika \u0160tik","isPartOf":{"@id":"https:\/\/dika.hr\/shop\/#website"},"primaryImageOfPage":{"@id":"https:\/\/dika.hr\/shop\/proizvod\/ribolovni-set-r2-sudac-t-shirt-polo-maja-kapa\/#primaryimage"},"image":{"@id":"https:\/\/dika.hr\/shop\/proizvod\/ribolovni-set-r2-sudac-t-shirt-polo-maja-kapa\/#primaryimage"},"thumbnailUrl":"https:\/\/dika.hr\/shop\/wp-content\/uploads\/2025\/01\/SUDAC_SET-R2.jpg","datePublished":"2025-01-27T10:53:29+00:00","dateModified":"2026-04-09T09:36:13+00:00","breadcrumb":{"@id":"https:\/\/dika.hr\/shop\/proizvod\/ribolovni-set-r2-sudac-t-shirt-polo-maja-kapa\/#breadcrumb"},"inLanguage":"hr","potentialAction":[{"@type":"ReadAction","target":["https:\/\/dika.hr\/shop\/proizvod\/ribolovni-set-r2-sudac-t-shirt-polo-maja-kapa\/"]}]},{"@type":"ImageObject","inLanguage":"hr","@id":"https:\/\/dika.hr\/shop\/proizvod\/ribolovni-set-r2-sudac-t-shirt-polo-maja-kapa\/#primaryimage","url":"https:\/\/dika.hr\/shop\/wp-content\/uploads\/2025\/01\/SUDAC_SET-R2.jpg","contentUrl":"https:\/\/dika.hr\/shop\/wp-content\/uploads\/2025\/01\/SUDAC_SET-R2.jpg","width":1080,"height":1080},{"@type":"BreadcrumbList","@id":"https:\/\/dika.hr\/shop\/proizvod\/ribolovni-set-r2-sudac-t-shirt-polo-maja-kapa\/#breadcrumb","itemListElement":[{"@type":"ListItem","position":1,"name":"Po\u010detna stranica","item":"https:\/\/dika.hr\/shop\/"},{"@type":"ListItem","position":2,"name":"Trgovina","item":"https:\/\/dika.hr\/shop\/trgovina\/"},{"@type":"ListItem","position":3,"name":"ribolovni SET r2 Sudac &#8211; T-SHIRT, POLO MAJA, KAPA"}]},{"@type":"WebSite","@id":"https:\/\/dika.hr\/shop\/#website","url":"https:\/\/dika.hr\/shop\/","name":"Dika \u0160tik","description":"","publisher":{"@id":"https:\/\/dika.hr\/shop\/#organization"},"potentialAction":[{"@type":"SearchAction","target":{"@type":"EntryPoint","urlTemplate":"https:\/\/dika.hr\/shop\/?s={search_term_string}"},"query-input":{"@type":"PropertyValueSpecification","valueRequired":true,"valueName":"search_term_string"}}],"inLanguage":"hr"},{"@type":"Organization","@id":"https:\/\/dika.hr\/shop\/#organization","name":"Dika \u0160tik","url":"https:\/\/dika.hr\/shop\/","logo":{"@type":"ImageObject","inLanguage":"hr","@id":"https:\/\/dika.hr\/shop\/#\/schema\/logo\/image\/","url":"https:\/\/dika.hr\/shop\/wp-content\/uploads\/2024\/09\/dika_shop_logo-2.png","contentUrl":"https:\/\/dika.hr\/shop\/wp-content\/uploads\/2024\/09\/dika_shop_logo-2.png","width":400,"height":109,"caption":"Dika \u0160tik"},"image":{"@id":"https:\/\/dika.hr\/shop\/#\/schema\/logo\/image\/"},"sameAs":["https:\/\/www.facebook.com\/dikastik.hr\/"]}]}},"_links":{"self":[{"href":"https:\/\/dika.hr\/shop\/wp-json\/wp\/v2\/product\/6068","targetHints":{"allow":["GET"]}}],"collection":[{"href":"https:\/\/dika.hr\/shop\/wp-json\/wp\/v2\/product"}],"about":[{"href":"https:\/\/dika.hr\/shop\/wp-json\/wp\/v2\/types\/product"}],"version-history":[{"count":2,"href":"https:\/\/dika.hr\/shop\/wp-json\/wp\/v2\/product\/6068\/revisions"}],"predecessor-version":[{"id":12822,"href":"https:\/\/dika.hr\/shop\/wp-json\/wp\/v2\/product\/6068\/revisions\/12822"}],"wp:featuredmedia":[{"embeddable":true,"href":"https:\/\/dika.hr\/shop\/wp-json\/wp\/v2\/media\/6075"}],"wp:attachment":[{"href":"https:\/\/dika.hr\/shop\/wp-json\/wp\/v2\/media?parent=6068"}],"wp:term":[{"taxonomy":"product_brand","embeddable":true,"href":"https:\/\/dika.hr\/shop\/wp-json\/wp\/v2\/product_brand?post=6068"},{"taxonomy":"product_cat","embeddable":true,"href":"https:\/\/dika.hr\/shop\/wp-json\/wp\/v2\/product_cat?post=6068"},{"taxonomy":"product_tag","embeddable":true,"href":"https:\/\/dika.hr\/shop\/wp-json\/wp\/v2\/product_tag?post=6068"}],"curies":[{"name":"wp","href":"https:\/\/api.w.org\/{rel}","templated":true}]}}