{"id":6834,"date":"2025-03-25T08:21:34","date_gmt":"2025-03-25T07:21:34","guid":{"rendered":"https:\/\/dika.hr\/shop\/?post_type=product&#038;p=6834"},"modified":"2026-04-09T13:18:05","modified_gmt":"2026-04-09T11:18:05","slug":"kapa-silt-american-style-sa-logom-sarana","status":"publish","type":"product","link":"https:\/\/dika.hr\/shop\/proizvod\/kapa-silt-american-style-sa-logom-sarana\/","title":{"rendered":"Kapa \u0161ilt AMERICAN STYLE sa logom \u0161arana"},"content":{"rendered":"<p>&#8216;<br \/>\nAMERICAN STYLE TRUCKER sa logom \u0161arana<\/p>\n<p>Kapa unisex -sa logom jelena<br \/>\nprilagodljiva<br \/>\nBru\u0161eni keper, 100 % pamuk<br \/>\nmre\u017eica, 100 % poliester<br \/>\nkroj sa pet panela<br \/>\nspojeni prednji panel<br \/>\nprozra\u010dna mre\u017eica na stra\u017enjem dijelu<br \/>\npro\u0161iveni, lagano zaobljeni vrh<br \/>\npro\u0161ivene rupe za zrak<br \/>\nznojna vrpca<br \/>\nveli\u010dina podesiva sa plasti\u010dnim pritiska\u010dima<\/p>\n","protected":false},"excerpt":{"rendered":"<p>&nbsp;<\/p>\n<p>&nbsp;<\/p>\n<div id=\"gtx-trans\">\n<div class=\"gtx-trans-icon\"><\/div>\n<\/div>\n","protected":false},"featured_media":6837,"template":"","meta":{"_acf_changed":false,"inline_featured_image":false},"product_brand":[],"product_cat":[271,281,111,268],"product_tag":[],"class_list":{"0":"post-6834","1":"product","2":"type-product","3":"status-publish","4":"has-post-thumbnail","6":"product_cat-kape-vatrogasne","7":"product_cat-ribicke-kape","8":"product_cat-ribicki-asortiman","9":"product_cat-lovacke-silt-kape","11":"first","12":"instock","13":"taxable","14":"shipping-taxable","15":"purchasable","16":"product-type-variable"},"acf":[],"yoast_head":"<!-- This site is optimized with the Yoast SEO plugin v27.3 - https:\/\/yoast.com\/product\/yoast-seo-wordpress\/ -->\n<title>Kapa \u0161ilt AMERICAN STYLE sa logom \u0161arana - Dika \u0160tik<\/title>\n<meta name=\"robots\" content=\"index, follow, max-snippet:-1, max-image-preview:large, max-video-preview:-1\" \/>\n<link rel=\"canonical\" href=\"https:\/\/dika.hr\/shop\/proizvod\/kapa-silt-american-style-sa-logom-sarana\/\" \/>\n<meta property=\"og:locale\" content=\"hr_HR\" \/>\n<meta property=\"og:type\" content=\"article\" \/>\n<meta property=\"og:title\" content=\"Kapa \u0161ilt AMERICAN STYLE sa logom \u0161arana - Dika \u0160tik\" \/>\n<meta property=\"og:description\" content=\"&nbsp;  &nbsp;\" \/>\n<meta property=\"og:url\" content=\"https:\/\/dika.hr\/shop\/proizvod\/kapa-silt-american-style-sa-logom-sarana\/\" \/>\n<meta property=\"og:site_name\" content=\"Dika \u0160tik\" \/>\n<meta property=\"article:publisher\" content=\"https:\/\/www.facebook.com\/dikastik.hr\/\" \/>\n<meta property=\"article:modified_time\" content=\"2026-04-09T11:18:05+00:00\" \/>\n<meta property=\"og:image\" content=\"https:\/\/dika.hr\/shop\/wp-content\/uploads\/2025\/03\/Kapa-311_69_c_saran-scaled.jpg\" \/>\n\t<meta property=\"og:image:width\" content=\"2257\" \/>\n\t<meta property=\"og:image:height\" content=\"2560\" \/>\n\t<meta property=\"og:image:type\" content=\"image\/jpeg\" \/>\n<meta name=\"twitter:card\" content=\"summary_large_image\" \/>\n<script type=\"application\/ld+json\" class=\"yoast-schema-graph\">{\"@context\":\"https:\\\/\\\/schema.org\",\"@graph\":[{\"@type\":\"WebPage\",\"@id\":\"https:\\\/\\\/dika.hr\\\/shop\\\/proizvod\\\/kapa-silt-american-style-sa-logom-sarana\\\/\",\"url\":\"https:\\\/\\\/dika.hr\\\/shop\\\/proizvod\\\/kapa-silt-american-style-sa-logom-sarana\\\/\",\"name\":\"Kapa \u0161ilt AMERICAN STYLE sa logom \u0161arana - Dika \u0160tik\",\"isPartOf\":{\"@id\":\"https:\\\/\\\/dika.hr\\\/shop\\\/#website\"},\"primaryImageOfPage\":{\"@id\":\"https:\\\/\\\/dika.hr\\\/shop\\\/proizvod\\\/kapa-silt-american-style-sa-logom-sarana\\\/#primaryimage\"},\"image\":{\"@id\":\"https:\\\/\\\/dika.hr\\\/shop\\\/proizvod\\\/kapa-silt-american-style-sa-logom-sarana\\\/#primaryimage\"},\"thumbnailUrl\":\"https:\\\/\\\/dika.hr\\\/shop\\\/wp-content\\\/uploads\\\/2025\\\/03\\\/Kapa-311_69_c_saran-scaled.jpg\",\"datePublished\":\"2025-03-25T07:21:34+00:00\",\"dateModified\":\"2026-04-09T11:18:05+00:00\",\"breadcrumb\":{\"@id\":\"https:\\\/\\\/dika.hr\\\/shop\\\/proizvod\\\/kapa-silt-american-style-sa-logom-sarana\\\/#breadcrumb\"},\"inLanguage\":\"hr\",\"potentialAction\":[{\"@type\":\"ReadAction\",\"target\":[\"https:\\\/\\\/dika.hr\\\/shop\\\/proizvod\\\/kapa-silt-american-style-sa-logom-sarana\\\/\"]}]},{\"@type\":\"ImageObject\",\"inLanguage\":\"hr\",\"@id\":\"https:\\\/\\\/dika.hr\\\/shop\\\/proizvod\\\/kapa-silt-american-style-sa-logom-sarana\\\/#primaryimage\",\"url\":\"https:\\\/\\\/dika.hr\\\/shop\\\/wp-content\\\/uploads\\\/2025\\\/03\\\/Kapa-311_69_c_saran-scaled.jpg\",\"contentUrl\":\"https:\\\/\\\/dika.hr\\\/shop\\\/wp-content\\\/uploads\\\/2025\\\/03\\\/Kapa-311_69_c_saran-scaled.jpg\",\"width\":2257,\"height\":2560},{\"@type\":\"BreadcrumbList\",\"@id\":\"https:\\\/\\\/dika.hr\\\/shop\\\/proizvod\\\/kapa-silt-american-style-sa-logom-sarana\\\/#breadcrumb\",\"itemListElement\":[{\"@type\":\"ListItem\",\"position\":1,\"name\":\"Po\u010detna stranica\",\"item\":\"https:\\\/\\\/dika.hr\\\/shop\\\/\"},{\"@type\":\"ListItem\",\"position\":2,\"name\":\"Trgovina\",\"item\":\"https:\\\/\\\/dika.hr\\\/shop\\\/trgovina\\\/\"},{\"@type\":\"ListItem\",\"position\":3,\"name\":\"Kapa \u0161ilt AMERICAN STYLE sa logom \u0161arana\"}]},{\"@type\":\"WebSite\",\"@id\":\"https:\\\/\\\/dika.hr\\\/shop\\\/#website\",\"url\":\"https:\\\/\\\/dika.hr\\\/shop\\\/\",\"name\":\"Dika \u0160tik\",\"description\":\"\",\"publisher\":{\"@id\":\"https:\\\/\\\/dika.hr\\\/shop\\\/#organization\"},\"potentialAction\":[{\"@type\":\"SearchAction\",\"target\":{\"@type\":\"EntryPoint\",\"urlTemplate\":\"https:\\\/\\\/dika.hr\\\/shop\\\/?s={search_term_string}\"},\"query-input\":{\"@type\":\"PropertyValueSpecification\",\"valueRequired\":true,\"valueName\":\"search_term_string\"}}],\"inLanguage\":\"hr\"},{\"@type\":\"Organization\",\"@id\":\"https:\\\/\\\/dika.hr\\\/shop\\\/#organization\",\"name\":\"Dika \u0160tik\",\"url\":\"https:\\\/\\\/dika.hr\\\/shop\\\/\",\"logo\":{\"@type\":\"ImageObject\",\"inLanguage\":\"hr\",\"@id\":\"https:\\\/\\\/dika.hr\\\/shop\\\/#\\\/schema\\\/logo\\\/image\\\/\",\"url\":\"https:\\\/\\\/dika.hr\\\/shop\\\/wp-content\\\/uploads\\\/2024\\\/09\\\/dika_shop_logo-2.png\",\"contentUrl\":\"https:\\\/\\\/dika.hr\\\/shop\\\/wp-content\\\/uploads\\\/2024\\\/09\\\/dika_shop_logo-2.png\",\"width\":400,\"height\":109,\"caption\":\"Dika \u0160tik\"},\"image\":{\"@id\":\"https:\\\/\\\/dika.hr\\\/shop\\\/#\\\/schema\\\/logo\\\/image\\\/\"},\"sameAs\":[\"https:\\\/\\\/www.facebook.com\\\/dikastik.hr\\\/\"]}]}<\/script>\n<!-- \/ Yoast SEO plugin. -->","yoast_head_json":{"title":"Kapa \u0161ilt AMERICAN STYLE sa logom \u0161arana - Dika \u0160tik","robots":{"index":"index","follow":"follow","max-snippet":"max-snippet:-1","max-image-preview":"max-image-preview:large","max-video-preview":"max-video-preview:-1"},"canonical":"https:\/\/dika.hr\/shop\/proizvod\/kapa-silt-american-style-sa-logom-sarana\/","og_locale":"hr_HR","og_type":"article","og_title":"Kapa \u0161ilt AMERICAN STYLE sa logom \u0161arana - Dika \u0160tik","og_description":"&nbsp;  &nbsp;","og_url":"https:\/\/dika.hr\/shop\/proizvod\/kapa-silt-american-style-sa-logom-sarana\/","og_site_name":"Dika \u0160tik","article_publisher":"https:\/\/www.facebook.com\/dikastik.hr\/","article_modified_time":"2026-04-09T11:18:05+00:00","og_image":[{"width":2257,"height":2560,"url":"https:\/\/dika.hr\/shop\/wp-content\/uploads\/2025\/03\/Kapa-311_69_c_saran-scaled.jpg","type":"image\/jpeg"}],"twitter_card":"summary_large_image","schema":{"@context":"https:\/\/schema.org","@graph":[{"@type":"WebPage","@id":"https:\/\/dika.hr\/shop\/proizvod\/kapa-silt-american-style-sa-logom-sarana\/","url":"https:\/\/dika.hr\/shop\/proizvod\/kapa-silt-american-style-sa-logom-sarana\/","name":"Kapa \u0161ilt AMERICAN STYLE sa logom \u0161arana - Dika \u0160tik","isPartOf":{"@id":"https:\/\/dika.hr\/shop\/#website"},"primaryImageOfPage":{"@id":"https:\/\/dika.hr\/shop\/proizvod\/kapa-silt-american-style-sa-logom-sarana\/#primaryimage"},"image":{"@id":"https:\/\/dika.hr\/shop\/proizvod\/kapa-silt-american-style-sa-logom-sarana\/#primaryimage"},"thumbnailUrl":"https:\/\/dika.hr\/shop\/wp-content\/uploads\/2025\/03\/Kapa-311_69_c_saran-scaled.jpg","datePublished":"2025-03-25T07:21:34+00:00","dateModified":"2026-04-09T11:18:05+00:00","breadcrumb":{"@id":"https:\/\/dika.hr\/shop\/proizvod\/kapa-silt-american-style-sa-logom-sarana\/#breadcrumb"},"inLanguage":"hr","potentialAction":[{"@type":"ReadAction","target":["https:\/\/dika.hr\/shop\/proizvod\/kapa-silt-american-style-sa-logom-sarana\/"]}]},{"@type":"ImageObject","inLanguage":"hr","@id":"https:\/\/dika.hr\/shop\/proizvod\/kapa-silt-american-style-sa-logom-sarana\/#primaryimage","url":"https:\/\/dika.hr\/shop\/wp-content\/uploads\/2025\/03\/Kapa-311_69_c_saran-scaled.jpg","contentUrl":"https:\/\/dika.hr\/shop\/wp-content\/uploads\/2025\/03\/Kapa-311_69_c_saran-scaled.jpg","width":2257,"height":2560},{"@type":"BreadcrumbList","@id":"https:\/\/dika.hr\/shop\/proizvod\/kapa-silt-american-style-sa-logom-sarana\/#breadcrumb","itemListElement":[{"@type":"ListItem","position":1,"name":"Po\u010detna stranica","item":"https:\/\/dika.hr\/shop\/"},{"@type":"ListItem","position":2,"name":"Trgovina","item":"https:\/\/dika.hr\/shop\/trgovina\/"},{"@type":"ListItem","position":3,"name":"Kapa \u0161ilt AMERICAN STYLE sa logom \u0161arana"}]},{"@type":"WebSite","@id":"https:\/\/dika.hr\/shop\/#website","url":"https:\/\/dika.hr\/shop\/","name":"Dika \u0160tik","description":"","publisher":{"@id":"https:\/\/dika.hr\/shop\/#organization"},"potentialAction":[{"@type":"SearchAction","target":{"@type":"EntryPoint","urlTemplate":"https:\/\/dika.hr\/shop\/?s={search_term_string}"},"query-input":{"@type":"PropertyValueSpecification","valueRequired":true,"valueName":"search_term_string"}}],"inLanguage":"hr"},{"@type":"Organization","@id":"https:\/\/dika.hr\/shop\/#organization","name":"Dika \u0160tik","url":"https:\/\/dika.hr\/shop\/","logo":{"@type":"ImageObject","inLanguage":"hr","@id":"https:\/\/dika.hr\/shop\/#\/schema\/logo\/image\/","url":"https:\/\/dika.hr\/shop\/wp-content\/uploads\/2024\/09\/dika_shop_logo-2.png","contentUrl":"https:\/\/dika.hr\/shop\/wp-content\/uploads\/2024\/09\/dika_shop_logo-2.png","width":400,"height":109,"caption":"Dika \u0160tik"},"image":{"@id":"https:\/\/dika.hr\/shop\/#\/schema\/logo\/image\/"},"sameAs":["https:\/\/www.facebook.com\/dikastik.hr\/"]}]}},"_links":{"self":[{"href":"https:\/\/dika.hr\/shop\/wp-json\/wp\/v2\/product\/6834","targetHints":{"allow":["GET"]}}],"collection":[{"href":"https:\/\/dika.hr\/shop\/wp-json\/wp\/v2\/product"}],"about":[{"href":"https:\/\/dika.hr\/shop\/wp-json\/wp\/v2\/types\/product"}],"version-history":[{"count":2,"href":"https:\/\/dika.hr\/shop\/wp-json\/wp\/v2\/product\/6834\/revisions"}],"predecessor-version":[{"id":12736,"href":"https:\/\/dika.hr\/shop\/wp-json\/wp\/v2\/product\/6834\/revisions\/12736"}],"wp:featuredmedia":[{"embeddable":true,"href":"https:\/\/dika.hr\/shop\/wp-json\/wp\/v2\/media\/6837"}],"wp:attachment":[{"href":"https:\/\/dika.hr\/shop\/wp-json\/wp\/v2\/media?parent=6834"}],"wp:term":[{"taxonomy":"product_brand","embeddable":true,"href":"https:\/\/dika.hr\/shop\/wp-json\/wp\/v2\/product_brand?post=6834"},{"taxonomy":"product_cat","embeddable":true,"href":"https:\/\/dika.hr\/shop\/wp-json\/wp\/v2\/product_cat?post=6834"},{"taxonomy":"product_tag","embeddable":true,"href":"https:\/\/dika.hr\/shop\/wp-json\/wp\/v2\/product_tag?post=6834"}],"curies":[{"name":"wp","href":"https:\/\/api.w.org\/{rel}","templated":true}]}}