{"id":853,"date":"2024-08-12T09:05:26","date_gmt":"2024-08-12T07:05:26","guid":{"rendered":"https:\/\/dika.hr\/shop\/?post_type=product&#038;p=853"},"modified":"2025-12-12T10:47:44","modified_gmt":"2025-12-12T09:47:44","slug":"oslonac-za-pusku","status":"publish","type":"product","link":"https:\/\/dika.hr\/shop\/proizvod\/oslonac-za-pusku\/","title":{"rendered":"Oslonac za pu\u0161ku"},"content":{"rendered":"<ul>\n<li style=\"list-style-type: none;\">\n<ul>\n<li>Oslonac za pu\u0161ku<\/li>\n<li>Punjen ri\u017eom<\/li>\n<li>Stabilan i lako prenosiv<\/li>\n<li>Logo mo\u017ee biti po \u017eelji (dodatno se napla\u0107uje) ili logo jelena<\/li>\n<\/ul>\n<\/li>\n<\/ul>\n","protected":false},"excerpt":{"rendered":"<p>Oslonac za pu\u0161ku Punjen ri\u017eom Stabilan i lako prenosiv Logo mo\u017ee biti po \u017eelji (dodatno se napla\u0107uje) ili logo jelena<\/p>\n","protected":false},"featured_media":870,"template":"","meta":{"_acf_changed":false,"inline_featured_image":false},"product_brand":[],"product_cat":[16],"product_tag":[],"class_list":{"0":"post-853","1":"product","2":"type-product","3":"status-publish","4":"has-post-thumbnail","6":"product_cat-lovacki-program","8":"first","9":"instock","10":"taxable","11":"shipping-taxable","12":"purchasable","13":"product-type-simple"},"acf":[],"yoast_head":"<!-- This site is optimized with the Yoast SEO plugin v27.3 - https:\/\/yoast.com\/product\/yoast-seo-wordpress\/ -->\n<title>Oslonac za pu\u0161ku - Dika \u0160tik<\/title>\n<meta name=\"robots\" content=\"index, follow, max-snippet:-1, max-image-preview:large, max-video-preview:-1\" \/>\n<link rel=\"canonical\" href=\"https:\/\/dika.hr\/shop\/proizvod\/oslonac-za-pusku\/\" \/>\n<meta property=\"og:locale\" content=\"hr_HR\" \/>\n<meta property=\"og:type\" content=\"article\" \/>\n<meta property=\"og:title\" content=\"Oslonac za pu\u0161ku - Dika \u0160tik\" \/>\n<meta property=\"og:description\" content=\"Oslonac za pu\u0161ku Punjen ri\u017eom Stabilan i lako prenosiv Logo mo\u017ee biti po \u017eelji (dodatno se napla\u0107uje) ili logo jelena\" \/>\n<meta property=\"og:url\" content=\"https:\/\/dika.hr\/shop\/proizvod\/oslonac-za-pusku\/\" \/>\n<meta property=\"og:site_name\" content=\"Dika \u0160tik\" \/>\n<meta property=\"article:publisher\" content=\"https:\/\/www.facebook.com\/dikastik.hr\/\" \/>\n<meta property=\"article:modified_time\" content=\"2025-12-12T09:47:44+00:00\" \/>\n<meta property=\"og:image\" content=\"https:\/\/dika.hr\/shop\/wp-content\/uploads\/2024\/08\/L_oslonac.jpg\" \/>\n\t<meta property=\"og:image:width\" content=\"1000\" \/>\n\t<meta property=\"og:image:height\" content=\"1000\" \/>\n\t<meta property=\"og:image:type\" content=\"image\/jpeg\" \/>\n<meta name=\"twitter:card\" content=\"summary_large_image\" \/>\n<script type=\"application\/ld+json\" class=\"yoast-schema-graph\">{\"@context\":\"https:\\\/\\\/schema.org\",\"@graph\":[{\"@type\":\"WebPage\",\"@id\":\"https:\\\/\\\/dika.hr\\\/shop\\\/proizvod\\\/oslonac-za-pusku\\\/\",\"url\":\"https:\\\/\\\/dika.hr\\\/shop\\\/proizvod\\\/oslonac-za-pusku\\\/\",\"name\":\"Oslonac za pu\u0161ku - Dika \u0160tik\",\"isPartOf\":{\"@id\":\"https:\\\/\\\/dika.hr\\\/shop\\\/#website\"},\"primaryImageOfPage\":{\"@id\":\"https:\\\/\\\/dika.hr\\\/shop\\\/proizvod\\\/oslonac-za-pusku\\\/#primaryimage\"},\"image\":{\"@id\":\"https:\\\/\\\/dika.hr\\\/shop\\\/proizvod\\\/oslonac-za-pusku\\\/#primaryimage\"},\"thumbnailUrl\":\"https:\\\/\\\/dika.hr\\\/shop\\\/wp-content\\\/uploads\\\/2024\\\/08\\\/L_oslonac.jpg\",\"datePublished\":\"2024-08-12T07:05:26+00:00\",\"dateModified\":\"2025-12-12T09:47:44+00:00\",\"breadcrumb\":{\"@id\":\"https:\\\/\\\/dika.hr\\\/shop\\\/proizvod\\\/oslonac-za-pusku\\\/#breadcrumb\"},\"inLanguage\":\"hr\",\"potentialAction\":[{\"@type\":\"ReadAction\",\"target\":[\"https:\\\/\\\/dika.hr\\\/shop\\\/proizvod\\\/oslonac-za-pusku\\\/\"]}]},{\"@type\":\"ImageObject\",\"inLanguage\":\"hr\",\"@id\":\"https:\\\/\\\/dika.hr\\\/shop\\\/proizvod\\\/oslonac-za-pusku\\\/#primaryimage\",\"url\":\"https:\\\/\\\/dika.hr\\\/shop\\\/wp-content\\\/uploads\\\/2024\\\/08\\\/L_oslonac.jpg\",\"contentUrl\":\"https:\\\/\\\/dika.hr\\\/shop\\\/wp-content\\\/uploads\\\/2024\\\/08\\\/L_oslonac.jpg\",\"width\":1000,\"height\":1000},{\"@type\":\"BreadcrumbList\",\"@id\":\"https:\\\/\\\/dika.hr\\\/shop\\\/proizvod\\\/oslonac-za-pusku\\\/#breadcrumb\",\"itemListElement\":[{\"@type\":\"ListItem\",\"position\":1,\"name\":\"Po\u010detna stranica\",\"item\":\"https:\\\/\\\/dika.hr\\\/shop\\\/\"},{\"@type\":\"ListItem\",\"position\":2,\"name\":\"Trgovina\",\"item\":\"https:\\\/\\\/dika.hr\\\/shop\\\/trgovina\\\/\"},{\"@type\":\"ListItem\",\"position\":3,\"name\":\"Oslonac za pu\u0161ku\"}]},{\"@type\":\"WebSite\",\"@id\":\"https:\\\/\\\/dika.hr\\\/shop\\\/#website\",\"url\":\"https:\\\/\\\/dika.hr\\\/shop\\\/\",\"name\":\"Dika \u0160tik\",\"description\":\"\",\"publisher\":{\"@id\":\"https:\\\/\\\/dika.hr\\\/shop\\\/#organization\"},\"potentialAction\":[{\"@type\":\"SearchAction\",\"target\":{\"@type\":\"EntryPoint\",\"urlTemplate\":\"https:\\\/\\\/dika.hr\\\/shop\\\/?s={search_term_string}\"},\"query-input\":{\"@type\":\"PropertyValueSpecification\",\"valueRequired\":true,\"valueName\":\"search_term_string\"}}],\"inLanguage\":\"hr\"},{\"@type\":\"Organization\",\"@id\":\"https:\\\/\\\/dika.hr\\\/shop\\\/#organization\",\"name\":\"Dika \u0160tik\",\"url\":\"https:\\\/\\\/dika.hr\\\/shop\\\/\",\"logo\":{\"@type\":\"ImageObject\",\"inLanguage\":\"hr\",\"@id\":\"https:\\\/\\\/dika.hr\\\/shop\\\/#\\\/schema\\\/logo\\\/image\\\/\",\"url\":\"https:\\\/\\\/dika.hr\\\/shop\\\/wp-content\\\/uploads\\\/2024\\\/09\\\/dika_shop_logo-2.png\",\"contentUrl\":\"https:\\\/\\\/dika.hr\\\/shop\\\/wp-content\\\/uploads\\\/2024\\\/09\\\/dika_shop_logo-2.png\",\"width\":400,\"height\":109,\"caption\":\"Dika \u0160tik\"},\"image\":{\"@id\":\"https:\\\/\\\/dika.hr\\\/shop\\\/#\\\/schema\\\/logo\\\/image\\\/\"},\"sameAs\":[\"https:\\\/\\\/www.facebook.com\\\/dikastik.hr\\\/\"]}]}<\/script>\n<!-- \/ Yoast SEO plugin. -->","yoast_head_json":{"title":"Oslonac za pu\u0161ku - Dika \u0160tik","robots":{"index":"index","follow":"follow","max-snippet":"max-snippet:-1","max-image-preview":"max-image-preview:large","max-video-preview":"max-video-preview:-1"},"canonical":"https:\/\/dika.hr\/shop\/proizvod\/oslonac-za-pusku\/","og_locale":"hr_HR","og_type":"article","og_title":"Oslonac za pu\u0161ku - Dika \u0160tik","og_description":"Oslonac za pu\u0161ku Punjen ri\u017eom Stabilan i lako prenosiv Logo mo\u017ee biti po \u017eelji (dodatno se napla\u0107uje) ili logo jelena","og_url":"https:\/\/dika.hr\/shop\/proizvod\/oslonac-za-pusku\/","og_site_name":"Dika \u0160tik","article_publisher":"https:\/\/www.facebook.com\/dikastik.hr\/","article_modified_time":"2025-12-12T09:47:44+00:00","og_image":[{"width":1000,"height":1000,"url":"https:\/\/dika.hr\/shop\/wp-content\/uploads\/2024\/08\/L_oslonac.jpg","type":"image\/jpeg"}],"twitter_card":"summary_large_image","schema":{"@context":"https:\/\/schema.org","@graph":[{"@type":"WebPage","@id":"https:\/\/dika.hr\/shop\/proizvod\/oslonac-za-pusku\/","url":"https:\/\/dika.hr\/shop\/proizvod\/oslonac-za-pusku\/","name":"Oslonac za pu\u0161ku - Dika \u0160tik","isPartOf":{"@id":"https:\/\/dika.hr\/shop\/#website"},"primaryImageOfPage":{"@id":"https:\/\/dika.hr\/shop\/proizvod\/oslonac-za-pusku\/#primaryimage"},"image":{"@id":"https:\/\/dika.hr\/shop\/proizvod\/oslonac-za-pusku\/#primaryimage"},"thumbnailUrl":"https:\/\/dika.hr\/shop\/wp-content\/uploads\/2024\/08\/L_oslonac.jpg","datePublished":"2024-08-12T07:05:26+00:00","dateModified":"2025-12-12T09:47:44+00:00","breadcrumb":{"@id":"https:\/\/dika.hr\/shop\/proizvod\/oslonac-za-pusku\/#breadcrumb"},"inLanguage":"hr","potentialAction":[{"@type":"ReadAction","target":["https:\/\/dika.hr\/shop\/proizvod\/oslonac-za-pusku\/"]}]},{"@type":"ImageObject","inLanguage":"hr","@id":"https:\/\/dika.hr\/shop\/proizvod\/oslonac-za-pusku\/#primaryimage","url":"https:\/\/dika.hr\/shop\/wp-content\/uploads\/2024\/08\/L_oslonac.jpg","contentUrl":"https:\/\/dika.hr\/shop\/wp-content\/uploads\/2024\/08\/L_oslonac.jpg","width":1000,"height":1000},{"@type":"BreadcrumbList","@id":"https:\/\/dika.hr\/shop\/proizvod\/oslonac-za-pusku\/#breadcrumb","itemListElement":[{"@type":"ListItem","position":1,"name":"Po\u010detna stranica","item":"https:\/\/dika.hr\/shop\/"},{"@type":"ListItem","position":2,"name":"Trgovina","item":"https:\/\/dika.hr\/shop\/trgovina\/"},{"@type":"ListItem","position":3,"name":"Oslonac za pu\u0161ku"}]},{"@type":"WebSite","@id":"https:\/\/dika.hr\/shop\/#website","url":"https:\/\/dika.hr\/shop\/","name":"Dika \u0160tik","description":"","publisher":{"@id":"https:\/\/dika.hr\/shop\/#organization"},"potentialAction":[{"@type":"SearchAction","target":{"@type":"EntryPoint","urlTemplate":"https:\/\/dika.hr\/shop\/?s={search_term_string}"},"query-input":{"@type":"PropertyValueSpecification","valueRequired":true,"valueName":"search_term_string"}}],"inLanguage":"hr"},{"@type":"Organization","@id":"https:\/\/dika.hr\/shop\/#organization","name":"Dika \u0160tik","url":"https:\/\/dika.hr\/shop\/","logo":{"@type":"ImageObject","inLanguage":"hr","@id":"https:\/\/dika.hr\/shop\/#\/schema\/logo\/image\/","url":"https:\/\/dika.hr\/shop\/wp-content\/uploads\/2024\/09\/dika_shop_logo-2.png","contentUrl":"https:\/\/dika.hr\/shop\/wp-content\/uploads\/2024\/09\/dika_shop_logo-2.png","width":400,"height":109,"caption":"Dika \u0160tik"},"image":{"@id":"https:\/\/dika.hr\/shop\/#\/schema\/logo\/image\/"},"sameAs":["https:\/\/www.facebook.com\/dikastik.hr\/"]}]}},"_links":{"self":[{"href":"https:\/\/dika.hr\/shop\/wp-json\/wp\/v2\/product\/853","targetHints":{"allow":["GET"]}}],"collection":[{"href":"https:\/\/dika.hr\/shop\/wp-json\/wp\/v2\/product"}],"about":[{"href":"https:\/\/dika.hr\/shop\/wp-json\/wp\/v2\/types\/product"}],"version-history":[{"count":0,"href":"https:\/\/dika.hr\/shop\/wp-json\/wp\/v2\/product\/853\/revisions"}],"wp:featuredmedia":[{"embeddable":true,"href":"https:\/\/dika.hr\/shop\/wp-json\/wp\/v2\/media\/870"}],"wp:attachment":[{"href":"https:\/\/dika.hr\/shop\/wp-json\/wp\/v2\/media?parent=853"}],"wp:term":[{"taxonomy":"product_brand","embeddable":true,"href":"https:\/\/dika.hr\/shop\/wp-json\/wp\/v2\/product_brand?post=853"},{"taxonomy":"product_cat","embeddable":true,"href":"https:\/\/dika.hr\/shop\/wp-json\/wp\/v2\/product_cat?post=853"},{"taxonomy":"product_tag","embeddable":true,"href":"https:\/\/dika.hr\/shop\/wp-json\/wp\/v2\/product_tag?post=853"}],"curies":[{"name":"wp","href":"https:\/\/api.w.org\/{rel}","templated":true}]}}